{"id":13609,"date":"2015-12-29T12:30:56","date_gmt":"2025-06-30T13:06:08","guid":{"rendered":"https:\/\/www.vewitechniek.nl\/product\/dab-easy-box-v240-50-60hz-schuko\/"},"modified":"2025-06-30T14:06:10","modified_gmt":"2025-06-30T13:06:10","slug":"dab-easy-box-v240-50-60hz-schuko","status":"publish","type":"product","link":"https:\/\/www.vewitechniek.nl\/de\/produkt\/dab-easy-box-v240-50-60hz-schuko\/","title":{"rendered":"DAB Easy box V240 50\/60Hz Schuko"},"content":{"rendered":"<div class=\"fusion-fullwidth fullwidth-box fusion-builder-row-1 fusion-flex-container nonhundred-percent-fullwidth non-hundred-percent-height-scrolling\" style=\"--awb-border-radius-top-left:0px;--awb-border-radius-top-right:0px;--awb-border-radius-bottom-right:0px;--awb-border-radius-bottom-left:0px;--awb-flex-wrap:wrap;\" ><div class=\"fusion-builder-row fusion-row fusion-flex-align-items-flex-start fusion-flex-content-wrap\" style=\"max-width:1331.2px;margin-left: calc(-4% \/ 2 );margin-right: calc(-4% \/ 2 );\"><div class=\"fusion-layout-column fusion_builder_column fusion-builder-column-0 fusion_builder_column_1_1 1_1 fusion-flex-column\" style=\"--awb-bg-size:cover;--awb-width-large:100%;--awb-margin-top-large:0px;--awb-spacing-right-large:1.92%;--awb-margin-bottom-large:0px;--awb-spacing-left-large:1.92%;--awb-width-medium:100%;--awb-spacing-right-medium:1.92%;--awb-spacing-left-medium:1.92%;--awb-width-small:100%;--awb-spacing-right-small:1.92%;--awb-spacing-left-small:1.92%;\"><div class=\"fusion-column-wrapper fusion-flex-justify-content-flex-start fusion-content-layout-column\"><div class=\"fusion-text fusion-text-1\"><p>Die DAB Easy Box Druckerh\u00f6hungsanlage ist die L\u00f6sung, wenn es um niedrigen Druck oder stark schwankenden Druck in Ihrem Wasserversorgungssystem geht. Es handelt sich um ein komplettes System bestehend aus Pumpe, wassergek\u00fchltem Elektromotor mit Frequenzregelung, Vordrucksicherung und Druckbeh\u00e4lter in einem schalld\u00e4mpfenden Geh\u00e4use. Die Frequenzregelung hat den gro\u00dfen Vorteil, dass der Druck extrem stabil ist.<br \/>\n<strong>Energieeffizient &amp; extrem leise<\/strong><br \/>\nEin weiterer Vorteil ist der geringe Stromverbrauch und der leise Betrieb. Die Pumpe wird je nach Bedarf hoch- und heruntergefahren, so dass der eingestellte Druck jederzeit aufrechterhalten wird. Die Installation ist einfach, da der Druckerh\u00f6hungsautomat als steckerfertiges Komplettsystem geliefert wird. Aufgrund seiner Konstruktion kann das Hydrophorger\u00e4t sowohl im Hoch- als auch im Querformat installiert werden und nimmt dabei nur sehr wenig Platz ein.<br \/>\n<strong>Plug &amp; play<\/strong><br \/>\nDer wassergek\u00fchlte Motor sorgt in Verbindung mit dem schalld\u00e4mpfenden Geh\u00e4use f\u00fcr ein besonders ger\u00e4uscharmes System. Sie als Endverbraucher\/Installateur m\u00fcssen lediglich Ihre Zu- und Ablaufleitung anschlie\u00dfen. Nach dem Einstecken des Netzsteckers ist das System einsatzbereit. Der Betriebsdruck kann jederzeit einfach nach oben oder unten angepasst werden.<br \/>\n<strong>Kommunikation<\/strong><br \/>\nAls zus\u00e4tzliche Option zur e.sybox Version gibt es einen Bluetooth Kommunikationsanschluss. Dieser erm\u00f6glicht die Kommunikation mit mehreren E.sybox Druckverst\u00e4rkern und\/oder dem E.sylink. Der E.sylink ist ein Kommunikationsmodul mit einer Reihe von Ein- und Ausg\u00e4ngen, das es erm\u00f6glicht, die E.sybox durch Signale von z.B. Druckschaltern und\/oder Schwimmern zu steuern und jede Fehlfunktion an ein Management- oder Alarmsystem zu melden.<br \/>\n<strong>Zwei Versionen<\/strong><br \/>\nDie e.sybox ist in einer Version f\u00fcr die Installation zwischen den Wasserleitungen und f\u00fcr den Betrieb an einer nat\u00fcrlichen Quelle erh\u00e4ltlich. Beim Einsatz zwischen den Wasserleitungen muss die Pumpe mit einer Unterdrucksicherung ausgestattet sein. Dies ist auf die Sicherheitsanforderungen zur\u00fcckzuf\u00fchren, die der VEWIN zum Schutz der Qualit\u00e4t unseres Trinkwassers festgelegt hat.  <\/p>\n<p>Die E.sybox ist das vollst\u00e4ndigste und benutzerfreundlichste System auf dem Markt der elektronisch gesteuerten Pumpensysteme.<\/p>\n<p>Hier herunterladen:<br \/>\n&#8211; <a href=\"http:\/\/vewitechniek.nl\/wp-content\/uploads\/2016\/01\/E.-Sybox-installatie.pdf\" target=\"_blank\" rel=\"noopener noreferrer\">E. Sybox Installation<\/a><br \/>\n&#8211; <a href=\"http:\/\/vewitechniek.nl\/wp-content\/uploads\/2018\/07\/e_sybox_mini_brochure_2.pdf\" target=\"_blank\" rel=\"noopener\">E. Sybox Brosch\u00fcre<\/a><\/p>\n<hr>\n<p><strong>\u00c4hnliche Produkte:<\/strong><\/p>\n<\/div><\/div><\/div><\/div><\/div>\n","protected":false},"excerpt":{"rendered":"","protected":false},"featured_media":5365,"comment_status":"closed","ping_status":"closed","template":"","meta":[],"product_brand":[],"product_cat":[341],"product_tag":[733,735,751,887,626,638,682],"class_list":{"0":"post-13609","1":"product","2":"type-product","3":"status-publish","4":"has-post-thumbnail","6":"product_cat-dab-de","7":"product_tag-break-tank-de","8":"product_tag-puffertank","9":"product_tag-druckregler","10":"product_tag-speicher","11":"product_tag-dab-de","12":"product_tag-easybox-de","13":"product_tag-edelstahltank-de","15":"first","16":"instock","17":"taxable","18":"shipping-taxable","19":"purchasable","20":"product-type-variable"},"_links":{"self":[{"href":"https:\/\/www.vewitechniek.nl\/de\/wp-json\/wp\/v2\/product\/13609","targetHints":{"allow":["GET"]}}],"collection":[{"href":"https:\/\/www.vewitechniek.nl\/de\/wp-json\/wp\/v2\/product"}],"about":[{"href":"https:\/\/www.vewitechniek.nl\/de\/wp-json\/wp\/v2\/types\/product"}],"replies":[{"embeddable":true,"href":"https:\/\/www.vewitechniek.nl\/de\/wp-json\/wp\/v2\/comments?post=13609"}],"wp:featuredmedia":[{"embeddable":true,"href":"https:\/\/www.vewitechniek.nl\/de\/wp-json\/wp\/v2\/media\/5365"}],"wp:attachment":[{"href":"https:\/\/www.vewitechniek.nl\/de\/wp-json\/wp\/v2\/media?parent=13609"}],"wp:term":[{"taxonomy":"product_brand","embeddable":true,"href":"https:\/\/www.vewitechniek.nl\/de\/wp-json\/wp\/v2\/product_brand?post=13609"},{"taxonomy":"product_cat","embeddable":true,"href":"https:\/\/www.vewitechniek.nl\/de\/wp-json\/wp\/v2\/product_cat?post=13609"},{"taxonomy":"product_tag","embeddable":true,"href":"https:\/\/www.vewitechniek.nl\/de\/wp-json\/wp\/v2\/product_tag?post=13609"}],"curies":[{"name":"wp","href":"https:\/\/api.w.org\/{rel}","templated":true}]}}