{"id":13624,"date":"2021-01-21T09:59:48","date_gmt":"2025-06-30T13:17:01","guid":{"rendered":"https:\/\/www.vewitechniek.nl\/product\/traenkenippel-edelstahl-optiflo-mit-beissknopf-1-2-geeignet-fuer-mastschweine-sauen-oder-kaelber\/"},"modified":"2025-06-30T14:17:33","modified_gmt":"2025-06-30T13:17:33","slug":"traenkenippel-edelstahl-optiflo-mit-beissknopf-1-2-geeignet-fuer-mastschweine-sauen-oder-kaelber","status":"publish","type":"product","link":"https:\/\/www.vewitechniek.nl\/de\/produkt\/traenkenippel-edelstahl-optiflo-mit-beissknopf-1-2-geeignet-fuer-mastschweine-sauen-oder-kaelber\/","title":{"rendered":"Tr\u00e4nkenippel Edelstahl Optiflo mit Bei\u00dfknopf 1\/2&#8243; geeignet f\u00fcr Mastschweine, Sauen oder K\u00e4lber"},"content":{"rendered":"<div class=\"fusion-fullwidth fullwidth-box fusion-builder-row-1 fusion-flex-container nonhundred-percent-fullwidth non-hundred-percent-height-scrolling\" style=\"--awb-border-radius-top-left:0px;--awb-border-radius-top-right:0px;--awb-border-radius-bottom-right:0px;--awb-border-radius-bottom-left:0px;--awb-flex-wrap:wrap;\" ><div class=\"fusion-builder-row fusion-row fusion-flex-align-items-flex-start fusion-flex-content-wrap\" style=\"max-width:1331.2px;margin-left: calc(-4% \/ 2 );margin-right: calc(-4% \/ 2 );\"><div class=\"fusion-layout-column fusion_builder_column fusion-builder-column-0 fusion_builder_column_1_1 1_1 fusion-flex-column\" style=\"--awb-bg-size:cover;--awb-width-large:100%;--awb-margin-top-large:0px;--awb-spacing-right-large:1.92%;--awb-margin-bottom-large:0px;--awb-spacing-left-large:1.92%;--awb-width-medium:100%;--awb-spacing-right-medium:1.92%;--awb-spacing-left-medium:1.92%;--awb-width-small:100%;--awb-spacing-right-small:1.92%;--awb-spacing-left-small:1.92%;\"><div class=\"fusion-column-wrapper fusion-flex-justify-content-flex-start fusion-content-layout-column\"><div class=\"fusion-text fusion-text-1\"><p>Optiflo Trinknippel mit Bei\u00dfknopf 1\/2&#8243;<\/p>\n<p>Mit s\u00e4urebest\u00e4ndigen Dichtungen. Standardm\u00e4\u00dfig mit variablem Durchgang ausgestattet. <\/p>\n<p>Die ideale Kombination besteht darin, diesen Nippel mit einem automatischen Durchflussventil von z.B. 500ml oder 1000ml\/Minute zu versehen.<\/p>\n<\/div><\/div><\/div><\/div><\/div>\n","protected":false},"excerpt":{"rendered":"","protected":false},"featured_media":5095,"comment_status":"closed","ping_status":"closed","template":"","meta":[],"product_brand":[],"product_cat":[308,318],"product_tag":[732,748,869,615,730],"class_list":{"0":"post-13624","1":"product","2":"type-product","3":"status-publish","4":"has-post-thumbnail","6":"product_cat-nippeltrinker","7":"product_cat-nippeltrinker-de","8":"product_tag-brustwarzen-beissen","9":"product_tag-trinknippel","10":"product_tag-auslaufen","11":"product_tag-aquaglobe-de","12":"product_tag-bit-ball-nippel","14":"first","15":"instock","16":"taxable","17":"shipping-taxable","18":"purchasable","19":"product-type-simple"},"_links":{"self":[{"href":"https:\/\/www.vewitechniek.nl\/de\/wp-json\/wp\/v2\/product\/13624","targetHints":{"allow":["GET"]}}],"collection":[{"href":"https:\/\/www.vewitechniek.nl\/de\/wp-json\/wp\/v2\/product"}],"about":[{"href":"https:\/\/www.vewitechniek.nl\/de\/wp-json\/wp\/v2\/types\/product"}],"replies":[{"embeddable":true,"href":"https:\/\/www.vewitechniek.nl\/de\/wp-json\/wp\/v2\/comments?post=13624"}],"wp:featuredmedia":[{"embeddable":true,"href":"https:\/\/www.vewitechniek.nl\/de\/wp-json\/wp\/v2\/media\/5095"}],"wp:attachment":[{"href":"https:\/\/www.vewitechniek.nl\/de\/wp-json\/wp\/v2\/media?parent=13624"}],"wp:term":[{"taxonomy":"product_brand","embeddable":true,"href":"https:\/\/www.vewitechniek.nl\/de\/wp-json\/wp\/v2\/product_brand?post=13624"},{"taxonomy":"product_cat","embeddable":true,"href":"https:\/\/www.vewitechniek.nl\/de\/wp-json\/wp\/v2\/product_cat?post=13624"},{"taxonomy":"product_tag","embeddable":true,"href":"https:\/\/www.vewitechniek.nl\/de\/wp-json\/wp\/v2\/product_tag?post=13624"}],"curies":[{"name":"wp","href":"https:\/\/api.w.org\/{rel}","templated":true}]}}