{"id":13626,"date":"2018-07-12T14:57:15","date_gmt":"2025-06-30T13:17:10","guid":{"rendered":"https:\/\/www.vewitechniek.nl\/product\/venke-ir-150-watt-infrarot-heizpaneel-ip66-wasserdicht\/"},"modified":"2025-06-30T14:17:17","modified_gmt":"2025-06-30T13:17:17","slug":"venke-ir-150-watt-infrarot-heizpaneel-ip66-wasserdicht","status":"publish","type":"product","link":"https:\/\/www.vewitechniek.nl\/de\/produkt\/venke-ir-150-watt-infrarot-heizpaneel-ip66-wasserdicht\/","title":{"rendered":"Venke IR 150 Watt Infrarot-Heizpaneel IP66 (wasserdicht)"},"content":{"rendered":"<div class=\"fusion-fullwidth fullwidth-box fusion-builder-row-1 fusion-flex-container nonhundred-percent-fullwidth non-hundred-percent-height-scrolling\" style=\"--awb-border-radius-top-left:0px;--awb-border-radius-top-right:0px;--awb-border-radius-bottom-right:0px;--awb-border-radius-bottom-left:0px;--awb-flex-wrap:wrap;\" ><div class=\"fusion-builder-row fusion-row fusion-flex-align-items-flex-start fusion-flex-content-wrap\" style=\"max-width:1331.2px;margin-left: calc(-4% \/ 2 );margin-right: calc(-4% \/ 2 );\"><div class=\"fusion-layout-column fusion_builder_column fusion-builder-column-0 fusion_builder_column_1_1 1_1 fusion-flex-column\" style=\"--awb-bg-size:cover;--awb-width-large:100%;--awb-margin-top-large:0px;--awb-spacing-right-large:1.92%;--awb-margin-bottom-large:0px;--awb-spacing-left-large:1.92%;--awb-width-medium:100%;--awb-spacing-right-medium:1.92%;--awb-spacing-left-medium:1.92%;--awb-width-small:100%;--awb-spacing-right-small:1.92%;--awb-spacing-left-small:1.92%;\"><div class=\"fusion-column-wrapper fusion-flex-justify-content-flex-start fusion-content-layout-column\"><div class=\"fusion-text fusion-text-1\"><p>Wasserfeste und staubfreie Infrarot-Heizplatten f\u00fcr die Tierhaltung.<\/p>\n<p>In Ferkelst\u00e4llen oder Abferkelbuchten hat dieses Heizsystem den Vorteil, dass es nur dort heizt, wo es gebraucht wird: <strong>im Liegebereich der Ferkel.<\/strong><br \/>\nOhne zus\u00e4tzliches Licht, denn Schweine sind D\u00e4mmerungstiere. Von Geburt an eine gro\u00dfe Lampe auf den Augen zu haben, ist also nicht das, was das Ferkel mag.<br \/>\nWir haben es im letzten Winter in mehreren St\u00e4llen getestet und installiert und sind von seiner positiven Wirkung \u00fcberzeugt.<br \/>\nEs wird nicht unn\u00f6tig ein ganzer Raum beheizt, was sich positiv auf das Wohlbefinden der Tiere und des Personals auswirkt.<br \/>\nAu\u00dferdem werden die Emissionen reduziert, da weniger emittierende Fl\u00e4che erhitzt wird.<br \/>\nDie Sau bleibt frischer und der Raum um die Ferkel wird nicht unn\u00f6tig aufgeheizt.<br \/>\nDas Management des Dungverhaltens kann sogar noch besser sein, weil die Tiere besser W\u00e4rme suchen und den Liegebereich nicht verschmutzen.<br \/>\nGanz zu schweigen von den Energieeinsparungen. Der Vorteil: Sie heizen nur die gew\u00fcnschten Quadratmeter und nicht die gesamte Wohnung. <\/p>\n<p>Abmessungen: 750x320x30mm<br \/>\nInkl. 6 m Kabel ohne Stecker (wegen der Wasserdichtigkeit)<br \/>\n150 Watt IP66 wasserdicht<\/p>\n<p>Produkt mit CE-Kennzeichnung<\/p>\n<p>Technische Daten: <a href=\"https:\/\/www.vewitechniek.nl\/oorduxug\/2018\/07\/Venke-Infraroodpanelen-handleiding-en-instructies-2024.pdf\">Venke Infrarotpaneele Handbuch und Anleitung 2024<\/a><\/p>\n<\/div><\/div><\/div><\/div><\/div>\n","protected":false},"excerpt":{"rendered":"<p><a href=\"https:\/\/www.vewitechniek.nl\/oorduxug\/2019\/10\/VEWI-Artikel-Pigbusiness.pdf\">VEWI Artikel Pigbusiness<\/a><\/p>\n","protected":false},"featured_media":6042,"comment_status":"closed","ping_status":"closed","template":"","meta":[],"product_brand":[],"product_cat":[1313,320],"product_tag":[768,770,785,803,809,844,845,865,871,905,1537,727],"class_list":{"0":"post-13626","1":"product","2":"type-product","3":"status-publish","4":"has-post-thumbnail","6":"product_cat-infrarot-heizung-ip66","7":"product_cat-infrarot-heizpaneele","8":"product_tag-abgesetzte-ferkel","9":"product_tag-infrarood-de","10":"product_tag-infrarood-verwarming-de","11":"product_tag-microklima","12":"product_tag-onderkruip-de","13":"product_tag-stall-der-zukunft","14":"product_tag-stall-heizung","15":"product_tag-schweine","16":"product_tag-heizung","17":"product_tag-saugferkel","18":"product_tag-ip66-de","19":"product_tag-ferkel","21":"first","22":"instock","23":"taxable","24":"shipping-taxable","25":"purchasable","26":"product-type-simple"},"_links":{"self":[{"href":"https:\/\/www.vewitechniek.nl\/de\/wp-json\/wp\/v2\/product\/13626","targetHints":{"allow":["GET"]}}],"collection":[{"href":"https:\/\/www.vewitechniek.nl\/de\/wp-json\/wp\/v2\/product"}],"about":[{"href":"https:\/\/www.vewitechniek.nl\/de\/wp-json\/wp\/v2\/types\/product"}],"replies":[{"embeddable":true,"href":"https:\/\/www.vewitechniek.nl\/de\/wp-json\/wp\/v2\/comments?post=13626"}],"wp:featuredmedia":[{"embeddable":true,"href":"https:\/\/www.vewitechniek.nl\/de\/wp-json\/wp\/v2\/media\/6042"}],"wp:attachment":[{"href":"https:\/\/www.vewitechniek.nl\/de\/wp-json\/wp\/v2\/media?parent=13626"}],"wp:term":[{"taxonomy":"product_brand","embeddable":true,"href":"https:\/\/www.vewitechniek.nl\/de\/wp-json\/wp\/v2\/product_brand?post=13626"},{"taxonomy":"product_cat","embeddable":true,"href":"https:\/\/www.vewitechniek.nl\/de\/wp-json\/wp\/v2\/product_cat?post=13626"},{"taxonomy":"product_tag","embeddable":true,"href":"https:\/\/www.vewitechniek.nl\/de\/wp-json\/wp\/v2\/product_tag?post=13626"}],"curies":[{"name":"wp","href":"https:\/\/api.w.org\/{rel}","templated":true}]}}