{"id":13643,"date":"2021-01-18T10:07:25","date_gmt":"2025-06-30T13:17:46","guid":{"rendered":"https:\/\/www.vewitechniek.nl\/product\/aquados-dosierpumpe-2\/"},"modified":"2025-08-12T09:36:41","modified_gmt":"2025-08-12T08:36:41","slug":"aquados-dosierpumpe-2","status":"publish","type":"product","link":"https:\/\/www.vewitechniek.nl\/de\/produkt\/aquados-dosierpumpe-2\/","title":{"rendered":"Aquados Dosierpumpe 2%"},"content":{"rendered":"<div class=\"fusion-fullwidth fullwidth-box fusion-builder-row-1 fusion-flex-container nonhundred-percent-fullwidth non-hundred-percent-height-scrolling\" style=\"--awb-border-radius-top-left:0px;--awb-border-radius-top-right:0px;--awb-border-radius-bottom-right:0px;--awb-border-radius-bottom-left:0px;--awb-flex-wrap:wrap;\" ><div class=\"fusion-builder-row fusion-row fusion-flex-align-items-flex-start fusion-flex-content-wrap\" style=\"max-width:1331.2px;margin-left: calc(-4% \/ 2 );margin-right: calc(-4% \/ 2 );\"><div class=\"fusion-layout-column fusion_builder_column fusion-builder-column-0 fusion_builder_column_1_1 1_1 fusion-flex-column\" style=\"--awb-bg-size:cover;--awb-width-large:100%;--awb-margin-top-large:0px;--awb-spacing-right-large:1.92%;--awb-margin-bottom-large:0px;--awb-spacing-left-large:1.92%;--awb-width-medium:100%;--awb-spacing-right-medium:1.92%;--awb-spacing-left-medium:1.92%;--awb-width-small:100%;--awb-spacing-right-small:1.92%;--awb-spacing-left-small:1.92%;\"><div class=\"fusion-column-wrapper fusion-flex-justify-content-flex-start fusion-content-layout-column\"><div class=\"fusion-text fusion-text-1\"><p>Aquados Dosierpumpe 2%.<\/p>\n<p>Diese <sup>Aquados\u00ae-Dosierpumpe<\/sup> wurde speziell f\u00fcr fl\u00fcssige Zus\u00e4tze zum Trinkwasser in der Viehzucht entwickelt; denken Sie an Medikamente, Vitamine, Mineralien, S\u00e4uren usw. Dabei handelt es sich oft um teure Zusatzstoffe, bei denen eine korrekte Dosierung sehr wichtig ist. Eine Investition in ein genaues und zuverl\u00e4ssiges Dosierger\u00e4t macht sich also durchaus bezahlt.  <\/p>\n<p><strong>Eigenschaften<\/strong><\/p>\n<ul>\n<li>Elektromagnetische Pr\u00e4zisions-Membranpumpe<\/li>\n<li>Sehr gleichm\u00e4\u00dfige Verwaltung<\/li>\n<li>Funktioniert auch bei sehr niedrigen Flussraten<\/li>\n<li>Wasserverbrauch direkt am digitalen Z\u00e4hler ablesbar (r\u00fccksetzbar)<\/li>\n<li>Zus\u00e4tzlicher Signalausgang f\u00fcr die Aufzeichnung des Wasserverbrauchs per Computer<\/li>\n<li>Hergestellt aus s\u00e4ure- und abriebfesten Materialien<\/li>\n<li>Gro\u00dfer Dosierbereich<\/li>\n<li>Alle Komponenten sind auf einer Wandhalterung aus Edelstahl montiert<\/li>\n<li>Erh\u00e4ltlich in den Versionen 1% oder 2% (maximale Dosierung)<\/li>\n<\/ul>\n<p>Optional kann die Dosierpumpe mit einer automatischen Entl\u00fcftung ausgestattet sein. Dies verhindert Dosierungsprobleme durch die Ansammlung von Gasblasen im Pumpenkopf mit Produkten wie Chlor, Wasserstoffperoxid oder anderen Produkten, die Gas bilden k\u00f6nnen. <\/p>\n<p>Handbuch: <a href=\"https:\/\/www.vewitechniek.nl\/oorduxug\/2021\/01\/handleiding_NL_doseerpomp_C31.pdf\">handleiding_NL_doseerpomp_C31<\/a><\/p>\n<\/div><\/div><\/div><\/div><\/div>\n","protected":false},"excerpt":{"rendered":"","protected":false},"featured_media":5273,"comment_status":"closed","ping_status":"closed","template":"","meta":[],"product_brand":[],"product_cat":[1309,298],"product_tag":[614],"class_list":{"0":"post-13643","1":"product","2":"type-product","3":"status-publish","4":"has-post-thumbnail","6":"product_cat-aquados-de","7":"product_cat-dosierpumpen","8":"product_tag-aquados-dostec-dosatron-doseerpomp-de","10":"first","11":"instock","12":"taxable","13":"shipping-taxable","14":"purchasable","15":"product-type-simple"},"_links":{"self":[{"href":"https:\/\/www.vewitechniek.nl\/de\/wp-json\/wp\/v2\/product\/13643","targetHints":{"allow":["GET"]}}],"collection":[{"href":"https:\/\/www.vewitechniek.nl\/de\/wp-json\/wp\/v2\/product"}],"about":[{"href":"https:\/\/www.vewitechniek.nl\/de\/wp-json\/wp\/v2\/types\/product"}],"replies":[{"embeddable":true,"href":"https:\/\/www.vewitechniek.nl\/de\/wp-json\/wp\/v2\/comments?post=13643"}],"wp:featuredmedia":[{"embeddable":true,"href":"https:\/\/www.vewitechniek.nl\/de\/wp-json\/wp\/v2\/media\/5273"}],"wp:attachment":[{"href":"https:\/\/www.vewitechniek.nl\/de\/wp-json\/wp\/v2\/media?parent=13643"}],"wp:term":[{"taxonomy":"product_brand","embeddable":true,"href":"https:\/\/www.vewitechniek.nl\/de\/wp-json\/wp\/v2\/product_brand?post=13643"},{"taxonomy":"product_cat","embeddable":true,"href":"https:\/\/www.vewitechniek.nl\/de\/wp-json\/wp\/v2\/product_cat?post=13643"},{"taxonomy":"product_tag","embeddable":true,"href":"https:\/\/www.vewitechniek.nl\/de\/wp-json\/wp\/v2\/product_tag?post=13643"}],"curies":[{"name":"wp","href":"https:\/\/api.w.org\/{rel}","templated":true}]}}