{"id":13644,"date":"2021-01-11T15:12:25","date_gmt":"2025-06-30T13:17:49","guid":{"rendered":"https:\/\/www.vewitechniek.nl\/product\/maddalena-mvm-wasserzaehler-q32-5-q34-q36-3-q316\/"},"modified":"2026-04-02T14:44:50","modified_gmt":"2026-04-02T13:44:50","slug":"maddalena-mvm-wasserzaehler-q32-5-q34-q36-3-q316","status":"publish","type":"product","link":"https:\/\/www.vewitechniek.nl\/de\/produkt\/maddalena-mvm-wasserzaehler-q32-5-q34-q36-3-q316\/","title":{"rendered":"Maddalena MVM Wasserz\u00e4hler Q3=2.5 Q3=4 Q3=6.3 Q3=16"},"content":{"rendered":"<div class=\"fusion-fullwidth fullwidth-box fusion-builder-row-1 fusion-flex-container nonhundred-percent-fullwidth non-hundred-percent-height-scrolling\" style=\"--awb-border-radius-top-left:0px;--awb-border-radius-top-right:0px;--awb-border-radius-bottom-right:0px;--awb-border-radius-bottom-left:0px;--awb-flex-wrap:wrap;\" ><div class=\"fusion-builder-row fusion-row fusion-flex-align-items-flex-start fusion-flex-content-wrap\" style=\"max-width:1331.2px;margin-left: calc(-4% \/ 2 );margin-right: calc(-4% \/ 2 );\"><div class=\"fusion-layout-column fusion_builder_column fusion-builder-column-0 fusion_builder_column_1_1 1_1 fusion-flex-column\" style=\"--awb-bg-size:cover;--awb-width-large:100%;--awb-margin-top-large:0px;--awb-spacing-right-large:1.92%;--awb-margin-bottom-large:0px;--awb-spacing-left-large:1.92%;--awb-width-medium:100%;--awb-spacing-right-medium:1.92%;--awb-spacing-left-medium:1.92%;--awb-width-small:100%;--awb-spacing-right-small:1.92%;--awb-spacing-left-small:1.92%;\"><div class=\"fusion-column-wrapper fusion-flex-justify-content-flex-start fusion-content-layout-column\"><div class=\"fusion-text fusion-text-1\"><p>Maddalena MVM Wasserz\u00e4hler<\/p>\n<p>Verf\u00fcgbar als<\/p>\n<p>Q3 = 2.5 oder Q3 = 4 oder Q3 = 6.3 oder Q3 = 10 oder Q3=16<\/p>\n<p>mit 1, 2 oder 4 Impulsen pro Liter<\/p>\n<p>Anschluss Q3= 2.5 1\/2&#8243; oder 3\/4 Au\u00dfengewinde = DN15<\/p>\n<p>Anschluss Q3= 4 3\/4&#8243; Au\u00dfengewinde = DN20<\/p>\n<p>Anschluss Q3= 6.3 1&#8243; Au\u00dfengewinde = DN25<\/p>\n<p>Anschluss Q3 = 10 1 1\/4&#8243; Au\u00dfengewinde = DN32<\/p>\n<p>Anschluss Q3=16 1,5&#8243; = DN40<\/p>\n<p>in verschiedenen L\u00e4ngen erh\u00e4ltlich siehe Auswahlmen\u00fc<\/p>\n<p>Die Wasserz\u00e4hler sind f\u00fcr den Einbau eines Impulsgebers f\u00fcr Reed-Kontakt, Induktiv, M-Bus und Lora vorbereitet, siehe die Impulsgeber auf der Website.<\/p>\n<p>Alle Produktinformationen zu den MVM Wasserz\u00e4hlern finden Sie \u00fcber den beigef\u00fcgten Link \/ pdf.  <a href=\"http:\/\/vewitechniek.nl\/wp-content\/uploads\/2021\/01\/Maddalena-Brochure-MVM-POSITIVE-DISPLACEMENT-WATER-METER-ENG.pdf\" target=\"_blank\" rel=\"noopener\">Maddalena-Brosch\u00fcre-MVM-POSITIVE-DISPLACEMENT-WATER-METER-ENG<\/a><\/p>\n<p>Wenn das Modell, das Sie suchen, nicht aufgef\u00fchrt ist, fragen Sie bitte per E-Mail an oder rufen Sie uns an oder besuchen Sie www.maddalena.nu.<\/p>\n<\/div><\/div><\/div><\/div><\/div>\n","protected":false},"excerpt":{"rendered":"","protected":false},"featured_media":5018,"comment_status":"closed","ping_status":"closed","template":"","meta":[],"product_brand":[],"product_cat":[362,370,1548],"product_tag":[644,663,670,688,713,897],"class_list":{"0":"post-13644","1":"product","2":"type-product","3":"status-publish","4":"has-post-thumbnail","6":"product_cat-maddalena-de-2","7":"product_cat-wasserzaehler","8":"product_cat-maddalena-wasserzahler","9":"product_tag-elster-de","10":"product_tag-itron-de","11":"product_tag-maddalena-de","12":"product_tag-sensus-de","13":"product_tag-zenner-de","14":"product_tag-wasserzaehler","16":"first","17":"instock","18":"taxable","19":"shipping-taxable","20":"purchasable","21":"product-type-variable"},"_links":{"self":[{"href":"https:\/\/www.vewitechniek.nl\/de\/wp-json\/wp\/v2\/product\/13644","targetHints":{"allow":["GET"]}}],"collection":[{"href":"https:\/\/www.vewitechniek.nl\/de\/wp-json\/wp\/v2\/product"}],"about":[{"href":"https:\/\/www.vewitechniek.nl\/de\/wp-json\/wp\/v2\/types\/product"}],"replies":[{"embeddable":true,"href":"https:\/\/www.vewitechniek.nl\/de\/wp-json\/wp\/v2\/comments?post=13644"}],"wp:featuredmedia":[{"embeddable":true,"href":"https:\/\/www.vewitechniek.nl\/de\/wp-json\/wp\/v2\/media\/5018"}],"wp:attachment":[{"href":"https:\/\/www.vewitechniek.nl\/de\/wp-json\/wp\/v2\/media?parent=13644"}],"wp:term":[{"taxonomy":"product_brand","embeddable":true,"href":"https:\/\/www.vewitechniek.nl\/de\/wp-json\/wp\/v2\/product_brand?post=13644"},{"taxonomy":"product_cat","embeddable":true,"href":"https:\/\/www.vewitechniek.nl\/de\/wp-json\/wp\/v2\/product_cat?post=13644"},{"taxonomy":"product_tag","embeddable":true,"href":"https:\/\/www.vewitechniek.nl\/de\/wp-json\/wp\/v2\/product_tag?post=13644"}],"curies":[{"name":"wp","href":"https:\/\/api.w.org\/{rel}","templated":true}]}}