{"id":13648,"date":"2015-12-29T12:16:00","date_gmt":"2025-06-30T13:35:40","guid":{"rendered":"https:\/\/www.vewitechniek.nl\/product\/brustwarzenschutzhalter-ferkel\/"},"modified":"2025-06-30T14:35:41","modified_gmt":"2025-06-30T13:35:41","slug":"brustwarzenschutzhalter-ferkel","status":"publish","type":"product","link":"https:\/\/www.vewitechniek.nl\/de\/produkt\/brustwarzenschutzhalter-ferkel\/","title":{"rendered":"Brustwarzenschutzhalter Ferkel"},"content":{"rendered":"<div class=\"fusion-fullwidth fullwidth-box fusion-builder-row-1 fusion-flex-container nonhundred-percent-fullwidth non-hundred-percent-height-scrolling\" style=\"--awb-border-radius-top-left:0px;--awb-border-radius-top-right:0px;--awb-border-radius-bottom-right:0px;--awb-border-radius-bottom-left:0px;--awb-flex-wrap:wrap;\" ><div class=\"fusion-builder-row fusion-row fusion-flex-align-items-flex-start fusion-flex-content-wrap\" style=\"max-width:1331.2px;margin-left: calc(-4% \/ 2 );margin-right: calc(-4% \/ 2 );\"><div class=\"fusion-layout-column fusion_builder_column fusion-builder-column-0 fusion_builder_column_1_1 1_1 fusion-flex-column\" style=\"--awb-bg-size:cover;--awb-width-large:100%;--awb-margin-top-large:0px;--awb-spacing-right-large:1.92%;--awb-margin-bottom-large:0px;--awb-spacing-left-large:1.92%;--awb-width-medium:100%;--awb-spacing-right-medium:1.92%;--awb-spacing-left-medium:1.92%;--awb-width-small:100%;--awb-spacing-right-small:1.92%;--awb-spacing-left-small:1.92%;\"><div class=\"fusion-column-wrapper fusion-flex-justify-content-flex-start fusion-content-layout-column\"><div class=\"fusion-text fusion-text-1\"><p>Undichte Stellen auf Ihrem Bauernhof verursachen eine Menge Unannehmlichkeiten. Eine der Hauptursachen f\u00fcr Leckagen ist ein gebrochener Tr\u00e4nkenippel. Vewi Techniek hat verschiedene Nippelschutzb\u00fcgel in seinem Sortiment. Diese Halterungen bieten Schutz vor St\u00f6\u00dfen und Verschlei\u00df und verl\u00e4ngern so die Lebensdauer des Nippels. Die Halterung sorgt au\u00dferdem daf\u00fcr, dass das Tier zum Trinken richtig vor dem Nippel steht.<\/p>\n<\/div><\/div><\/div><\/div><\/div>\n","protected":false},"excerpt":{"rendered":"","protected":false},"featured_media":5305,"comment_status":"closed","ping_status":"closed","template":"","meta":[],"product_brand":[],"product_cat":[308,312],"product_tag":[615,730,732,748,869],"class_list":{"0":"post-13648","1":"product","2":"type-product","3":"status-publish","4":"has-post-thumbnail","6":"product_cat-nippeltrinker","7":"product_cat-schutzbugel","8":"product_tag-aquaglobe-de","9":"product_tag-bit-ball-nippel","10":"product_tag-brustwarzen-beissen","11":"product_tag-trinknippel","12":"product_tag-auslaufen","14":"first","15":"instock","16":"taxable","17":"shipping-taxable","18":"purchasable","19":"product-type-simple"},"_links":{"self":[{"href":"https:\/\/www.vewitechniek.nl\/de\/wp-json\/wp\/v2\/product\/13648","targetHints":{"allow":["GET"]}}],"collection":[{"href":"https:\/\/www.vewitechniek.nl\/de\/wp-json\/wp\/v2\/product"}],"about":[{"href":"https:\/\/www.vewitechniek.nl\/de\/wp-json\/wp\/v2\/types\/product"}],"replies":[{"embeddable":true,"href":"https:\/\/www.vewitechniek.nl\/de\/wp-json\/wp\/v2\/comments?post=13648"}],"wp:featuredmedia":[{"embeddable":true,"href":"https:\/\/www.vewitechniek.nl\/de\/wp-json\/wp\/v2\/media\/5305"}],"wp:attachment":[{"href":"https:\/\/www.vewitechniek.nl\/de\/wp-json\/wp\/v2\/media?parent=13648"}],"wp:term":[{"taxonomy":"product_brand","embeddable":true,"href":"https:\/\/www.vewitechniek.nl\/de\/wp-json\/wp\/v2\/product_brand?post=13648"},{"taxonomy":"product_cat","embeddable":true,"href":"https:\/\/www.vewitechniek.nl\/de\/wp-json\/wp\/v2\/product_cat?post=13648"},{"taxonomy":"product_tag","embeddable":true,"href":"https:\/\/www.vewitechniek.nl\/de\/wp-json\/wp\/v2\/product_tag?post=13648"}],"curies":[{"name":"wp","href":"https:\/\/api.w.org\/{rel}","templated":true}]}}