{"id":13649,"date":"2015-12-29T12:30:01","date_gmt":"2015-12-29T11:30:01","guid":{"rendered":"https:\/\/www.vewitechniek.nl\/product\/elster-honeywell-wasserzaehler-v200p-vollkunststoff\/"},"modified":"2025-06-30T14:35:48","modified_gmt":"2025-06-30T13:35:48","slug":"elster-honeywell-wasserzaehler-v200p-vollkunststoff","status":"publish","type":"product","link":"https:\/\/www.vewitechniek.nl\/de\/produkt\/elster-honeywell-wasserzaehler-v200p-vollkunststoff\/","title":{"rendered":"Elster \/ Honeywell Wasserz\u00e4hler V200P Vollkunststoff"},"content":{"rendered":"<div class=\"fusion-fullwidth fullwidth-box fusion-builder-row-1 fusion-flex-container nonhundred-percent-fullwidth non-hundred-percent-height-scrolling\" style=\"--awb-border-radius-top-left:0px;--awb-border-radius-top-right:0px;--awb-border-radius-bottom-right:0px;--awb-border-radius-bottom-left:0px;--awb-flex-wrap:wrap;\" ><div class=\"fusion-builder-row fusion-row fusion-flex-align-items-flex-start fusion-flex-content-wrap\" style=\"max-width:1331.2px;margin-left: calc(-4% \/ 2 );margin-right: calc(-4% \/ 2 );\"><div class=\"fusion-layout-column fusion_builder_column fusion-builder-column-0 fusion_builder_column_1_1 1_1 fusion-flex-column\" style=\"--awb-bg-size:cover;--awb-width-large:100%;--awb-margin-top-large:0px;--awb-spacing-right-large:1.92%;--awb-margin-bottom-large:0px;--awb-spacing-left-large:1.92%;--awb-width-medium:100%;--awb-spacing-right-medium:1.92%;--awb-spacing-left-medium:1.92%;--awb-width-small:100%;--awb-spacing-right-small:1.92%;--awb-spacing-left-small:1.92%;\"><div class=\"fusion-column-wrapper fusion-flex-justify-content-flex-start fusion-content-layout-column\"><div class=\"fusion-text fusion-text-1\"><p><strong>Staffel auf Anfrage. Staffelanfragen k\u00f6nnen \u00fcber das <a href=\"http:\/\/vewitechniek.nl\/contact\/\" target=\"_blank\" rel=\"noopener\">Kontaktformular<\/a> gestellt werden.<br \/>\n<\/strong><\/p>\n<p>Volumetrischer Kunststoffwasserz\u00e4hler Q3=2,5 mit 3\/4&#8243; Anschluss am Geh\u00e4use oder Q3=4 mit 1&#8243; Anschluss.<\/p>\n<p>Standardm\u00e4\u00dfig in R160 erh\u00e4ltlich.<\/p>\n<p>R400 auf Anfrage erh\u00e4ltlich.<\/p>\n<p>Die Z\u00e4hler mit dem Standard laufen auf bei:<\/p>\n<p>R100= 25 ltr\/h<\/p>\n<p>R160=15,6 ltr\/h<\/p>\n<p>R400=6,2 ltr\/h<\/p>\n<p>R800=3 ltr\/h<\/p>\n<p>Q3=4 hat eine 1&#8243; Verbindung zum K\u00f6rper.<\/p>\n<p>Q3=2.5 hat einen 3\/4&#8243; Anschluss am Geh\u00e4use.<\/p>\n<p>Laden Sie das Faltblatt hier herunter: <a href=\"http:\/\/vewitechniek.nl\/wp-content\/uploads\/2015\/12\/Elster-watermeter-V200P-Data.pdf\" target=\"_blank\" rel=\"noopener\">Elster Wasserz\u00e4hler<\/a>.<\/p>\n<p><strong> <\/strong><\/p>\n<hr>\n<p><strong><br \/>\n\u00c4hnliche Produkte:[columns] [span3]<\/strong><\/p>\n<p><strong>[\/span3][span3]<\/strong><\/p>\n<p><strong>[\/span3][span3]<\/strong><\/p>\n<p><strong>[\/span3][span3]<\/strong><\/p>\n<p><strong>[\/span3][\/columns]\n<\/strong><strong>[columns] [span3]<\/strong><\/p>\n<p><a href=\"http:\/\/vewitechniek.nl\/product\/leakguard-gsm\/\" target=\"_blank\" rel=\"noopener\"><img decoding=\"async\" class=\"lazyload alignnone size-medium wp-image-1289\" src=\"http:\/\/vewitechniek.nl\/wp-content\/uploads\/2015\/12\/gerelateerd-gsm-234x300.png\" data-orig-src=\"http:\/\/vewitechniek.nl\/wp-content\/uploads\/2015\/12\/gerelateerd-gsm-234x300.png\" alt=\"\" width=\"234\" height=\"300\" srcset=\"data:image\/svg+xml,%3Csvg%20xmlns%3D%27http%3A%2F%2Fwww.w3.org%2F2000%2Fsvg%27%20width%3D%27234%27%20height%3D%27300%27%20viewBox%3D%270%200%20234%20300%27%3E%3Crect%20width%3D%27234%27%20height%3D%27300%27%20fill-opacity%3D%220%22%2F%3E%3C%2Fsvg%3E\" data-srcset=\"https:\/\/www.vewitechniek.nl\/oorduxug\/2015\/12\/gerelateerd-gsm-234x300.png 234w, https:\/\/www.vewitechniek.nl\/oorduxug\/2015\/12\/gerelateerd-gsm.png 402w\" data-sizes=\"auto\" data-orig-sizes=\"(max-width: 234px) 100vw, 234px\" \/><\/a><\/p>\n<p><strong>[\/span3][span3]<\/strong><\/p>\n<p><a href=\"http:\/\/vewitechniek.nl\/product\/venke-leakguard\/\" target=\"_blank\" rel=\"noopener\"><img decoding=\"async\" class=\"lazyload alignnone size-medium wp-image-1290\" src=\"http:\/\/vewitechniek.nl\/wp-content\/uploads\/2015\/12\/gerelateerd-233x300.png\" data-orig-src=\"http:\/\/vewitechniek.nl\/wp-content\/uploads\/2015\/12\/gerelateerd-233x300.png\" alt=\"\" width=\"233\" height=\"300\" srcset=\"data:image\/svg+xml,%3Csvg%20xmlns%3D%27http%3A%2F%2Fwww.w3.org%2F2000%2Fsvg%27%20width%3D%27233%27%20height%3D%27300%27%20viewBox%3D%270%200%20233%20300%27%3E%3Crect%20width%3D%27233%27%20height%3D%27300%27%20fill-opacity%3D%220%22%2F%3E%3C%2Fsvg%3E\" data-srcset=\"https:\/\/www.vewitechniek.nl\/oorduxug\/2015\/12\/gerelateerd-233x300.png 233w, https:\/\/www.vewitechniek.nl\/oorduxug\/2015\/12\/gerelateerd.png 400w\" data-sizes=\"auto\" data-orig-sizes=\"(max-width: 233px) 100vw, 233px\" \/><\/a><\/p>\n<p><strong>[\/span3][span3]<\/strong><\/p>\n<p><a href=\"http:\/\/vewitechniek.nl\/product\/venke-drinkingwatermonitor\/\" target=\"_blank\" rel=\"noopener\"><img decoding=\"async\" class=\"lazyload alignnone size-medium wp-image-1291\" src=\"http:\/\/vewitechniek.nl\/wp-content\/uploads\/2015\/12\/gerelateerd-1-232x300.png\" data-orig-src=\"http:\/\/vewitechniek.nl\/wp-content\/uploads\/2015\/12\/gerelateerd-1-232x300.png\" alt=\"\" width=\"232\" height=\"300\" srcset=\"data:image\/svg+xml,%3Csvg%20xmlns%3D%27http%3A%2F%2Fwww.w3.org%2F2000%2Fsvg%27%20width%3D%27232%27%20height%3D%27300%27%20viewBox%3D%270%200%20232%20300%27%3E%3Crect%20width%3D%27232%27%20height%3D%27300%27%20fill-opacity%3D%220%22%2F%3E%3C%2Fsvg%3E\" data-srcset=\"https:\/\/www.vewitechniek.nl\/oorduxug\/2015\/12\/gerelateerd-1-232x300.png 232w, https:\/\/www.vewitechniek.nl\/oorduxug\/2015\/12\/gerelateerd-1.png 401w\" data-sizes=\"auto\" data-orig-sizes=\"(max-width: 232px) 100vw, 232px\" \/><\/a><\/p>\n<p><strong>[\/span3][span3]<\/strong><\/p>\n<p><a href=\"http:\/\/vewitechniek.nl\/product\/pr6-pulsgever\/\" target=\"_blank\" rel=\"noopener\"><img decoding=\"async\" class=\"lazyload alignnone size-medium wp-image-1487\" src=\"data:image\/svg+xml,%3Csvg%20xmlns%3D%27http%3A%2F%2Fwww.w3.org%2F2000%2Fsvg%27%20width%3D%27224%27%20height%3D%27300%27%20viewBox%3D%270%200%20224%20300%27%3E%3Crect%20width%3D%27224%27%20height%3D%27300%27%20fill-opacity%3D%220%22%2F%3E%3C%2Fsvg%3E\" data-orig-src=\"http:\/\/vewitechniek.nl\/wp-content\/uploads\/2015\/12\/falcon-gerelateerd-224x300.png\" alt=\"\" width=\"224\" height=\"300\"><\/a><\/p>\n<p><strong>[\/span3][\/columns]\n<\/strong><\/p>\n<hr>\n<\/div><\/div><\/div><\/div><\/div>\n","protected":false},"excerpt":{"rendered":"<p>Volumetrischer Kunststoffwasserz\u00e4hler Q3=2,5 mit 3\/4&#8243; Anschluss am Geh\u00e4use oder Q3=4 mit 1&#8243; Anschluss.<\/p>\n","protected":false},"featured_media":4993,"comment_status":"closed","ping_status":"closed","template":"","meta":[],"product_brand":[],"product_cat":[361,370],"product_tag":[644,656,663,670,688,713,897,1552,1553],"class_list":{"0":"post-13649","1":"product","2":"type-product","3":"status-publish","4":"has-post-thumbnail","6":"product_cat-elster-de","7":"product_cat-wasserzaehler","8":"product_tag-elster-de","9":"product_tag-honeywell-de","10":"product_tag-itron-de","11":"product_tag-maddalena-de","12":"product_tag-sensus-de","13":"product_tag-zenner-de","14":"product_tag-wasserzaehler","15":"product_tag-kunststoff","16":"product_tag-v200p-de","18":"first","19":"instock","20":"taxable","21":"shipping-taxable","22":"purchasable","23":"product-type-variable"},"_links":{"self":[{"href":"https:\/\/www.vewitechniek.nl\/de\/wp-json\/wp\/v2\/product\/13649","targetHints":{"allow":["GET"]}}],"collection":[{"href":"https:\/\/www.vewitechniek.nl\/de\/wp-json\/wp\/v2\/product"}],"about":[{"href":"https:\/\/www.vewitechniek.nl\/de\/wp-json\/wp\/v2\/types\/product"}],"replies":[{"embeddable":true,"href":"https:\/\/www.vewitechniek.nl\/de\/wp-json\/wp\/v2\/comments?post=13649"}],"wp:featuredmedia":[{"embeddable":true,"href":"https:\/\/www.vewitechniek.nl\/de\/wp-json\/wp\/v2\/media\/4993"}],"wp:attachment":[{"href":"https:\/\/www.vewitechniek.nl\/de\/wp-json\/wp\/v2\/media?parent=13649"}],"wp:term":[{"taxonomy":"product_brand","embeddable":true,"href":"https:\/\/www.vewitechniek.nl\/de\/wp-json\/wp\/v2\/product_brand?post=13649"},{"taxonomy":"product_cat","embeddable":true,"href":"https:\/\/www.vewitechniek.nl\/de\/wp-json\/wp\/v2\/product_cat?post=13649"},{"taxonomy":"product_tag","embeddable":true,"href":"https:\/\/www.vewitechniek.nl\/de\/wp-json\/wp\/v2\/product_tag?post=13649"}],"curies":[{"name":"wp","href":"https:\/\/api.w.org\/{rel}","templated":true}]}}