{"id":13668,"date":"2021-02-04T10:06:16","date_gmt":"2025-06-30T13:37:46","guid":{"rendered":"https:\/\/www.vewitechniek.nl\/product\/gebrauchte-tanks-1000-ltr-quadratisch\/"},"modified":"2025-06-30T14:37:46","modified_gmt":"2025-06-30T13:37:46","slug":"gebrauchte-tanks-1000-ltr-quadratisch","status":"publish","type":"product","link":"https:\/\/www.vewitechniek.nl\/de\/produkt\/gebrauchte-tanks-1000-ltr-quadratisch\/","title":{"rendered":"Gebrauchte Tanks 1000 ltr quadratisch"},"content":{"rendered":"<p>Neben den neuen Edelstahltanks, die wir in unserem Standardsortiment haben, k\u00f6nnen wir Ihnen auch gebrauchte Edelstahltanks anbieten.<\/p>\n<p>Diese Tanks wurden f\u00fcr ihre Verwendung gepr\u00fcft, gereinigt und auf R\u00fcckst\u00e4nde von Substanzen und Bakterien untersucht.<\/p>\n<p>Wir k\u00f6nnen diese je nach Angebot in 200-300-500-1000 Litern und gr\u00f6\u00dfer liefern.<\/p>\n<p>Auch in Kombination mit der DAB E.Sybox Druckerh\u00f6hungspumpe und dem F\u00fcllstandsschalter erh\u00e4ltlich.<\/p>\n","protected":false},"excerpt":{"rendered":"<p>Neben den neuen Edelstahltanks, die wir in unserem Standardsortiment haben, k\u00f6nnen wir Ihnen auch gebrauchte Edelstahltanks anbieten. Diese Tanks wurden f\u00fcr ihre Verwendung gepr\u00fcft, gereinigt und auf R\u00fcckst\u00e4nde von Substanzen und Bakterien untersucht. Wir k\u00f6nnen diese je nach Angebot in 200-300-500-1000 Litern und gr\u00f6\u00dfer liefern. Auch in Kombination mit der DAB E.Sybox Druckerh\u00f6hungspumpe und dem F\u00fcllstandsschalter erh\u00e4ltlich.<\/p>\n","protected":false},"featured_media":3813,"comment_status":"closed","ping_status":"closed","template":"","meta":[],"product_brand":[],"product_cat":[350],"product_tag":[682,733,735,887],"class_list":{"0":"post-13668","1":"product","2":"type-product","3":"status-publish","4":"has-post-thumbnail","6":"product_cat-gebrauchte-panzer","7":"product_tag-edelstahltank-de","8":"product_tag-break-tank-de","9":"product_tag-puffertank","10":"product_tag-speicher","12":"first","13":"instock","14":"taxable","15":"shipping-taxable","16":"purchasable","17":"product-type-simple"},"_links":{"self":[{"href":"https:\/\/www.vewitechniek.nl\/de\/wp-json\/wp\/v2\/product\/13668","targetHints":{"allow":["GET"]}}],"collection":[{"href":"https:\/\/www.vewitechniek.nl\/de\/wp-json\/wp\/v2\/product"}],"about":[{"href":"https:\/\/www.vewitechniek.nl\/de\/wp-json\/wp\/v2\/types\/product"}],"replies":[{"embeddable":true,"href":"https:\/\/www.vewitechniek.nl\/de\/wp-json\/wp\/v2\/comments?post=13668"}],"wp:featuredmedia":[{"embeddable":true,"href":"https:\/\/www.vewitechniek.nl\/de\/wp-json\/wp\/v2\/media\/3813"}],"wp:attachment":[{"href":"https:\/\/www.vewitechniek.nl\/de\/wp-json\/wp\/v2\/media?parent=13668"}],"wp:term":[{"taxonomy":"product_brand","embeddable":true,"href":"https:\/\/www.vewitechniek.nl\/de\/wp-json\/wp\/v2\/product_brand?post=13668"},{"taxonomy":"product_cat","embeddable":true,"href":"https:\/\/www.vewitechniek.nl\/de\/wp-json\/wp\/v2\/product_cat?post=13668"},{"taxonomy":"product_tag","embeddable":true,"href":"https:\/\/www.vewitechniek.nl\/de\/wp-json\/wp\/v2\/product_tag?post=13668"}],"curies":[{"name":"wp","href":"https:\/\/api.w.org\/{rel}","templated":true}]}}