{"id":13698,"date":"2023-12-01T14:25:43","date_gmt":"2025-06-30T14:16:01","guid":{"rendered":"https:\/\/www.vewitechniek.nl\/product\/mac3-elettrosonda-fuellstandskontrolle-fuer-fluessigkeiten\/"},"modified":"2025-06-30T15:16:02","modified_gmt":"2025-06-30T14:16:02","slug":"mac3-elettrosonda-fuellstandskontrolle-fuer-fluessigkeiten","status":"publish","type":"product","link":"https:\/\/www.vewitechniek.nl\/de\/produkt\/mac3-elettrosonda-fuellstandskontrolle-fuer-fluessigkeiten\/","title":{"rendered":"MAC3 Elettrosonda F\u00fcllstandskontrolle f\u00fcr Fl\u00fcssigkeiten"},"content":{"rendered":"<div class=\"fusion-fullwidth fullwidth-box fusion-builder-row-1 fusion-flex-container nonhundred-percent-fullwidth non-hundred-percent-height-scrolling\" style=\"--awb-border-radius-top-left:0px;--awb-border-radius-top-right:0px;--awb-border-radius-bottom-right:0px;--awb-border-radius-bottom-left:0px;--awb-flex-wrap:wrap;\" ><div class=\"fusion-builder-row fusion-row fusion-flex-align-items-flex-start fusion-flex-content-wrap\" style=\"max-width:1331.2px;margin-left: calc(-4% \/ 2 );margin-right: calc(-4% \/ 2 );\"><div class=\"fusion-layout-column fusion_builder_column fusion-builder-column-0 fusion_builder_column_1_1 1_1 fusion-flex-column\" style=\"--awb-bg-size:cover;--awb-width-large:100%;--awb-margin-top-large:0px;--awb-spacing-right-large:1.92%;--awb-margin-bottom-large:0px;--awb-spacing-left-large:1.92%;--awb-width-medium:100%;--awb-spacing-right-medium:1.92%;--awb-spacing-left-medium:1.92%;--awb-width-small:100%;--awb-spacing-right-small:1.92%;--awb-spacing-left-small:1.92%;\"><div class=\"fusion-column-wrapper fusion-flex-justify-content-flex-start fusion-content-layout-column\"><div class=\"fusion-text fusion-text-1\"><p>Fl\u00fcssigkeitsstandskontrolle der Marke MAC3 mit 3 Sonden.<\/p>\n<p>Siehe technische Daten:<\/p>\n<p><img decoding=\"async\" class=\"lazyload alignnone size-full wp-image-6677\" src=\"https:\/\/www.vewitechniek.nl\/oorduxug\/2023\/12\/technische-specificaties.jpg\" data-orig-src=\"https:\/\/www.vewitechniek.nl\/oorduxug\/2023\/12\/technische-specificaties.jpg\" alt=\"\" width=\"701\" height=\"564\" srcset=\"data:image\/svg+xml,%3Csvg%20xmlns%3D%27http%3A%2F%2Fwww.w3.org%2F2000%2Fsvg%27%20width%3D%27701%27%20height%3D%27564%27%20viewBox%3D%270%200%20701%20564%27%3E%3Crect%20width%3D%27701%27%20height%3D%27564%27%20fill-opacity%3D%220%22%2F%3E%3C%2Fsvg%3E\" data-srcset=\"https:\/\/www.vewitechniek.nl\/oorduxug\/2023\/12\/technische-specificaties-200x161.jpg 200w, https:\/\/www.vewitechniek.nl\/oorduxug\/2023\/12\/technische-specificaties-300x241.jpg 300w, https:\/\/www.vewitechniek.nl\/oorduxug\/2023\/12\/technische-specificaties-400x322.jpg 400w, https:\/\/www.vewitechniek.nl\/oorduxug\/2023\/12\/technische-specificaties-500x402.jpg 500w, https:\/\/www.vewitechniek.nl\/oorduxug\/2023\/12\/technische-specificaties-600x483.jpg 600w, https:\/\/www.vewitechniek.nl\/oorduxug\/2023\/12\/technische-specificaties.jpg 701w\" data-sizes=\"auto\" data-orig-sizes=\"(max-width: 701px) 100vw, 701px\" \/><\/p>\n<p> Zeitplan:<\/p>\n<p><img decoding=\"async\" class=\"lazyload alignnone size-full wp-image-6681\" src=\"https:\/\/www.vewitechniek.nl\/oorduxug\/2023\/12\/schema.jpg\" data-orig-src=\"https:\/\/www.vewitechniek.nl\/oorduxug\/2023\/12\/schema.jpg\" alt=\"\" width=\"423\" height=\"303\" srcset=\"data:image\/svg+xml,%3Csvg%20xmlns%3D%27http%3A%2F%2Fwww.w3.org%2F2000%2Fsvg%27%20width%3D%27423%27%20height%3D%27303%27%20viewBox%3D%270%200%20423%20303%27%3E%3Crect%20width%3D%27423%27%20height%3D%27303%27%20fill-opacity%3D%220%22%2F%3E%3C%2Fsvg%3E\" data-srcset=\"https:\/\/www.vewitechniek.nl\/oorduxug\/2023\/12\/schema-200x143.jpg 200w, https:\/\/www.vewitechniek.nl\/oorduxug\/2023\/12\/schema-300x215.jpg 300w, https:\/\/www.vewitechniek.nl\/oorduxug\/2023\/12\/schema-400x287.jpg 400w, https:\/\/www.vewitechniek.nl\/oorduxug\/2023\/12\/schema.jpg 423w\" data-sizes=\"auto\" data-orig-sizes=\"(max-width: 423px) 100vw, 423px\" \/><\/p>\n<\/div><\/div><\/div><\/div><\/div>\n","protected":false},"excerpt":{"rendered":"","protected":false},"featured_media":6765,"comment_status":"closed","ping_status":"closed","template":"","meta":[],"product_brand":[],"product_cat":[352,1337],"product_tag":[733,814,885,1563],"class_list":{"0":"post-13698","1":"product","2":"type-product","3":"status-publish","4":"has-post-thumbnail","6":"product_cat-sensoren-de","7":"product_cat-niveaukontrolle","8":"product_tag-break-tank-de","9":"product_tag-pegelumschaltung","10":"product_tag-schwimmer","11":"product_tag-mac3-de","13":"first","14":"instock","15":"taxable","16":"shipping-taxable","17":"purchasable","18":"product-type-simple"},"_links":{"self":[{"href":"https:\/\/www.vewitechniek.nl\/de\/wp-json\/wp\/v2\/product\/13698","targetHints":{"allow":["GET"]}}],"collection":[{"href":"https:\/\/www.vewitechniek.nl\/de\/wp-json\/wp\/v2\/product"}],"about":[{"href":"https:\/\/www.vewitechniek.nl\/de\/wp-json\/wp\/v2\/types\/product"}],"replies":[{"embeddable":true,"href":"https:\/\/www.vewitechniek.nl\/de\/wp-json\/wp\/v2\/comments?post=13698"}],"wp:featuredmedia":[{"embeddable":true,"href":"https:\/\/www.vewitechniek.nl\/de\/wp-json\/wp\/v2\/media\/6765"}],"wp:attachment":[{"href":"https:\/\/www.vewitechniek.nl\/de\/wp-json\/wp\/v2\/media?parent=13698"}],"wp:term":[{"taxonomy":"product_brand","embeddable":true,"href":"https:\/\/www.vewitechniek.nl\/de\/wp-json\/wp\/v2\/product_brand?post=13698"},{"taxonomy":"product_cat","embeddable":true,"href":"https:\/\/www.vewitechniek.nl\/de\/wp-json\/wp\/v2\/product_cat?post=13698"},{"taxonomy":"product_tag","embeddable":true,"href":"https:\/\/www.vewitechniek.nl\/de\/wp-json\/wp\/v2\/product_tag?post=13698"}],"curies":[{"name":"wp","href":"https:\/\/api.w.org\/{rel}","templated":true}]}}