{"id":13710,"date":"2023-11-28T18:11:50","date_gmt":"2025-06-30T14:16:18","guid":{"rendered":"https:\/\/www.vewitechniek.nl\/product\/crodeon-sensor-co2\/"},"modified":"2025-06-30T15:16:25","modified_gmt":"2025-06-30T14:16:25","slug":"crodeon-sensor-co2","status":"publish","type":"product","link":"https:\/\/www.vewitechniek.nl\/de\/produkt\/crodeon-sensor-co2\/","title":{"rendered":"Crodeon Sensor CO2"},"content":{"rendered":"<div class=\"fusion-fullwidth fullwidth-box fusion-builder-row-1 fusion-flex-container nonhundred-percent-fullwidth non-hundred-percent-height-scrolling\" style=\"--awb-border-radius-top-left:0px;--awb-border-radius-top-right:0px;--awb-border-radius-bottom-right:0px;--awb-border-radius-bottom-left:0px;--awb-flex-wrap:wrap;\" ><div class=\"fusion-builder-row fusion-row fusion-flex-align-items-flex-start fusion-flex-content-wrap\" style=\"max-width:1331.2px;margin-left: calc(-4% \/ 2 );margin-right: calc(-4% \/ 2 );\"><div class=\"fusion-layout-column fusion_builder_column fusion-builder-column-0 fusion_builder_column_1_1 1_1 fusion-flex-column\" style=\"--awb-bg-size:cover;--awb-width-large:100%;--awb-margin-top-large:0px;--awb-spacing-right-large:1.92%;--awb-margin-bottom-large:0px;--awb-spacing-left-large:1.92%;--awb-width-medium:100%;--awb-spacing-right-medium:1.92%;--awb-spacing-left-medium:1.92%;--awb-width-small:100%;--awb-spacing-right-small:1.92%;--awb-spacing-left-small:1.92%;\"><div class=\"fusion-column-wrapper fusion-flex-justify-content-flex-start fusion-content-layout-column\"><div class=\"fusion-text fusion-text-1\"><h2 data-start=\"57\" data-end=\"159\"><strong data-start=\"57\" data-end=\"159\">Professioneller CO\u2082-Sensor mit Temperatur- und Feuchtigkeitsmessung<\/strong><\/h2>\n<p data-start=\"161\" data-end=\"550\">Laden Sie das Produktblatt hier herunter: <a href=\"https:\/\/www.vewitechniek.nl\/oorduxug\/2023\/11\/Sensirion_CO2_Sensors_SCD30_Datasheet.pdf\">Sensirion_CO2_Sensoren_SCD30_Datasheet<\/a><\/p>\n<p data-start=\"161\" data-end=\"550\">Der <strong data-start=\"164\" data-end=\"186\">Crodeon CO\u2082-Sensor<\/strong> ist die L\u00f6sung f\u00fcr alle, die zuverl\u00e4ssige Messungen von Kohlendioxid (CO\u2082), Temperatur und relativer Luftfeuchtigkeit ben\u00f6tigen. Dank des fortschrittlichen <strong data-start=\"339\" data-end=\"363\">Sensirion SCD41 Chips<\/strong> kombiniert dieser Sensor Spitzenqualit\u00e4t mit einfacher Handhabung und Erschwinglichkeit &#8211; ideal f\u00fcr den professionellen Einsatz in der Landwirtschaft, der Tierhaltung, in Lagerr\u00e4umen und in der Luftqualit\u00e4tsforschung, unter anderem. <\/p>\n<h3 data-start=\"552\" data-end=\"598\">\u2705 Zuverl\u00e4ssige Messungen, direkt nach dem Auspacken<\/h3>\n<p data-start=\"599\" data-end=\"840\">Jeder Sensor ist nach dem FRC-Algorithmus von Sensirion <strong data-start=\"614\" data-end=\"634\">vorkalibriert<\/strong>, so dass Sie ohne komplizierte Installationsverfahren sofort genaue Messungen erhalten. Kein \u00c4rger mehr mit manuellen Kalibrierungen: Wir haben das bereits f\u00fcr Sie erledigt. <\/p>\n<h3 data-start=\"842\" data-end=\"883\">\u2705 Plug and Play mit dem Crodeon Reporter<\/h3>\n<p data-start=\"884\" data-end=\"1227\">Der CO\u2082-Sensor ist vollst\u00e4ndig kompatibel mit dem <strong data-start=\"928\" data-end=\"948\">Crodeon Reporter<\/strong>, einem intelligenten IoT-Sensormodul, das automatisch Daten aufzeichnet und sie \u00fcber das mobile Internet (kein WiFi erforderlich!) an die <strong data-start=\"1072\" data-end=\"1089\">Crodeon Cloud<\/strong> \u00fcbertr\u00e4gt. Dort k\u00f6nnen Sie Ihre Daten live oder in der Vergangenheit betrachten, Alarme einstellen und die Messeinstellungen \u00fcber jedes Ger\u00e4t mit einem Browser anpassen. <\/p>\n<h3 data-start=\"1229\" data-end=\"1254\">\u2705 Alles in einem Sensor<\/h3>\n<ul>\n<li data-start=\"1257\" data-end=\"1291\"><strong data-start=\"1257\" data-end=\"1272\">CO\u2082-Bereich:<\/strong> 400 bis 5000 ppm<\/li>\n<li data-start=\"1294\" data-end=\"1334\"><strong data-start=\"1294\" data-end=\"1316\">Temperaturbereich:<\/strong> -10\u00b0C bis +60\u00b0C<\/li>\n<li data-start=\"1337\" data-end=\"1376\"><strong data-start=\"1337\" data-end=\"1363\">Relative Luftfeuchtigkeit:<\/strong> 0 &#8211; 95% RH<\/li>\n<li data-start=\"1379\" data-end=\"1417\"><strong data-start=\"1379\" data-end=\"1395\">Reaktionszeit:<\/strong> ca. 90-120 Sekunden<\/li>\n<\/ul>\n<p data-start=\"1419\" data-end=\"1587\">Mit einer <strong data-start=\"1427\" data-end=\"1467\">Messgenauigkeit von \u00b150 ppm (CO\u2082)<\/strong> und einer <strong data-start=\"1475\" data-end=\"1514\">Temperaturgenauigkeit von 0,8\u00b0C<\/strong> ist dieser Sensor f\u00fcr kritische Anwendungen geeignet, bei denen Pr\u00e4zision z\u00e4hlt.<\/p>\n<h3 data-start=\"1589\" data-end=\"1612\">Anwendungen<\/h3>\n<ul>\n<li data-start=\"1615\" data-end=\"1661\">\u00dcberwachung von <strong data-start=\"1630\" data-end=\"1637\">Viehbestand<\/strong> und <strong data-start=\"1641\" data-end=\"1661\">Tierhaltung<\/strong><\/li>\n<li data-start=\"1664\" data-end=\"1720\"><strong data-start=\"1664\" data-end=\"1692\">Studien zur Luftqualit\u00e4t<\/strong> in Innen- und Au\u00dfenr\u00e4umen<\/li>\n<li data-start=\"1723\" data-end=\"1783\">\u00dcberwachung der <strong data-start=\"1736\" data-end=\"1755\">Lagerung von Kartoffeln<\/strong> und anderen landwirtschaftlichen Produkten<\/li>\n<li data-start=\"1786\" data-end=\"1821\"><strong data-start=\"1786\" data-end=\"1821\">\u00dcberwachung von Pflanzen und Vegetation<\/strong><\/li>\n<li data-start=\"1824\" data-end=\"1892\">CO\u2082-Messung in Geb\u00e4uden f\u00fcr <strong data-start=\"1852\" data-end=\"1892\">Gesundheits- und L\u00fcftungszwecke<\/strong><\/li>\n<\/ul>\n<h3 data-start=\"1894\" data-end=\"1936\">Intelligentes Design, einfach zu installieren<\/h3>\n<p data-start=\"1937\" data-end=\"2203\">Der Sensor ist f\u00fcr eine optimale Luftzirkulation in ein bel\u00fcftetes Geh\u00e4use eingebaut. Mit dem mitgelieferten <strong data-start=\"2043\" data-end=\"2076\">10 Meter langen M12-Verl\u00e4ngerungskabel<\/strong> schlie\u00dfen Sie ihn einfach an den Reporter an. Der Sensor ist nicht wasserdicht, kann aber mit einem Regenschutz im Freien verwendet werden.  <\/p>\n<h3 data-start=\"2205\" data-end=\"2228\">API f\u00fcr die Integration<\/h3>\n<p data-start=\"2229\" data-end=\"2378\">M\u00f6chten Sie die Daten in Ihre eigenen Systeme integrieren? Der Reporter verf\u00fcgt \u00fcber eine integrierte <strong data-start=\"2318\" data-end=\"2330\">REST-API<\/strong> f\u00fcr die einfache Anbindung an externe Software. <\/p>\n<p data-start=\"2385\" data-end=\"2426\"><strong data-start=\"2385\" data-end=\"2426\">Technische Daten in K\u00fcrze:<\/strong><\/p>\n<ul>\n<li data-start=\"2429\" data-end=\"2465\"><strong data-start=\"2429\" data-end=\"2448\">CO\u2082-Messbereich:<\/strong> 400 &#8211; 5000 ppm<\/li>\n<li data-start=\"2468\" data-end=\"2496\"><strong data-start=\"2468\" data-end=\"2490\">RH Genauigkeit:<\/strong> \u00b16%<\/li>\n<li data-start=\"2499\" data-end=\"2539\"><strong data-start=\"2499\" data-end=\"2530\">Temperaturgenauigkeit:<\/strong> \u00b10,8\u00b0C<\/li>\n<li data-start=\"2542\" data-end=\"2575\"><strong data-start=\"2542\" data-end=\"2557\">Abmessungen:<\/strong> 64 x 58 x 35 mm<\/li>\n<li data-start=\"2578\" data-end=\"2631\"><strong data-start=\"2578\" data-end=\"2594\">Kabell\u00e4nge:<\/strong> 10 Meter (erweiterbar auf 30 Meter)<\/li>\n<\/ul>\n<\/div><\/div><\/div><\/div><\/div>\n","protected":false},"excerpt":{"rendered":"<p>Zuverl\u00e4ssiger CO\u2082-Sensor mit integrierter Temperatur- und Feuchtigkeitsmessung, Plug-and-Play-kompatibel mit dem Crodeon Reporter. Ideal f\u00fcr die Pr\u00e4zisionskontrolle in der Tierhaltung, Lagerung und \u00dcberwachung der Luftqualit\u00e4t. <\/p>\n","protected":false},"featured_media":6589,"comment_status":"closed","ping_status":"closed","template":"","meta":[],"product_brand":[],"product_cat":[355,1343,352],"product_tag":[782,850,1561,1562,1565,623],"class_list":{"0":"post-13710","1":"product","2":"type-product","3":"status-publish","4":"has-post-thumbnail","6":"product_cat-dol-co2-de","7":"product_cat-gase","8":"product_cat-sensoren-de","9":"product_tag-klima","10":"product_tag-temperatur","11":"product_tag-sensor-de","12":"product_tag-temperatursensor","13":"product_tag-crodeon-de","14":"product_tag-co2-de","16":"first","17":"instock","18":"taxable","19":"shipping-taxable","20":"purchasable","21":"product-type-simple"},"_links":{"self":[{"href":"https:\/\/www.vewitechniek.nl\/de\/wp-json\/wp\/v2\/product\/13710","targetHints":{"allow":["GET"]}}],"collection":[{"href":"https:\/\/www.vewitechniek.nl\/de\/wp-json\/wp\/v2\/product"}],"about":[{"href":"https:\/\/www.vewitechniek.nl\/de\/wp-json\/wp\/v2\/types\/product"}],"replies":[{"embeddable":true,"href":"https:\/\/www.vewitechniek.nl\/de\/wp-json\/wp\/v2\/comments?post=13710"}],"wp:featuredmedia":[{"embeddable":true,"href":"https:\/\/www.vewitechniek.nl\/de\/wp-json\/wp\/v2\/media\/6589"}],"wp:attachment":[{"href":"https:\/\/www.vewitechniek.nl\/de\/wp-json\/wp\/v2\/media?parent=13710"}],"wp:term":[{"taxonomy":"product_brand","embeddable":true,"href":"https:\/\/www.vewitechniek.nl\/de\/wp-json\/wp\/v2\/product_brand?post=13710"},{"taxonomy":"product_cat","embeddable":true,"href":"https:\/\/www.vewitechniek.nl\/de\/wp-json\/wp\/v2\/product_cat?post=13710"},{"taxonomy":"product_tag","embeddable":true,"href":"https:\/\/www.vewitechniek.nl\/de\/wp-json\/wp\/v2\/product_tag?post=13710"}],"curies":[{"name":"wp","href":"https:\/\/api.w.org\/{rel}","templated":true}]}}