{"id":13733,"date":"2023-10-19T14:52:57","date_gmt":"2023-10-19T13:52:57","guid":{"rendered":"https:\/\/www.vewitechniek.nl\/product\/dosatron-ersatzteile-und-reparatur\/"},"modified":"2025-06-30T15:16:41","modified_gmt":"2025-06-30T14:16:41","slug":"dosatron-ersatzteile-und-reparatur","status":"publish","type":"product","link":"https:\/\/www.vewitechniek.nl\/de\/produkt\/dosatron-ersatzteile-und-reparatur\/","title":{"rendered":"Dosatron Ersatzteile und Reparatur"},"content":{"rendered":"<div class=\"fusion-fullwidth fullwidth-box fusion-builder-row-1 fusion-flex-container nonhundred-percent-fullwidth non-hundred-percent-height-scrolling\" style=\"--awb-border-radius-top-left:0px;--awb-border-radius-top-right:0px;--awb-border-radius-bottom-right:0px;--awb-border-radius-bottom-left:0px;--awb-flex-wrap:wrap;\" ><div class=\"fusion-builder-row fusion-row fusion-flex-align-items-flex-start fusion-flex-content-wrap\" style=\"max-width:1331.2px;margin-left: calc(-4% \/ 2 );margin-right: calc(-4% \/ 2 );\"><div class=\"fusion-layout-column fusion_builder_column fusion-builder-column-0 fusion_builder_column_1_1 1_1 fusion-flex-column\" style=\"--awb-bg-size:cover;--awb-width-large:100%;--awb-margin-top-large:0px;--awb-spacing-right-large:1.92%;--awb-margin-bottom-large:0px;--awb-spacing-left-large:1.92%;--awb-width-medium:100%;--awb-spacing-right-medium:1.92%;--awb-spacing-left-medium:1.92%;--awb-width-small:100%;--awb-spacing-right-small:1.92%;--awb-spacing-left-small:1.92%;\"><div class=\"fusion-column-wrapper fusion-flex-justify-content-flex-start fusion-content-layout-column\"><div class=\"fusion-text fusion-text-1\"><p>Vewi Techniek kann Ihre Dosatron-Pumpe reparieren. Aber wir k\u00f6nnen Ihnen auch einfach viele Teile aus dem Lager liefern. Fragen Sie nach den M\u00f6glichkeiten \u00fcber verkoop@vewitechniek.nl  <\/p>\n<p>Teile: <a href=\"http:\/\/vewitechniek.nl\/?attachment_id=1025\" rel=\"attachment wp-att-1025 noopener\" target=\"_blank\">Dosatron D25RE2 Teile Endverbraucher<\/a><\/p>\n<p>D25 Dokumentation: <a href=\"https:\/\/www.vewitechniek.nl\/oorduxug\/2023\/10\/D25RE2D1.pdf\">D25RE2D1<\/a><\/p>\n<p>D25 Dokumentation: <a href=\"https:\/\/www.vewitechniek.nl\/oorduxug\/2023\/10\/D25RE5D.pdf\">D25RE5D<\/a><\/p>\n<p>Dokumentation D25 : <a href=\"https:\/\/www.vewitechniek.nl\/oorduxug\/2023\/10\/D25RE10D.pdf\">D25RE10D<\/a><\/p>\n<p>Dokumentation D30: <a href=\"https:\/\/www.vewitechniek.nl\/oorduxug\/2023\/10\/Eclate-D3RE3000-d.pdf\">Eclate-D3RE3000-d<\/a><\/p>\n<p>Dokumentation D30: <a href=\"https:\/\/www.vewitechniek.nl\/oorduxug\/2023\/10\/Eclate-D3RE5-d.pdf\">Eclate-D3RE5-d<\/a><\/p>\n<p>Dokumentation D30: <a href=\"https:\/\/www.vewitechniek.nl\/oorduxug\/2023\/10\/Eclate-D3RE10-d.pdf\">Eclate-D3RE10-d<\/a><\/p>\n<p>Dokumentation D07: <a href=\"https:\/\/www.vewitechniek.nl\/oorduxug\/2023\/10\/eclate-d07re5-u.pdf\">eclate-d07re5-u<\/a><\/p>\n<\/div><\/div><\/div><\/div><\/div>\n","protected":false},"excerpt":{"rendered":"","protected":false},"featured_media":6633,"comment_status":"closed","ping_status":"closed","template":"","meta":[],"product_brand":[],"product_cat":[298,300],"product_tag":[612,635,637,641,645,646,662,672,691,700,1579,1580,1581],"class_list":{"0":"post-13733","1":"product","2":"type-product","3":"status-publish","4":"has-post-thumbnail","6":"product_cat-dosierpumpen","7":"product_cat-dosatron-de","8":"product_tag-aquados-de","9":"product_tag-dosatron-de","10":"product_tag-dosierpumpe","11":"product_tag-dostec-de","12":"product_tag-emec-de","13":"product_tag-etatron-de","14":"product_tag-hydro-de","15":"product_tag-mixtron-de","16":"product_tag-seko-de","17":"product_tag-tefen-de","18":"product_tag-reparatur","19":"product_tag-teile","20":"product_tag-teile-de","22":"first","23":"instock","24":"taxable","25":"shipping-taxable","26":"purchasable","27":"product-type-simple"},"_links":{"self":[{"href":"https:\/\/www.vewitechniek.nl\/de\/wp-json\/wp\/v2\/product\/13733","targetHints":{"allow":["GET"]}}],"collection":[{"href":"https:\/\/www.vewitechniek.nl\/de\/wp-json\/wp\/v2\/product"}],"about":[{"href":"https:\/\/www.vewitechniek.nl\/de\/wp-json\/wp\/v2\/types\/product"}],"replies":[{"embeddable":true,"href":"https:\/\/www.vewitechniek.nl\/de\/wp-json\/wp\/v2\/comments?post=13733"}],"wp:featuredmedia":[{"embeddable":true,"href":"https:\/\/www.vewitechniek.nl\/de\/wp-json\/wp\/v2\/media\/6633"}],"wp:attachment":[{"href":"https:\/\/www.vewitechniek.nl\/de\/wp-json\/wp\/v2\/media?parent=13733"}],"wp:term":[{"taxonomy":"product_brand","embeddable":true,"href":"https:\/\/www.vewitechniek.nl\/de\/wp-json\/wp\/v2\/product_brand?post=13733"},{"taxonomy":"product_cat","embeddable":true,"href":"https:\/\/www.vewitechniek.nl\/de\/wp-json\/wp\/v2\/product_cat?post=13733"},{"taxonomy":"product_tag","embeddable":true,"href":"https:\/\/www.vewitechniek.nl\/de\/wp-json\/wp\/v2\/product_tag?post=13733"}],"curies":[{"name":"wp","href":"https:\/\/api.w.org\/{rel}","templated":true}]}}