{"id":13743,"date":"2023-08-14T14:24:58","date_gmt":"2025-06-30T14:17:03","guid":{"rendered":"https:\/\/www.vewitechniek.nl\/product\/rpe-magnetventil-3-4-innengewinde-230v\/"},"modified":"2025-06-30T15:17:11","modified_gmt":"2025-06-30T14:17:11","slug":"rpe-magnetventil-3-4-innengewinde-230v","status":"publish","type":"product","link":"https:\/\/www.vewitechniek.nl\/de\/produkt\/rpe-magnetventil-3-4-innengewinde-230v\/","title":{"rendered":"RPE-Magnetventil 3\/4&#8243; Innengewinde 230V"},"content":{"rendered":"<div class=\"fusion-fullwidth fullwidth-box fusion-builder-row-1 fusion-flex-container nonhundred-percent-fullwidth non-hundred-percent-height-scrolling\" style=\"--awb-border-radius-top-left:0px;--awb-border-radius-top-right:0px;--awb-border-radius-bottom-right:0px;--awb-border-radius-bottom-left:0px;--awb-flex-wrap:wrap;\" ><div class=\"fusion-builder-row fusion-row fusion-flex-align-items-flex-start fusion-flex-content-wrap\" style=\"max-width:1331.2px;margin-left: calc(-4% \/ 2 );margin-right: calc(-4% \/ 2 );\"><div class=\"fusion-layout-column fusion_builder_column fusion-builder-column-0 fusion_builder_column_1_1 1_1 fusion-flex-column\" style=\"--awb-bg-size:cover;--awb-width-large:100%;--awb-margin-top-large:0px;--awb-spacing-right-large:1.92%;--awb-margin-bottom-large:0px;--awb-spacing-left-large:1.92%;--awb-width-medium:100%;--awb-spacing-right-medium:1.92%;--awb-spacing-left-medium:1.92%;--awb-width-small:100%;--awb-spacing-right-small:1.92%;--awb-spacing-left-small:1.92%;\"><div class=\"fusion-column-wrapper fusion-flex-justify-content-flex-start fusion-content-layout-column\"><div class=\"fusion-text fusion-text-1\"><div class=\"card-header\">\n<hr>\n<\/div>\n<div class=\"card-body\">\n<h2>RPE-Magnetventil 3\/4&#8243; Innengewinde &#8211; 230V<\/h2>\n<div>Dieses RPE-Magnetventil besteht aus einem Geh\u00e4use aus glasfaserverst\u00e4rktem Polyamid, einer NBR-Gummimembran und einem Kern aus Edelstahl. Das RPE-Magnetventil ben\u00f6tigt einen Mindestversorgungsdruck von 0,5 bar und hat einen 3\/4&#8243; Innengewindeanschluss. Die 230V-Spule hat einen Bajonettanschluss und kann auch manuell bet\u00e4tigt werden.  <\/div>\n<div><\/div>\n<div>\n<h2>Spezifikationen RPE-Magnetventil 3\/4&#8243; Innengewinde<\/h2>\n<div>\n<ul>\n<li>Vordruck 0,5 bar<\/li>\n<li>Betriebsdruck 0,5 bis 10 bar bei 20<span style=\"color: #374151; font-family: Segoe UI, sans-serif;\"> Grad Celsius<\/span><\/li>\n<li>Maximale Arbeitstemperatur 60 Grad Celsius<\/li>\n<li>Kann in allen Positionen montiert werden<\/li>\n<li>Arbeitsstrom 2 Watt<\/li>\n<li>Stromverbrauch 190 mA<\/li>\n<li>NC Normalerweise geschlossen<\/li>\n<li>230V<\/li>\n<\/ul>\n<\/div>\n<\/div>\n<\/div>\n<\/div><\/div><\/div><\/div><\/div>\n","protected":false},"excerpt":{"rendered":"<p>&nbsp;<\/p>\n<p>&nbsp;<\/p>\n<p>&nbsp;<\/p>\n","protected":false},"featured_media":5634,"comment_status":"closed","ping_status":"closed","template":"","meta":[],"product_brand":[],"product_cat":[1304,1300,1303],"product_tag":[1585,1586,1587,1583,1584],"class_list":{"0":"post-13743","1":"product","2":"type-product","3":"status-publish","4":"has-post-thumbnail","6":"product_cat-rpe-ventile","7":"product_cat-regel-ventile","8":"product_cat-solenoidventile","9":"product_tag-wasserventil","10":"product_tag-nc-de","11":"product_tag-24v-de","12":"product_tag-rpe-de","13":"product_tag-solenoidventil","15":"first","16":"instock","17":"taxable","18":"shipping-taxable","19":"purchasable","20":"product-type-simple"},"_links":{"self":[{"href":"https:\/\/www.vewitechniek.nl\/de\/wp-json\/wp\/v2\/product\/13743","targetHints":{"allow":["GET"]}}],"collection":[{"href":"https:\/\/www.vewitechniek.nl\/de\/wp-json\/wp\/v2\/product"}],"about":[{"href":"https:\/\/www.vewitechniek.nl\/de\/wp-json\/wp\/v2\/types\/product"}],"replies":[{"embeddable":true,"href":"https:\/\/www.vewitechniek.nl\/de\/wp-json\/wp\/v2\/comments?post=13743"}],"wp:featuredmedia":[{"embeddable":true,"href":"https:\/\/www.vewitechniek.nl\/de\/wp-json\/wp\/v2\/media\/5634"}],"wp:attachment":[{"href":"https:\/\/www.vewitechniek.nl\/de\/wp-json\/wp\/v2\/media?parent=13743"}],"wp:term":[{"taxonomy":"product_brand","embeddable":true,"href":"https:\/\/www.vewitechniek.nl\/de\/wp-json\/wp\/v2\/product_brand?post=13743"},{"taxonomy":"product_cat","embeddable":true,"href":"https:\/\/www.vewitechniek.nl\/de\/wp-json\/wp\/v2\/product_cat?post=13743"},{"taxonomy":"product_tag","embeddable":true,"href":"https:\/\/www.vewitechniek.nl\/de\/wp-json\/wp\/v2\/product_tag?post=13743"}],"curies":[{"name":"wp","href":"https:\/\/api.w.org\/{rel}","templated":true}]}}