{"id":13772,"date":"2023-07-10T07:45:27","date_gmt":"2023-07-10T06:45:27","guid":{"rendered":"https:\/\/www.vewitechniek.nl\/product\/maddalena-ds-trp-q325-q34-q310-q316-q325-m3-stunde\/"},"modified":"2026-04-02T14:49:55","modified_gmt":"2026-04-02T13:49:55","slug":"maddalena-ds-trp-q325-q34-q310-q316-q325-m3-stunde","status":"publish","type":"product","link":"https:\/\/www.vewitechniek.nl\/de\/produkt\/maddalena-ds-trp-q325-q34-q310-q316-q325-m3-stunde\/","title":{"rendered":"Maddalena DS TRP Q3=2,5 Q3=4 Q3=10 Q3=16 Q3=25 m3\/Stunde"},"content":{"rendered":"<div class=\"fusion-fullwidth fullwidth-box fusion-builder-row-1 fusion-flex-container nonhundred-percent-fullwidth non-hundred-percent-height-scrolling\" style=\"--awb-border-radius-top-left:0px;--awb-border-radius-top-right:0px;--awb-border-radius-bottom-right:0px;--awb-border-radius-bottom-left:0px;--awb-flex-wrap:wrap;\" ><div class=\"fusion-builder-row fusion-row fusion-flex-align-items-flex-start fusion-flex-content-wrap\" style=\"max-width:1331.2px;margin-left: calc(-4% \/ 2 );margin-right: calc(-4% \/ 2 );\"><div class=\"fusion-layout-column fusion_builder_column fusion-builder-column-0 fusion_builder_column_1_1 1_1 fusion-flex-column\" style=\"--awb-bg-size:cover;--awb-width-large:100%;--awb-margin-top-large:0px;--awb-spacing-right-large:1.92%;--awb-margin-bottom-large:0px;--awb-spacing-left-large:1.92%;--awb-width-medium:100%;--awb-spacing-right-medium:1.92%;--awb-spacing-left-medium:1.92%;--awb-width-small:100%;--awb-spacing-right-small:1.92%;--awb-spacing-left-small:1.92%;\"><div class=\"fusion-column-wrapper fusion-flex-justify-content-flex-start fusion-content-layout-column\"><div class=\"fusion-text fusion-text-1\"><p>Maddalena DS TRP Wasserz\u00e4hler<\/p>\n<p>Q3 = 2.5 oder Q3 = 4 oder Q3 = 6.3 oder Q3 = 10 oder Q3=16 oder Q3 =25<\/p>\n<p>mit 1 oder 10 oder 100 oder 1000 Litern pro Impuls<\/p>\n<p>Anschluss Q3= 2,5 15 mm 1\/2&#8243; (1 Impuls\/Liter)<\/p>\n<p>Anschluss Q3= 4 20 mm 3\/4&#8243; (1 Impuls\/Liter)<\/p>\n<p>Anschluss Q3= 6,3 25 mm 1&#8243; (1 Impuls \/ 10 Liter)<\/p>\n<p>Anschluss Q3 = 10 30 mm 1\u00bc&#8221;<\/p>\n<p>Anschluss Q3= 16 40 mm 1\u00bd&#8221; (1 Impuls \/ 10 Liter)<\/p>\n<p>Anschluss Q3= 25 50 mm 2&#8243;<\/p>\n<p>Die Wasserz\u00e4hler sind f\u00fcr den Einbau eines Impulsgebers f\u00fcr einen Reedkontakt oder eines statischen bidirektionalen Impulsgebers vorbereitet. Weitere Informationen finden Sie auf der Website. <\/p>\n<p>Alle Produktinformationen zu den Maddalena DS Wasserz\u00e4hlern finden Sie in dem beigef\u00fcgten Link \/ pdf.<\/p>\n<p>Wenn das Modell, das Sie suchen, nicht aufgef\u00fchrt ist, fragen Sie bitte per E-Mail an oder rufen Sie uns an oder besuchen Sie www.maddalena.nu.<\/p>\n<p><a href=\"http:\/\/vewitechniek.nl\/wp-content\/uploads\/2023\/07\/Maddalena-Brochure-DS-TRP-MID-WATER-METER-ENG.pdf\" target=\"_blank\" rel=\"noopener\">Maddalena-Brosch\u00fcre-DS-TRP-MID-WATER-METER-ENG<\/a><\/p>\n<\/div><\/div><\/div><\/div><\/div>\n","protected":false},"excerpt":{"rendered":"<p><a href=\"http:\/\/vewitechniek.nl\/wp-content\/uploads\/2021\/08\/Maddalena-Brochure-DS-TRP-MID-WATER-METER-ENG.pdf\">Maddalena-Brosch\u00fcre-DS<\/a><\/p>\n","protected":false},"featured_media":5015,"comment_status":"closed","ping_status":"closed","template":"","meta":[],"product_brand":[],"product_cat":[362,370,1548],"product_tag":[644,663,670,688,713,897,1613,1614,1629],"class_list":{"0":"post-13772","1":"product","2":"type-product","3":"status-publish","4":"has-post-thumbnail","6":"product_cat-maddalena-de-2","7":"product_cat-wasserzaehler","8":"product_cat-maddalena-wasserzahler","9":"product_tag-elster-de","10":"product_tag-itron-de","11":"product_tag-maddalena-de","12":"product_tag-sensus-de","13":"product_tag-zenner-de","14":"product_tag-wasserzaehler","15":"product_tag-trp-de","16":"product_tag-rev","17":"product_tag-ds-trp-de","19":"first","20":"instock","21":"taxable","22":"shipping-taxable","23":"purchasable","24":"product-type-variable"},"_links":{"self":[{"href":"https:\/\/www.vewitechniek.nl\/de\/wp-json\/wp\/v2\/product\/13772","targetHints":{"allow":["GET"]}}],"collection":[{"href":"https:\/\/www.vewitechniek.nl\/de\/wp-json\/wp\/v2\/product"}],"about":[{"href":"https:\/\/www.vewitechniek.nl\/de\/wp-json\/wp\/v2\/types\/product"}],"replies":[{"embeddable":true,"href":"https:\/\/www.vewitechniek.nl\/de\/wp-json\/wp\/v2\/comments?post=13772"}],"wp:featuredmedia":[{"embeddable":true,"href":"https:\/\/www.vewitechniek.nl\/de\/wp-json\/wp\/v2\/media\/5015"}],"wp:attachment":[{"href":"https:\/\/www.vewitechniek.nl\/de\/wp-json\/wp\/v2\/media?parent=13772"}],"wp:term":[{"taxonomy":"product_brand","embeddable":true,"href":"https:\/\/www.vewitechniek.nl\/de\/wp-json\/wp\/v2\/product_brand?post=13772"},{"taxonomy":"product_cat","embeddable":true,"href":"https:\/\/www.vewitechniek.nl\/de\/wp-json\/wp\/v2\/product_cat?post=13772"},{"taxonomy":"product_tag","embeddable":true,"href":"https:\/\/www.vewitechniek.nl\/de\/wp-json\/wp\/v2\/product_tag?post=13772"}],"curies":[{"name":"wp","href":"https:\/\/api.w.org\/{rel}","templated":true}]}}