{"id":13794,"date":"2023-02-15T09:47:42","date_gmt":"2025-06-30T14:19:05","guid":{"rendered":"https:\/\/www.vewitechniek.nl\/product\/mixtron-mx150-p150-dosierpumpe-1-5-15-m2-pro-stunde\/"},"modified":"2025-06-30T15:19:14","modified_gmt":"2025-06-30T14:19:14","slug":"mixtron-mx150-p150-dosierpumpe-1-5-15-m2-pro-stunde","status":"publish","type":"product","link":"https:\/\/www.vewitechniek.nl\/de\/produkt\/mixtron-mx150-p150-dosierpumpe-1-5-15-m2-pro-stunde\/","title":{"rendered":"Mixtron MX150 P150 Dosierpumpe 1-5% 1,5 m2 pro Stunde"},"content":{"rendered":"<div class=\"fusion-fullwidth fullwidth-box fusion-builder-row-1 fusion-flex-container nonhundred-percent-fullwidth non-hundred-percent-height-scrolling\" style=\"--awb-border-radius-top-left:0px;--awb-border-radius-top-right:0px;--awb-border-radius-bottom-right:0px;--awb-border-radius-bottom-left:0px;--awb-flex-wrap:wrap;\" ><div class=\"fusion-builder-row fusion-row fusion-flex-align-items-flex-start fusion-flex-content-wrap\" style=\"max-width:1331.2px;margin-left: calc(-4% \/ 2 );margin-right: calc(-4% \/ 2 );\"><div class=\"fusion-layout-column fusion_builder_column fusion-builder-column-0 fusion_builder_column_1_1 1_1 fusion-flex-column\" style=\"--awb-bg-size:cover;--awb-width-large:100%;--awb-margin-top-large:0px;--awb-spacing-right-large:1.92%;--awb-margin-bottom-large:0px;--awb-spacing-left-large:1.92%;--awb-width-medium:100%;--awb-spacing-right-medium:1.92%;--awb-spacing-left-medium:1.92%;--awb-width-small:100%;--awb-spacing-right-small:1.92%;--awb-spacing-left-small:1.92%;\"><div class=\"fusion-column-wrapper fusion-flex-justify-content-flex-start fusion-content-layout-column\"><div class=\"fusion-text fusion-text-1\"><p>Mixtron Dosierpumpen sind Qualit\u00e4tspumpen aus Italien.<\/p>\n<p>Wir haben diese Pumpen selbst auf unserem Testgel\u00e4nde mit verschiedenen Produkten getestet und sind von der Qualit\u00e4t beeindruckt.<\/p>\n<p>Mixtron mit extern einstellbarem Mischungsverh\u00e4ltnis, mit s\u00e4ure-, \u00f6l- und pestizidbest\u00e4ndigen Dichtungen.<\/p>\n<p>F\u00fcr stark konzentrierte S\u00e4uren ist ein spezielles Modell erh\u00e4ltlich. Auf Anfrage ist auch ein umfangreiches Sortiment an anderen Mixtron-Modellen erh\u00e4ltlich. Pumpenwartung oder Ersatzteile k\u00f6nnen ebenfalls auf Anfrage bestellt werden. <\/p>\n<p>Selbstansaugend: maximale Saugh\u00f6he 4 mtr.<\/p>\n<p>Anschluss: 3\/4&#8243; Au\u00dfengewinde.<\/p>\n<p>Durchflussmenge: Min. 10 ltr &#8211; <strong>max. 1500 ltr pro Stunde<\/strong><\/p>\n<p>Arbeitsdruck : Min. 0,3 bar &#8211; max. 6 bar<\/p>\n<p>Mischungsverh\u00e4ltnis: 1 &#8211; 5%<\/p>\n<p>Die technischen Daten finden Sie im Anhang: <a href=\"http:\/\/vewitechniek.nl\/wp-content\/uploads\/2023\/02\/MX.150.P150-2.pdf\" target=\"_blank\" rel=\"noopener\">MX.150.P150-2<\/a><\/p>\n<\/div><\/div><\/div><\/div><\/div>\n","protected":false},"excerpt":{"rendered":"","protected":false},"featured_media":7754,"comment_status":"closed","ping_status":"closed","template":"","meta":[],"product_brand":[],"product_cat":[298,306],"product_tag":[612,635,637,641,645,646,662,672,691,700],"class_list":{"0":"post-13794","1":"product","2":"type-product","3":"status-publish","4":"has-post-thumbnail","6":"product_cat-dosierpumpen","7":"product_cat-mixtron-de","8":"product_tag-aquados-de","9":"product_tag-dosatron-de","10":"product_tag-dosierpumpe","11":"product_tag-dostec-de","12":"product_tag-emec-de","13":"product_tag-etatron-de","14":"product_tag-hydro-de","15":"product_tag-mixtron-de","16":"product_tag-seko-de","17":"product_tag-tefen-de","19":"first","20":"instock","21":"taxable","22":"shipping-taxable","23":"purchasable","24":"product-type-simple"},"_links":{"self":[{"href":"https:\/\/www.vewitechniek.nl\/de\/wp-json\/wp\/v2\/product\/13794","targetHints":{"allow":["GET"]}}],"collection":[{"href":"https:\/\/www.vewitechniek.nl\/de\/wp-json\/wp\/v2\/product"}],"about":[{"href":"https:\/\/www.vewitechniek.nl\/de\/wp-json\/wp\/v2\/types\/product"}],"replies":[{"embeddable":true,"href":"https:\/\/www.vewitechniek.nl\/de\/wp-json\/wp\/v2\/comments?post=13794"}],"wp:featuredmedia":[{"embeddable":true,"href":"https:\/\/www.vewitechniek.nl\/de\/wp-json\/wp\/v2\/media\/7754"}],"wp:attachment":[{"href":"https:\/\/www.vewitechniek.nl\/de\/wp-json\/wp\/v2\/media?parent=13794"}],"wp:term":[{"taxonomy":"product_brand","embeddable":true,"href":"https:\/\/www.vewitechniek.nl\/de\/wp-json\/wp\/v2\/product_brand?post=13794"},{"taxonomy":"product_cat","embeddable":true,"href":"https:\/\/www.vewitechniek.nl\/de\/wp-json\/wp\/v2\/product_cat?post=13794"},{"taxonomy":"product_tag","embeddable":true,"href":"https:\/\/www.vewitechniek.nl\/de\/wp-json\/wp\/v2\/product_tag?post=13794"}],"curies":[{"name":"wp","href":"https:\/\/api.w.org\/{rel}","templated":true}]}}