{"id":13809,"date":"2023-01-17T09:59:10","date_gmt":"2025-06-30T14:19:17","guid":{"rendered":"https:\/\/www.vewitechniek.nl\/product\/venke-ir-1000-watt-infrarot-heizpaneel-elektrisch\/"},"modified":"2025-06-30T15:19:18","modified_gmt":"2025-06-30T14:19:18","slug":"venke-ir-1000-watt-infrarot-heizpaneel-elektrisch","status":"publish","type":"product","link":"https:\/\/www.vewitechniek.nl\/de\/produkt\/venke-ir-1000-watt-infrarot-heizpaneel-elektrisch\/","title":{"rendered":"Venke IR 1000 Watt Infrarot-Heizpaneel elektrisch"},"content":{"rendered":"<div class=\"fusion-fullwidth fullwidth-box fusion-builder-row-1 fusion-flex-container nonhundred-percent-fullwidth non-hundred-percent-height-scrolling\" style=\"--awb-border-radius-top-left:0px;--awb-border-radius-top-right:0px;--awb-border-radius-bottom-right:0px;--awb-border-radius-bottom-left:0px;--awb-flex-wrap:wrap;\" ><div class=\"fusion-builder-row fusion-row fusion-flex-align-items-flex-start fusion-flex-content-wrap\" style=\"max-width:1331.2px;margin-left: calc(-4% \/ 2 );margin-right: calc(-4% \/ 2 );\"><div class=\"fusion-layout-column fusion_builder_column fusion-builder-column-0 fusion_builder_column_1_1 1_1 fusion-flex-column\" style=\"--awb-bg-size:cover;--awb-width-large:100%;--awb-margin-top-large:0px;--awb-spacing-right-large:1.92%;--awb-margin-bottom-large:0px;--awb-spacing-left-large:1.92%;--awb-width-medium:100%;--awb-spacing-right-medium:1.92%;--awb-spacing-left-medium:1.92%;--awb-width-small:100%;--awb-spacing-right-small:1.92%;--awb-spacing-left-small:1.92%;\"><div class=\"fusion-column-wrapper fusion-flex-justify-content-flex-start fusion-content-layout-column\"><div class=\"fusion-text fusion-text-1\"><p>Elektrische Infrarot-Heizpaneele von Venke sind hochwertige Paneele.<\/p>\n<p>Die Panels sind einfach zu installieren. Einstecken und loslegen! Optional mit Thermostat f\u00fcr eine optimale Temperaturkontrolle erh\u00e4ltlich. Die Paneele erw\u00e4rmen Gegenst\u00e4nde oder Personen, aber nicht den gesamten Raum. Das sorgt f\u00fcr optimalen Komfort und niedrigen Energieverbrauch.    <\/p>\n<p>Leistungsabgabe: 1000 Watt<\/p>\n<p>Abmessungen: 1192x850x30 mm<br \/>\nInklusive Aufh\u00e4ngeb\u00fcgel, Kabel und Stecker.<\/p>\n<\/div><\/div><\/div><\/div><\/div>\n","protected":false},"excerpt":{"rendered":"","protected":false},"featured_media":5345,"comment_status":"closed","ping_status":"closed","template":"","meta":[],"product_brand":[],"product_cat":[320,322],"product_tag":[785,871,757,770,772],"class_list":{"0":"post-13809","1":"product","2":"type-product","3":"status-publish","4":"has-post-thumbnail","6":"product_cat-infrarot-heizpaneele","7":"product_cat-infrarotheizung","8":"product_tag-infrarood-verwarming-de","9":"product_tag-heizung","10":"product_tag-elektrische-heizung","11":"product_tag-infrarood-de","12":"product_tag-infrarood-paneel-de","14":"first","15":"instock","16":"taxable","17":"shipping-taxable","18":"purchasable","19":"product-type-simple"},"_links":{"self":[{"href":"https:\/\/www.vewitechniek.nl\/de\/wp-json\/wp\/v2\/product\/13809","targetHints":{"allow":["GET"]}}],"collection":[{"href":"https:\/\/www.vewitechniek.nl\/de\/wp-json\/wp\/v2\/product"}],"about":[{"href":"https:\/\/www.vewitechniek.nl\/de\/wp-json\/wp\/v2\/types\/product"}],"replies":[{"embeddable":true,"href":"https:\/\/www.vewitechniek.nl\/de\/wp-json\/wp\/v2\/comments?post=13809"}],"wp:featuredmedia":[{"embeddable":true,"href":"https:\/\/www.vewitechniek.nl\/de\/wp-json\/wp\/v2\/media\/5345"}],"wp:attachment":[{"href":"https:\/\/www.vewitechniek.nl\/de\/wp-json\/wp\/v2\/media?parent=13809"}],"wp:term":[{"taxonomy":"product_brand","embeddable":true,"href":"https:\/\/www.vewitechniek.nl\/de\/wp-json\/wp\/v2\/product_brand?post=13809"},{"taxonomy":"product_cat","embeddable":true,"href":"https:\/\/www.vewitechniek.nl\/de\/wp-json\/wp\/v2\/product_cat?post=13809"},{"taxonomy":"product_tag","embeddable":true,"href":"https:\/\/www.vewitechniek.nl\/de\/wp-json\/wp\/v2\/product_tag?post=13809"}],"curies":[{"name":"wp","href":"https:\/\/api.w.org\/{rel}","templated":true}]}}