{"id":13811,"date":"2023-01-04T14:46:07","date_gmt":"2025-06-30T14:19:54","guid":{"rendered":"https:\/\/www.vewitechniek.nl\/product\/maddalena-cd-ein-wasserzaehler-q325-kaltwasser\/"},"modified":"2025-06-30T15:20:00","modified_gmt":"2025-06-30T14:20:00","slug":"maddalena-cd-ein-wasserzaehler-q325-kaltwasser","status":"publish","type":"product","link":"https:\/\/www.vewitechniek.nl\/de\/produkt\/maddalena-cd-ein-wasserzaehler-q325-kaltwasser\/","title":{"rendered":"Maddalena CD Ein Wasserz\u00e4hler Q3=2,5 Kaltwasser"},"content":{"rendered":"<div class=\"fusion-fullwidth fullwidth-box fusion-builder-row-1 fusion-flex-container nonhundred-percent-fullwidth non-hundred-percent-height-scrolling\" style=\"--awb-border-radius-top-left:0px;--awb-border-radius-top-right:0px;--awb-border-radius-bottom-right:0px;--awb-border-radius-bottom-left:0px;--awb-flex-wrap:wrap;\" ><div class=\"fusion-builder-row fusion-row fusion-flex-align-items-flex-start fusion-flex-content-wrap\" style=\"max-width:1331.2px;margin-left: calc(-4% \/ 2 );margin-right: calc(-4% \/ 2 );\"><div class=\"fusion-layout-column fusion_builder_column fusion-builder-column-0 fusion_builder_column_1_1 1_1 fusion-flex-column\" style=\"--awb-bg-size:cover;--awb-width-large:100%;--awb-margin-top-large:0px;--awb-spacing-right-large:1.92%;--awb-margin-bottom-large:0px;--awb-spacing-left-large:1.92%;--awb-width-medium:100%;--awb-spacing-right-medium:1.92%;--awb-spacing-left-medium:1.92%;--awb-width-small:100%;--awb-spacing-right-small:1.92%;--awb-spacing-left-small:1.92%;\"><div class=\"fusion-column-wrapper fusion-flex-justify-content-flex-start fusion-content-layout-column\"><div class=\"fusion-text fusion-text-1\"><p>Maddalena CD ONE TRP Wasserz\u00e4hler<\/p>\n<p>Q3 = 2.5<\/p>\n<p>Anschluss Q3= 2.5 15 mm 1\/2&#8243;<\/p>\n<p>L\u00e4nge = 110 mm<\/p>\n<p>geeignet f\u00fcr Kaltwasser &lt; 50 Grad Celsius<\/p>\n<p>Die Wasserz\u00e4hler sind vorbereitet f\u00fcr den Einbau eines Impulsgebers f\u00fcr einen Reed-Kontakt, induktiv, siehe Impulsgeber auf der Website.<\/p>\n<p>Alle Produktinformationen der Maddalena DS Wasserz\u00e4hler finden Sie in dem beigef\u00fcgten Link \/ pdf. <a href=\"http:\/\/vewitechniek.nl\/wp-content\/uploads\/2023\/01\/Maddalena-Brochure-CD-ONE-TRP-MID-WATER-METER-ENG.pdf\" target=\"_blank\" rel=\"noopener\">Maddalena-Brosch\u00fcre-CD-ONE-TRP-MID-WASSERZ\u00c4HLER-ENG<\/a><\/p>\n<p>Wenn das Modell, das Sie suchen, nicht aufgef\u00fchrt ist, fragen Sie bitte per E-Mail oder telefonisch nach oder besuchen Sie www.maddalena.nu.<\/p>\n<\/div><\/div><\/div><\/div><\/div>\n","protected":false},"excerpt":{"rendered":"","protected":false},"featured_media":5190,"comment_status":"closed","ping_status":"closed","template":"","meta":[],"product_brand":[],"product_cat":[362,370,1548],"product_tag":[644,663,670,677,688,713,897,1624],"class_list":{"0":"post-13811","1":"product","2":"type-product","3":"status-publish","4":"has-post-thumbnail","6":"product_cat-maddalena-de-2","7":"product_cat-wasserzaehler","8":"product_cat-maddalena-wasserzahler","9":"product_tag-elster-de","10":"product_tag-itron-de","11":"product_tag-maddalena-de","12":"product_tag-one-trp-de","13":"product_tag-sensus-de","14":"product_tag-zenner-de","15":"product_tag-wasserzaehler","16":"product_tag-cd-eins","18":"first","19":"instock","20":"taxable","21":"shipping-taxable","22":"purchasable","23":"product-type-simple"},"_links":{"self":[{"href":"https:\/\/www.vewitechniek.nl\/de\/wp-json\/wp\/v2\/product\/13811","targetHints":{"allow":["GET"]}}],"collection":[{"href":"https:\/\/www.vewitechniek.nl\/de\/wp-json\/wp\/v2\/product"}],"about":[{"href":"https:\/\/www.vewitechniek.nl\/de\/wp-json\/wp\/v2\/types\/product"}],"replies":[{"embeddable":true,"href":"https:\/\/www.vewitechniek.nl\/de\/wp-json\/wp\/v2\/comments?post=13811"}],"wp:featuredmedia":[{"embeddable":true,"href":"https:\/\/www.vewitechniek.nl\/de\/wp-json\/wp\/v2\/media\/5190"}],"wp:attachment":[{"href":"https:\/\/www.vewitechniek.nl\/de\/wp-json\/wp\/v2\/media?parent=13811"}],"wp:term":[{"taxonomy":"product_brand","embeddable":true,"href":"https:\/\/www.vewitechniek.nl\/de\/wp-json\/wp\/v2\/product_brand?post=13811"},{"taxonomy":"product_cat","embeddable":true,"href":"https:\/\/www.vewitechniek.nl\/de\/wp-json\/wp\/v2\/product_cat?post=13811"},{"taxonomy":"product_tag","embeddable":true,"href":"https:\/\/www.vewitechniek.nl\/de\/wp-json\/wp\/v2\/product_tag?post=13811"}],"curies":[{"name":"wp","href":"https:\/\/api.w.org\/{rel}","templated":true}]}}