{"id":13813,"date":"2022-09-15T14:52:09","date_gmt":"2025-06-30T14:19:57","guid":{"rendered":"https:\/\/www.vewitechniek.nl\/product\/2-teilige-messingkupplung-2-fuer-wasserzaehler\/"},"modified":"2025-06-30T15:20:01","modified_gmt":"2025-06-30T14:20:01","slug":"2-teilige-messingkupplung-2-fuer-wasserzaehler","status":"publish","type":"product","link":"https:\/\/www.vewitechniek.nl\/de\/produkt\/2-teilige-messingkupplung-2-fuer-wasserzaehler\/","title":{"rendered":"2-teilige Messingkupplung 2&#8243; f\u00fcr Wasserz\u00e4hler"},"content":{"rendered":"<div class=\"fusion-fullwidth fullwidth-box fusion-builder-row-1 fusion-flex-container nonhundred-percent-fullwidth non-hundred-percent-height-scrolling\" style=\"--awb-border-radius-top-left:0px;--awb-border-radius-top-right:0px;--awb-border-radius-bottom-right:0px;--awb-border-radius-bottom-left:0px;--awb-flex-wrap:wrap;\" ><div class=\"fusion-builder-row fusion-row fusion-flex-align-items-flex-start fusion-flex-content-wrap\" style=\"max-width:1331.2px;margin-left: calc(-4% \/ 2 );margin-right: calc(-4% \/ 2 );\"><div class=\"fusion-layout-column fusion_builder_column fusion-builder-column-0 fusion_builder_column_1_1 1_1 fusion-flex-column\" style=\"--awb-bg-size:cover;--awb-width-large:100%;--awb-margin-top-large:0px;--awb-spacing-right-large:1.92%;--awb-margin-bottom-large:0px;--awb-spacing-left-large:1.92%;--awb-width-medium:100%;--awb-spacing-right-medium:1.92%;--awb-spacing-left-medium:1.92%;--awb-width-small:100%;--awb-spacing-right-small:1.92%;--awb-spacing-left-small:1.92%;\"><div class=\"fusion-column-wrapper fusion-flex-justify-content-flex-start fusion-content-layout-column\"><div class=\"fusion-text fusion-text-1\"><p>2 St\u00fcck Wasserz\u00e4hlerkupplung flachdichtend aus Messing. Satz von 2 St\u00fcck inklusive 2 Dichtungsgummis. Gr\u00f6\u00dfe 2&#8243; bi x 1 1\/2&#8243; Biegung<\/p>\n<\/div><\/div><\/div><\/div><\/div>\n","protected":false},"excerpt":{"rendered":"<p>&nbsp;<\/p>\n<p>&nbsp;<\/p>\n","protected":false},"featured_media":5249,"comment_status":"closed","ping_status":"closed","template":"","meta":[],"product_brand":[],"product_cat":[1327,1328,1353,370],"product_tag":[675,720,725,726,783,798,808,890,897,898,674],"class_list":{"0":"post-13813","1":"product","2":"type-product","3":"status-publish","4":"has-post-thumbnail","6":"product_cat-edelstahl-messing","7":"product_cat-messingbeschlage","8":"product_cat-zubehoer","9":"product_cat-wasserzaehler","10":"product_tag-3-3-kopplung-de","11":"product_tag-halterung","12":"product_tag-edelstahl-halterung","13":"product_tag-halterung-verzinkt","14":"product_tag-koppeling-de","15":"product_tag-messing-de","16":"product_tag-wandhalterung","17":"product_tag-kabelverschraubungen","18":"product_tag-wasserzaehler","19":"product_tag-wasserzaehlerhalter","20":"product_tag-2-stueck-de","22":"first","23":"instock","24":"taxable","25":"shipping-taxable","26":"purchasable","27":"product-type-simple"},"_links":{"self":[{"href":"https:\/\/www.vewitechniek.nl\/de\/wp-json\/wp\/v2\/product\/13813","targetHints":{"allow":["GET"]}}],"collection":[{"href":"https:\/\/www.vewitechniek.nl\/de\/wp-json\/wp\/v2\/product"}],"about":[{"href":"https:\/\/www.vewitechniek.nl\/de\/wp-json\/wp\/v2\/types\/product"}],"replies":[{"embeddable":true,"href":"https:\/\/www.vewitechniek.nl\/de\/wp-json\/wp\/v2\/comments?post=13813"}],"wp:featuredmedia":[{"embeddable":true,"href":"https:\/\/www.vewitechniek.nl\/de\/wp-json\/wp\/v2\/media\/5249"}],"wp:attachment":[{"href":"https:\/\/www.vewitechniek.nl\/de\/wp-json\/wp\/v2\/media?parent=13813"}],"wp:term":[{"taxonomy":"product_brand","embeddable":true,"href":"https:\/\/www.vewitechniek.nl\/de\/wp-json\/wp\/v2\/product_brand?post=13813"},{"taxonomy":"product_cat","embeddable":true,"href":"https:\/\/www.vewitechniek.nl\/de\/wp-json\/wp\/v2\/product_cat?post=13813"},{"taxonomy":"product_tag","embeddable":true,"href":"https:\/\/www.vewitechniek.nl\/de\/wp-json\/wp\/v2\/product_tag?post=13813"}],"curies":[{"name":"wp","href":"https:\/\/api.w.org\/{rel}","templated":true}]}}