{"id":13818,"date":"2022-08-21T14:35:14","date_gmt":"2022-08-21T13:35:14","guid":{"rendered":"https:\/\/www.vewitechniek.nl\/product\/vertikaler-edelstahl-304-tank-ohne-membran-600-ltr\/"},"modified":"2025-06-30T15:20:19","modified_gmt":"2025-06-30T14:20:19","slug":"vertikaler-edelstahl-304-tank-ohne-membran-600-ltr","status":"publish","type":"product","link":"https:\/\/www.vewitechniek.nl\/de\/produkt\/vertikaler-edelstahl-304-tank-ohne-membran-600-ltr\/","title":{"rendered":"Vertikaler Edelstahl 304 Tank ohne Membran 600 ltr."},"content":{"rendered":"<div class=\"fusion-fullwidth fullwidth-box fusion-builder-row-1 fusion-flex-container nonhundred-percent-fullwidth non-hundred-percent-height-scrolling\" style=\"--awb-border-radius-top-left:0px;--awb-border-radius-top-right:0px;--awb-border-radius-bottom-right:0px;--awb-border-radius-bottom-left:0px;--awb-flex-wrap:wrap;\" ><div class=\"fusion-builder-row fusion-row fusion-flex-align-items-flex-start fusion-flex-content-wrap\" style=\"max-width:1331.2px;margin-left: calc(-4% \/ 2 );margin-right: calc(-4% \/ 2 );\"><div class=\"fusion-layout-column fusion_builder_column fusion-builder-column-0 fusion_builder_column_1_1 1_1 fusion-flex-column\" style=\"--awb-bg-size:cover;--awb-width-large:100%;--awb-margin-top-large:0px;--awb-spacing-right-large:1.92%;--awb-margin-bottom-large:0px;--awb-spacing-left-large:1.92%;--awb-width-medium:100%;--awb-spacing-right-medium:1.92%;--awb-spacing-left-medium:1.92%;--awb-width-small:100%;--awb-spacing-right-small:1.92%;--awb-spacing-left-small:1.92%;\"><div class=\"fusion-column-wrapper fusion-flex-justify-content-flex-start fusion-content-layout-column\"><div class=\"fusion-text fusion-text-1\"><p>Sie k\u00f6nnen die Edelstahltanks von Vewi Techniek als Pausenbeh\u00e4lter oder als Reservoir zum Sammeln Ihres R\u00fccklaufwassers in einem Kreislaufsystem verwenden.<\/p>\n<p>Nat\u00fcrlich ist auch die Kombination m\u00f6glich.<\/p>\n<p>Tanks aus rostfreiem Stahl 304 haben den Vorteil, dass sie Wasser oder andere Fl\u00fcssigkeiten in gutem Zustand halten und weniger wahrscheinlich Ablagerungen auf der Innenseite bilden.<\/p>\n<p>Wir k\u00f6nnen die Tanks mit einer F\u00fcllstandskontrolle ausstatten, um das Wasser auf dem richtigen Niveau zu halten.<\/p>\n<p>Vor allem als Kombination Bremstank\/R\u00fccklauftank ideal. Der Tank sollte einen maximalen Druck von 6 bar haben. <\/p>\n<hr>\n<p><strong>\u00c4hnliche Produkte:<br \/>\n<a href=\"http:\/\/vewitechniek.nl\/product\/e-sybox\/\" target=\"_blank\" rel=\"noopener\"><img decoding=\"async\" class=\"lazyload alignnone size-medium wp-image-1279\" src=\"http:\/\/vewitechniek.nl\/wp-content\/uploads\/2018\/06\/Dab-Sybox-gerelateerd-product-999--234x300.png\" data-orig-src=\"http:\/\/vewitechniek.nl\/wp-content\/uploads\/2018\/06\/Dab-Sybox-gerelateerd-product-999--234x300.png\" alt=\"\" width=\"234\" height=\"300\" srcset=\"data:image\/svg+xml,%3Csvg%20xmlns%3D%27http%3A%2F%2Fwww.w3.org%2F2000%2Fsvg%27%20width%3D%27234%27%20height%3D%27300%27%20viewBox%3D%270%200%20234%20300%27%3E%3Crect%20width%3D%27234%27%20height%3D%27300%27%20fill-opacity%3D%220%22%2F%3E%3C%2Fsvg%3E\" data-srcset=\"https:\/\/www.vewitechniek.nl\/oorduxug\/2018\/06\/Dab-Sybox-gerelateerd-product-999--234x300.png 234w, https:\/\/www.vewitechniek.nl\/oorduxug\/2018\/06\/Dab-Sybox-gerelateerd-product-999-.png 400w\" data-sizes=\"auto\" data-orig-sizes=\"(max-width: 234px) 100vw, 234px\" \/><\/a><\/strong><\/p>\n<\/div><\/div><\/div><\/div><\/div>\n","protected":false},"excerpt":{"rendered":"<p>Der Tank darf mit einem maximalen Druck von 6 bar beaufschlagt werden. Der Tank mit einem Fassungsverm\u00f6gen von 600 Litern steht senkrecht und ist 2095 mm hoch und hat einen Durchmesser von 635 mm. <\/p>\n","protected":false},"featured_media":5283,"comment_status":"closed","ping_status":"closed","template":"","meta":[],"product_brand":[],"product_cat":[348,1338],"product_tag":[682,733,735,887],"class_list":{"0":"post-13818","1":"product","2":"type-product","3":"status-publish","4":"has-post-thumbnail","6":"product_cat-edelstahltanks","7":"product_cat-tanks-aus-edelstahl","8":"product_tag-edelstahltank-de","9":"product_tag-break-tank-de","10":"product_tag-puffertank","11":"product_tag-speicher","12":"product_shipping_class-e50-de","14":"first","15":"instock","16":"taxable","17":"shipping-taxable","18":"purchasable","19":"product-type-simple"},"_links":{"self":[{"href":"https:\/\/www.vewitechniek.nl\/de\/wp-json\/wp\/v2\/product\/13818","targetHints":{"allow":["GET"]}}],"collection":[{"href":"https:\/\/www.vewitechniek.nl\/de\/wp-json\/wp\/v2\/product"}],"about":[{"href":"https:\/\/www.vewitechniek.nl\/de\/wp-json\/wp\/v2\/types\/product"}],"replies":[{"embeddable":true,"href":"https:\/\/www.vewitechniek.nl\/de\/wp-json\/wp\/v2\/comments?post=13818"}],"wp:featuredmedia":[{"embeddable":true,"href":"https:\/\/www.vewitechniek.nl\/de\/wp-json\/wp\/v2\/media\/5283"}],"wp:attachment":[{"href":"https:\/\/www.vewitechniek.nl\/de\/wp-json\/wp\/v2\/media?parent=13818"}],"wp:term":[{"taxonomy":"product_brand","embeddable":true,"href":"https:\/\/www.vewitechniek.nl\/de\/wp-json\/wp\/v2\/product_brand?post=13818"},{"taxonomy":"product_cat","embeddable":true,"href":"https:\/\/www.vewitechniek.nl\/de\/wp-json\/wp\/v2\/product_cat?post=13818"},{"taxonomy":"product_tag","embeddable":true,"href":"https:\/\/www.vewitechniek.nl\/de\/wp-json\/wp\/v2\/product_tag?post=13818"}],"curies":[{"name":"wp","href":"https:\/\/api.w.org\/{rel}","templated":true}]}}