{"id":13822,"date":"2022-06-08T13:54:54","date_gmt":"2025-06-30T14:20:30","guid":{"rendered":"https:\/\/www.vewitechniek.nl\/product\/wasserzaehler-itron-unimag-plus-q32-5-l110mm\/"},"modified":"2026-04-02T16:51:19","modified_gmt":"2026-04-02T15:51:19","slug":"wasserzaehler-itron-unimag-plus-q32-5-l110mm","status":"publish","type":"product","link":"https:\/\/www.vewitechniek.nl\/de\/produkt\/wasserzaehler-itron-unimag-plus-q32-5-l110mm\/","title":{"rendered":"Wasserz\u00e4hler Itron Unimag plus Q3=2.5 L=110mm"},"content":{"rendered":"<div class=\"fusion-fullwidth fullwidth-box fusion-builder-row-1 fusion-flex-container nonhundred-percent-fullwidth non-hundred-percent-height-scrolling\" style=\"--awb-border-radius-top-left:0px;--awb-border-radius-top-right:0px;--awb-border-radius-bottom-right:0px;--awb-border-radius-bottom-left:0px;--awb-flex-wrap:wrap;\" ><div class=\"fusion-builder-row fusion-row fusion-flex-align-items-flex-start fusion-flex-content-wrap\" style=\"max-width:1331.2px;margin-left: calc(-4% \/ 2 );margin-right: calc(-4% \/ 2 );\"><div class=\"fusion-layout-column fusion_builder_column fusion-builder-column-0 fusion_builder_column_1_1 1_1 fusion-flex-column\" style=\"--awb-bg-size:cover;--awb-width-large:100%;--awb-margin-top-large:0px;--awb-spacing-right-large:1.92%;--awb-margin-bottom-large:0px;--awb-spacing-left-large:1.92%;--awb-width-medium:100%;--awb-spacing-right-medium:1.92%;--awb-spacing-left-medium:1.92%;--awb-width-small:100%;--awb-spacing-right-small:1.92%;--awb-spacing-left-small:1.92%;\"><div class=\"fusion-column-wrapper fusion-flex-justify-content-flex-start fusion-content-layout-column\"><div class=\"fusion-text fusion-text-1\"><p>Volumetrischer Wasserz\u00e4hler Itron Q3=2.5 L=110 mit 3\/4&#8243; Anschluss am Geh\u00e4use.<\/p>\n<p>Ausgestattet mit Magnet f\u00fcr induktiven Impulsgeber 1 Impuls pro Liter.<\/p>\n<p>Optional mit Cyble Impulsgeber erh\u00e4ltlich. Wenn Sie eine bestimmte L\u00e4nge ben\u00f6tigen, geben Sie dies bitte an.<\/p>\n<\/div><\/div><\/div><\/div><\/div>\n","protected":false},"excerpt":{"rendered":"<p>Wasserz\u00e4hler Itron Unimag+ Q3=2.50 L=110<\/p>\n<p> Bochure:<\/p>\n<p><a href=\"http:\/\/vewitechniek.nl\/wp-content\/uploads\/2019\/04\/Unimag-EN-2021.pdf\">Unimag+ EN 2021<\/a><\/p>\n","protected":false},"featured_media":9417,"comment_status":"closed","ping_status":"closed","template":"","meta":[],"product_brand":[],"product_cat":[370,374],"product_tag":[644,663,670,688,713,897],"class_list":{"0":"post-13822","1":"product","2":"type-product","3":"status-publish","4":"has-post-thumbnail","6":"product_cat-wasserzaehler","7":"product_cat-itron-de-2","8":"product_tag-elster-de","9":"product_tag-itron-de","10":"product_tag-maddalena-de","11":"product_tag-sensus-de","12":"product_tag-zenner-de","13":"product_tag-wasserzaehler","15":"first","16":"instock","17":"taxable","18":"shipping-taxable","19":"purchasable","20":"product-type-simple"},"_links":{"self":[{"href":"https:\/\/www.vewitechniek.nl\/de\/wp-json\/wp\/v2\/product\/13822","targetHints":{"allow":["GET"]}}],"collection":[{"href":"https:\/\/www.vewitechniek.nl\/de\/wp-json\/wp\/v2\/product"}],"about":[{"href":"https:\/\/www.vewitechniek.nl\/de\/wp-json\/wp\/v2\/types\/product"}],"replies":[{"embeddable":true,"href":"https:\/\/www.vewitechniek.nl\/de\/wp-json\/wp\/v2\/comments?post=13822"}],"wp:featuredmedia":[{"embeddable":true,"href":"https:\/\/www.vewitechniek.nl\/de\/wp-json\/wp\/v2\/media\/9417"}],"wp:attachment":[{"href":"https:\/\/www.vewitechniek.nl\/de\/wp-json\/wp\/v2\/media?parent=13822"}],"wp:term":[{"taxonomy":"product_brand","embeddable":true,"href":"https:\/\/www.vewitechniek.nl\/de\/wp-json\/wp\/v2\/product_brand?post=13822"},{"taxonomy":"product_cat","embeddable":true,"href":"https:\/\/www.vewitechniek.nl\/de\/wp-json\/wp\/v2\/product_cat?post=13822"},{"taxonomy":"product_tag","embeddable":true,"href":"https:\/\/www.vewitechniek.nl\/de\/wp-json\/wp\/v2\/product_tag?post=13822"}],"curies":[{"name":"wp","href":"https:\/\/api.w.org\/{rel}","templated":true}]}}