{"id":13832,"date":"2021-08-26T07:48:13","date_gmt":"2025-06-30T14:20:51","guid":{"rendered":"https:\/\/www.vewitechniek.nl\/product\/dosatron-d3re2vf-mischungsverhaeltnis-02-2\/"},"modified":"2025-08-12T09:36:43","modified_gmt":"2025-08-12T08:36:43","slug":"dosatron-d3re2vf-mischungsverhaeltnis-02-2","status":"publish","type":"product","link":"https:\/\/www.vewitechniek.nl\/de\/produkt\/dosatron-d3re2vf-mischungsverhaeltnis-02-2\/","title":{"rendered":"Dosatron D3RE2VF &#8211; Mischungsverh\u00e4ltnis: 0,2 &#8211; 2%"},"content":{"rendered":"<div class=\"fusion-fullwidth fullwidth-box fusion-builder-row-1 fusion-flex-container nonhundred-percent-fullwidth non-hundred-percent-height-scrolling\" style=\"--awb-border-radius-top-left:0px;--awb-border-radius-top-right:0px;--awb-border-radius-bottom-right:0px;--awb-border-radius-bottom-left:0px;--awb-flex-wrap:wrap;\" ><div class=\"fusion-builder-row fusion-row fusion-flex-align-items-flex-start fusion-flex-content-wrap\" style=\"max-width:1331.2px;margin-left: calc(-4% \/ 2 );margin-right: calc(-4% \/ 2 );\"><div class=\"fusion-layout-column fusion_builder_column fusion-builder-column-0 fusion_builder_column_1_1 1_1 fusion-flex-column\" style=\"--awb-bg-size:cover;--awb-width-large:100%;--awb-margin-top-large:0px;--awb-spacing-right-large:1.92%;--awb-margin-bottom-large:0px;--awb-spacing-left-large:1.92%;--awb-width-medium:100%;--awb-spacing-right-medium:1.92%;--awb-spacing-left-medium:1.92%;--awb-width-small:100%;--awb-spacing-right-small:1.92%;--awb-spacing-left-small:1.92%;\"><div class=\"fusion-column-wrapper fusion-flex-justify-content-flex-start fusion-content-layout-column\"><div class=\"fusion-text fusion-text-1\"><p>Dosatron mit extern einstellbarem Mischungsverh\u00e4ltnis, mit s\u00e4ure-, \u00f6l- und pestizidbest\u00e4ndigen Dichtungen.<\/p>\n<p>F\u00fcr stark konzentrierte S\u00e4uren gibt es ein spezielles PVDF-Modell (wei\u00df). Auf Anfrage erh\u00e4ltlich. <\/p>\n<p>Selbstansaugend: maximale Saugh\u00f6he 4 mtr.<\/p>\n<p>Anschluss: 3\/4&#8243; Au\u00dfengewinde.<\/p>\n<p>Durchflussmenge: Min. 10 ltr &#8211; max. 3000 ltr pro Stunde<\/p>\n<p>Arbeitsdruck : Min. 0,3 bar &#8211; max. 6 bar<\/p>\n<p>D3RE2VF &#8211; Mischungsverh\u00e4ltnis: 0.2% &#8211; 2%.<\/p>\n<p>Handbuch: <a href=\"https:\/\/www.vewitechniek.nl\/oorduxug\/2024\/04\/Handleiding-D3RE.pdf\">Handbuch D3RE<\/a><\/p>\n<p>Teile: <a href=\"https:\/\/www.vewitechniek.nl\/oorduxug\/2021\/08\/D3RE2D-onderdelen-uitgebreid.pdf\">D3RE2D erweiterte Teile<\/a><\/p>\n<\/div><\/div><\/div><\/div><\/div>\n","protected":false},"excerpt":{"rendered":"","protected":false},"featured_media":5267,"comment_status":"closed","ping_status":"closed","template":"","meta":[],"product_brand":[],"product_cat":[298,300],"product_tag":[612,635,637,641,645,646,662,672,691,700,1696,1697],"class_list":{"0":"post-13832","1":"product","2":"type-product","3":"status-publish","4":"has-post-thumbnail","6":"product_cat-dosierpumpen","7":"product_cat-dosatron-de","8":"product_tag-aquados-de","9":"product_tag-dosatron-de","10":"product_tag-dosierpumpe","11":"product_tag-dostec-de","12":"product_tag-emec-de","13":"product_tag-etatron-de","14":"product_tag-hydro-de","15":"product_tag-mixtron-de","16":"product_tag-seko-de","17":"product_tag-tefen-de","18":"product_tag-d3re2-de","19":"product_tag-d3re2vf-de","21":"first","22":"instock","23":"taxable","24":"shipping-taxable","25":"purchasable","26":"product-type-simple"},"_links":{"self":[{"href":"https:\/\/www.vewitechniek.nl\/de\/wp-json\/wp\/v2\/product\/13832","targetHints":{"allow":["GET"]}}],"collection":[{"href":"https:\/\/www.vewitechniek.nl\/de\/wp-json\/wp\/v2\/product"}],"about":[{"href":"https:\/\/www.vewitechniek.nl\/de\/wp-json\/wp\/v2\/types\/product"}],"replies":[{"embeddable":true,"href":"https:\/\/www.vewitechniek.nl\/de\/wp-json\/wp\/v2\/comments?post=13832"}],"wp:featuredmedia":[{"embeddable":true,"href":"https:\/\/www.vewitechniek.nl\/de\/wp-json\/wp\/v2\/media\/5267"}],"wp:attachment":[{"href":"https:\/\/www.vewitechniek.nl\/de\/wp-json\/wp\/v2\/media?parent=13832"}],"wp:term":[{"taxonomy":"product_brand","embeddable":true,"href":"https:\/\/www.vewitechniek.nl\/de\/wp-json\/wp\/v2\/product_brand?post=13832"},{"taxonomy":"product_cat","embeddable":true,"href":"https:\/\/www.vewitechniek.nl\/de\/wp-json\/wp\/v2\/product_cat?post=13832"},{"taxonomy":"product_tag","embeddable":true,"href":"https:\/\/www.vewitechniek.nl\/de\/wp-json\/wp\/v2\/product_tag?post=13832"}],"curies":[{"name":"wp","href":"https:\/\/api.w.org\/{rel}","templated":true}]}}