{"id":13838,"date":"2021-08-17T11:38:14","date_gmt":"2025-06-30T14:21:05","guid":{"rendered":"https:\/\/www.vewitechniek.nl\/product\/maddalena-wmap-evo-wasserzaehler-q340-q3100-q3160-q3250-q3400-m3-stunde\/"},"modified":"2025-08-12T09:35:44","modified_gmt":"2025-08-12T08:35:44","slug":"maddalena-wmap-evo-wasserzaehler-q340-q3100-q3160-q3250-q3400-m3-stunde","status":"publish","type":"product","link":"https:\/\/www.vewitechniek.nl\/de\/produkt\/maddalena-wmap-evo-wasserzaehler-q340-q3100-q3160-q3250-q3400-m3-stunde\/","title":{"rendered":"Maddalena WMAP EVO Wasserz\u00e4hler Q3=40 Q3= 63 Q3=100 Q3=160 Q3=250 Q3=400 m\u00b3\/h"},"content":{"rendered":"<div class=\"fusion-fullwidth fullwidth-box fusion-builder-row-1 fusion-flex-container nonhundred-percent-fullwidth non-hundred-percent-height-scrolling\" style=\"--awb-border-radius-top-left:0px;--awb-border-radius-top-right:0px;--awb-border-radius-bottom-right:0px;--awb-border-radius-bottom-left:0px;--awb-flex-wrap:wrap;\" ><div class=\"fusion-builder-row fusion-row fusion-flex-align-items-flex-start fusion-flex-content-wrap\" style=\"max-width:1331.2px;margin-left: calc(-4% \/ 2 );margin-right: calc(-4% \/ 2 );\"><div class=\"fusion-layout-column fusion_builder_column fusion-builder-column-0 fusion_builder_column_1_1 1_1 fusion-flex-column\" style=\"--awb-bg-size:cover;--awb-width-large:100%;--awb-margin-top-large:0px;--awb-spacing-right-large:1.92%;--awb-margin-bottom-large:0px;--awb-spacing-left-large:1.92%;--awb-width-medium:100%;--awb-spacing-right-medium:1.92%;--awb-spacing-left-medium:1.92%;--awb-width-small:100%;--awb-spacing-right-small:1.92%;--awb-spacing-left-small:1.92%;\"><div class=\"fusion-column-wrapper fusion-flex-justify-content-flex-start fusion-content-layout-column\"><div class=\"fusion-text fusion-text-1\"><p>Maddalena WMAP EVO Industriewasserz\u00e4hler<\/p>\n<p>Verf\u00fcgbar als<\/p>\n<p>Q3 = 40 oder Q3 = 100 , Q3= 250 oder Q3 = 400<\/p>\n<p>mit 10 oder 100 Litern pro Impuls<\/p>\n<p>Anschluss Q3= 40 50 mm Flansch<\/p>\n<p>Anschluss Q3= 100 80 mm Flansch<\/p>\n<p>Anschluss Q3= 250 125 mm Flansch<\/p>\n<p>Anschluss Q3 = 400 200 mm Flansch<\/p>\n<p>Q3=40, 100 und 160 sind 1P\/10L induktiv und 1P\/100L bl\u00e4ttrig<\/p>\n<p>Q3=250 und 400 sind 1P\/100L induktiv und 1P\/1000L schilfbedeckt<\/p>\n<p>Die Wasserz\u00e4hler sind f\u00fcr den Einbau eines Impulsgebers f\u00fcr einen Reed-Kontakt, induktiv, M-Bus, Lora vorbereitet, siehe die Impulsgeber auf der Website.<\/p>\n<p>Alle Produktinformationen zu den WMAP EVO Wasserz\u00e4hlern finden Sie in dem beigef\u00fcgten Link \/ pdf.  <a href=\"http:\/\/vewitechniek.nl\/wp-content\/uploads\/2021\/08\/Maddalena-Brochure-WMAP-EVO-WATER-METER-ENG-1.pdf\" target=\"_blank\" rel=\"noopener\">Maddalena-Brosch\u00fcre-WMAP-EVO-WATER-METER-ENG<\/a><\/p>\n<p>Wenn das Modell, das Sie suchen, nicht aufgef\u00fchrt ist, fragen Sie bitte per E-Mail an oder rufen Sie uns an oder besuchen Sie www.maddalena.nu.<\/p>\n<\/div><\/div><\/div><\/div><\/div>\n","protected":false},"excerpt":{"rendered":"<p><a href=\"http:\/\/vewitechniek.nl\/wp-content\/uploads\/2021\/08\/Maddalena-Brochure-WMAP-EVO-WATER-METER-ENG.pdf\">Maddalena-Brosch\u00fcre-WMAP-EVO<\/a><\/p>\n","protected":false},"featured_media":5000,"comment_status":"closed","ping_status":"closed","template":"","meta":[],"product_brand":[],"product_cat":[362,370,1548],"product_tag":[644,663,670,688,713,897],"class_list":{"0":"post-13838","1":"product","2":"type-product","3":"status-publish","4":"has-post-thumbnail","6":"product_cat-maddalena-de-2","7":"product_cat-wasserzaehler","8":"product_cat-maddalena-wasserzahler","9":"product_tag-elster-de","10":"product_tag-itron-de","11":"product_tag-maddalena-de","12":"product_tag-sensus-de","13":"product_tag-zenner-de","14":"product_tag-wasserzaehler","16":"first","17":"instock","18":"taxable","19":"shipping-taxable","20":"purchasable","21":"product-type-variable"},"_links":{"self":[{"href":"https:\/\/www.vewitechniek.nl\/de\/wp-json\/wp\/v2\/product\/13838","targetHints":{"allow":["GET"]}}],"collection":[{"href":"https:\/\/www.vewitechniek.nl\/de\/wp-json\/wp\/v2\/product"}],"about":[{"href":"https:\/\/www.vewitechniek.nl\/de\/wp-json\/wp\/v2\/types\/product"}],"replies":[{"embeddable":true,"href":"https:\/\/www.vewitechniek.nl\/de\/wp-json\/wp\/v2\/comments?post=13838"}],"wp:featuredmedia":[{"embeddable":true,"href":"https:\/\/www.vewitechniek.nl\/de\/wp-json\/wp\/v2\/media\/5000"}],"wp:attachment":[{"href":"https:\/\/www.vewitechniek.nl\/de\/wp-json\/wp\/v2\/media?parent=13838"}],"wp:term":[{"taxonomy":"product_brand","embeddable":true,"href":"https:\/\/www.vewitechniek.nl\/de\/wp-json\/wp\/v2\/product_brand?post=13838"},{"taxonomy":"product_cat","embeddable":true,"href":"https:\/\/www.vewitechniek.nl\/de\/wp-json\/wp\/v2\/product_cat?post=13838"},{"taxonomy":"product_tag","embeddable":true,"href":"https:\/\/www.vewitechniek.nl\/de\/wp-json\/wp\/v2\/product_tag?post=13838"}],"curies":[{"name":"wp","href":"https:\/\/api.w.org\/{rel}","templated":true}]}}