{"id":13873,"date":"2021-02-15T10:55:32","date_gmt":"2025-06-30T14:21:34","guid":{"rendered":"https:\/\/www.vewitechniek.nl\/product\/impulsgeber-itron-cyble-impuls-k1\/"},"modified":"2025-06-30T15:21:35","modified_gmt":"2025-06-30T14:21:35","slug":"impulsgeber-itron-cyble-impuls-k1","status":"publish","type":"product","link":"https:\/\/www.vewitechniek.nl\/de\/produkt\/impulsgeber-itron-cyble-impuls-k1\/","title":{"rendered":"Impulsgeber Itron Cyble Impuls K=1"},"content":{"rendered":"<div class=\"fusion-fullwidth fullwidth-box fusion-builder-row-1 fusion-flex-container nonhundred-percent-fullwidth non-hundred-percent-height-scrolling\" style=\"--awb-border-radius-top-left:0px;--awb-border-radius-top-right:0px;--awb-border-radius-bottom-right:0px;--awb-border-radius-bottom-left:0px;--awb-flex-wrap:wrap;\" ><div class=\"fusion-builder-row fusion-row fusion-flex-align-items-flex-start fusion-flex-content-wrap\" style=\"max-width:1331.2px;margin-left: calc(-4% \/ 2 );margin-right: calc(-4% \/ 2 );\"><div class=\"fusion-layout-column fusion_builder_column fusion-builder-column-0 fusion_builder_column_1_1 1_1 fusion-flex-column\" style=\"--awb-bg-size:cover;--awb-width-large:100%;--awb-margin-top-large:0px;--awb-spacing-right-large:1.92%;--awb-margin-bottom-large:0px;--awb-spacing-left-large:1.92%;--awb-width-medium:100%;--awb-spacing-right-medium:1.92%;--awb-spacing-left-medium:1.92%;--awb-width-small:100%;--awb-spacing-right-small:1.92%;--awb-spacing-left-small:1.92%;\"><div class=\"fusion-column-wrapper fusion-flex-justify-content-flex-start fusion-content-layout-column\"><div class=\"fusion-text fusion-text-1\"><p>Cyble Impulsgeber geeignet f\u00fcr Itron Wasserz\u00e4hler und Gasz\u00e4hler mit 1 P\/L. Mit einem 2-Draht-Anschluss. <\/p>\n<p>Induktiver Impulsgeber f\u00fcr 1 Impuls pro 2,5 Liter, 1 Impuls pro 10 Liter, 1 Impuls pro 100 Liter oder 1 Impuls pro 1000 Liter ebenfalls erh\u00e4ltlich.<\/p>\n<p><a href=\"http:\/\/vewitechniek.nl\/wp-content\/uploads\/2019\/04\/Cyble_Sensor_pb_EN_12-11.pdf\" target=\"_blank\" rel=\"noopener\">Cyble_Sensor_pb_EN_12-11<\/a><\/p>\n<\/div><\/div><\/div><\/div><\/div>\n","protected":false},"excerpt":{"rendered":"","protected":false},"featured_media":5215,"comment_status":"closed","ping_status":"closed","template":"","meta":[],"product_brand":[],"product_cat":[370,374,1627,1628],"product_tag":[713,738,821,897,644,663,664,670,688],"class_list":{"0":"post-13873","1":"product","2":"type-product","3":"status-publish","4":"has-post-thumbnail","6":"product_cat-wasserzaehler","7":"product_cat-itron-de-2","8":"product_cat-gaszahler-impulsgeber","9":"product_cat-pulsgeber","10":"product_tag-zenner-de","11":"product_tag-cyble-de","12":"product_tag-impulsgeber","13":"product_tag-wasserzaehler","14":"product_tag-elster-de","15":"product_tag-itron-de","16":"product_tag-k1-de","17":"product_tag-maddalena-de","18":"product_tag-sensus-de","20":"first","21":"instock","22":"taxable","23":"shipping-taxable","24":"purchasable","25":"product-type-simple"},"_links":{"self":[{"href":"https:\/\/www.vewitechniek.nl\/de\/wp-json\/wp\/v2\/product\/13873","targetHints":{"allow":["GET"]}}],"collection":[{"href":"https:\/\/www.vewitechniek.nl\/de\/wp-json\/wp\/v2\/product"}],"about":[{"href":"https:\/\/www.vewitechniek.nl\/de\/wp-json\/wp\/v2\/types\/product"}],"replies":[{"embeddable":true,"href":"https:\/\/www.vewitechniek.nl\/de\/wp-json\/wp\/v2\/comments?post=13873"}],"wp:featuredmedia":[{"embeddable":true,"href":"https:\/\/www.vewitechniek.nl\/de\/wp-json\/wp\/v2\/media\/5215"}],"wp:attachment":[{"href":"https:\/\/www.vewitechniek.nl\/de\/wp-json\/wp\/v2\/media?parent=13873"}],"wp:term":[{"taxonomy":"product_brand","embeddable":true,"href":"https:\/\/www.vewitechniek.nl\/de\/wp-json\/wp\/v2\/product_brand?post=13873"},{"taxonomy":"product_cat","embeddable":true,"href":"https:\/\/www.vewitechniek.nl\/de\/wp-json\/wp\/v2\/product_cat?post=13873"},{"taxonomy":"product_tag","embeddable":true,"href":"https:\/\/www.vewitechniek.nl\/de\/wp-json\/wp\/v2\/product_tag?post=13873"}],"curies":[{"name":"wp","href":"https:\/\/api.w.org\/{rel}","templated":true}]}}