{"id":13875,"date":"2021-02-12T10:00:25","date_gmt":"2025-06-30T14:22:12","guid":{"rendered":"https:\/\/www.vewitechniek.nl\/product\/venke-infrarotsteuerung-mit-temperatursensor\/"},"modified":"2025-06-30T15:22:21","modified_gmt":"2025-06-30T14:22:21","slug":"venke-infrarotsteuerung-mit-temperatursensor","status":"publish","type":"product","link":"https:\/\/www.vewitechniek.nl\/de\/produkt\/venke-infrarotsteuerung-mit-temperatursensor\/","title":{"rendered":"Venke Infrarotsteuerung mit Temperatursensor"},"content":{"rendered":"<div class=\"fusion-fullwidth fullwidth-box fusion-builder-row-1 fusion-flex-container nonhundred-percent-fullwidth non-hundred-percent-height-scrolling\" style=\"--awb-border-radius-top-left:0px;--awb-border-radius-top-right:0px;--awb-border-radius-bottom-right:0px;--awb-border-radius-bottom-left:0px;--awb-flex-wrap:wrap;\" ><div class=\"fusion-builder-row fusion-row fusion-flex-align-items-flex-start fusion-flex-content-wrap\" style=\"max-width:1331.2px;margin-left: calc(-4% \/ 2 );margin-right: calc(-4% \/ 2 );\"><div class=\"fusion-layout-column fusion_builder_column fusion-builder-column-0 fusion_builder_column_1_1 1_1 fusion-flex-column\" style=\"--awb-bg-size:cover;--awb-width-large:100%;--awb-margin-top-large:0px;--awb-spacing-right-large:1.92%;--awb-margin-bottom-large:0px;--awb-spacing-left-large:1.92%;--awb-width-medium:100%;--awb-spacing-right-medium:1.92%;--awb-spacing-left-medium:1.92%;--awb-width-small:100%;--awb-spacing-right-small:1.92%;--awb-spacing-left-small:1.92%;\"><div class=\"fusion-column-wrapper fusion-flex-justify-content-flex-start fusion-content-layout-column\"><div class=\"fusion-text fusion-text-1\"><p><a href=\"http:\/\/vewitechniek.nl\/wp-content\/uploads\/2019\/10\/VEWI-Artikel-Pigbusiness.pdf\" target=\"_blank\" rel=\"noopener\">Lesen Sie unseren Artikel in PigBusiness<\/a><\/p>\n<p>Wasserfeste und staubfreie Infrarot-Heizplatten f\u00fcr die Tierhaltung.<\/p>\n<p>In Ferkelst\u00e4llen oder Abferkelbuchten hat dieses Heizsystem den Vorteil, dass es nur dort heizt, wo es gebraucht wird: <strong>im Liegebereich der Ferkel.<\/strong><br \/>\nOhne zus\u00e4tzliches Licht, denn Schweine sind D\u00e4mmerungstiere. Von Geburt an eine riesige Lampe auf den Augen zu haben, ist also nicht das, was die Ferkel m\u00f6gen.<br \/>\nWir haben es in den letzten Wintern in mehreren St\u00e4llen getestet und installiert und sind von seiner positiven Wirkung \u00fcberzeugt.<br \/>\nEin ganzer Raum wird nicht unn\u00f6tig beheizt, was Vorteile f\u00fcr das Wohlbefinden der Tiere und die<\/p>\n<\/div><\/div><\/div><\/div><\/div>\n","protected":false},"excerpt":{"rendered":"<p>Verwenden Sie diesen Thermostat zur Steuerung von (ggf. mehreren) Infrarot-Heizpaneelen.<\/p>\n<p>Insgesamt k\u00f6nnen bis zu 3600Watt gesteuert werden.<\/p>\n<p>Inklusive Thermostat mit 15 mtr Kabel.<\/p>\n<p>Bei Bedarf k\u00f6nnen Sie eine Lampe f\u00fcr zus\u00e4tzliche Beleuchtung hinzuf\u00fcgen.<\/p>\n","protected":false},"featured_media":5336,"comment_status":"closed","ping_status":"closed","template":"","meta":[],"product_brand":[],"product_cat":[1313,320],"product_tag":[770,844,845,727],"class_list":{"0":"post-13875","1":"product","2":"type-product","3":"status-publish","4":"has-post-thumbnail","6":"product_cat-infrarot-heizung-ip66","7":"product_cat-infrarot-heizpaneele","8":"product_tag-infrarood-de","9":"product_tag-stall-der-zukunft","10":"product_tag-stall-heizung","11":"product_tag-ferkel","13":"first","14":"instock","15":"taxable","16":"shipping-taxable","17":"purchasable","18":"product-type-simple"},"_links":{"self":[{"href":"https:\/\/www.vewitechniek.nl\/de\/wp-json\/wp\/v2\/product\/13875","targetHints":{"allow":["GET"]}}],"collection":[{"href":"https:\/\/www.vewitechniek.nl\/de\/wp-json\/wp\/v2\/product"}],"about":[{"href":"https:\/\/www.vewitechniek.nl\/de\/wp-json\/wp\/v2\/types\/product"}],"replies":[{"embeddable":true,"href":"https:\/\/www.vewitechniek.nl\/de\/wp-json\/wp\/v2\/comments?post=13875"}],"wp:featuredmedia":[{"embeddable":true,"href":"https:\/\/www.vewitechniek.nl\/de\/wp-json\/wp\/v2\/media\/5336"}],"wp:attachment":[{"href":"https:\/\/www.vewitechniek.nl\/de\/wp-json\/wp\/v2\/media?parent=13875"}],"wp:term":[{"taxonomy":"product_brand","embeddable":true,"href":"https:\/\/www.vewitechniek.nl\/de\/wp-json\/wp\/v2\/product_brand?post=13875"},{"taxonomy":"product_cat","embeddable":true,"href":"https:\/\/www.vewitechniek.nl\/de\/wp-json\/wp\/v2\/product_cat?post=13875"},{"taxonomy":"product_tag","embeddable":true,"href":"https:\/\/www.vewitechniek.nl\/de\/wp-json\/wp\/v2\/product_tag?post=13875"}],"curies":[{"name":"wp","href":"https:\/\/api.w.org\/{rel}","templated":true}]}}