{"id":13877,"date":"2021-02-12T13:45:29","date_gmt":"2021-02-12T12:45:29","guid":{"rendered":"https:\/\/www.vewitechniek.nl\/product\/wasserzaehler-maddalena-sj-plus-kaltwasser\/"},"modified":"2025-08-12T09:35:47","modified_gmt":"2025-08-12T08:35:47","slug":"wasserzaehler-maddalena-sj-plus-kaltwasser","status":"publish","type":"product","link":"https:\/\/www.vewitechniek.nl\/de\/produkt\/wasserzaehler-maddalena-sj-plus-kaltwasser\/","title":{"rendered":"Wasserz\u00e4hler Maddalena SJ Plus Kaltwasser"},"content":{"rendered":"<div class=\"fusion-fullwidth fullwidth-box fusion-builder-row-1 fusion-flex-container nonhundred-percent-fullwidth non-hundred-percent-height-scrolling\" style=\"--awb-border-radius-top-left:0px;--awb-border-radius-top-right:0px;--awb-border-radius-bottom-right:0px;--awb-border-radius-bottom-left:0px;--awb-flex-wrap:wrap;\" ><div class=\"fusion-builder-row fusion-row fusion-flex-align-items-flex-start fusion-flex-content-wrap\" style=\"max-width:1331.2px;margin-left: calc(-4% \/ 2 );margin-right: calc(-4% \/ 2 );\"><div class=\"fusion-layout-column fusion_builder_column fusion-builder-column-0 fusion_builder_column_1_1 1_1 fusion-flex-column\" style=\"--awb-bg-size:cover;--awb-width-large:100%;--awb-margin-top-large:0px;--awb-spacing-right-large:1.92%;--awb-margin-bottom-large:0px;--awb-spacing-left-large:1.92%;--awb-width-medium:100%;--awb-spacing-right-medium:1.92%;--awb-spacing-left-medium:1.92%;--awb-width-small:100%;--awb-spacing-right-small:1.92%;--awb-spacing-left-small:1.92%;\"><div class=\"fusion-column-wrapper fusion-flex-justify-content-flex-start fusion-content-layout-column\"><div class=\"fusion-text fusion-text-1\"><p>Wasserz\u00e4hler Maddalena SJ Plus f\u00fcr Kaltwasser bis zu 50 Grad Celsius.<\/p>\n<p>F\u00fcr Informationen siehe: <a href=\"http:\/\/vewitechniek.nl\/wp-content\/uploads\/2021\/02\/Maddalena-343_brochure-SJ-schedatecnicasj-en-v0_1592979961.pdf\" target=\"_blank\" rel=\"noopener\">Brosch\u00fcre<\/a><\/p>\n<p>Einstrahl-Wasserz\u00e4hler Maddalena SJ Q3=2.5 DN15 1P\/10 L L=80 mit 3\/4&#8243; Anschluss am Geh\u00e4use.<\/p>\n<p>Einstrahl-Wasserz\u00e4hler Maddalena SJ Q3=2.5 DN15 1P\/10 L L=80 mit 3\/4&#8243; Anschluss am Geh\u00e4use.<\/p>\n<p>Einstrahl-Wasserz\u00e4hler Maddalena SJ Q3=4 DN20 1P\/10L L=130 mit 1&#8243; Anschluss am Geh\u00e4use.<\/p>\n<p>Ausgestattet mit Magnet f\u00fcr Impulsgeber. Auf Anfrage verf\u00fcgbares Modell EVO f\u00fcr M-Bus, Lora usw. <\/p>\n<p>R100H-R63V ab Lager verf\u00fcgbar, was bedeutet, dass dieses Messger\u00e4t auf 25 ltr\/h genau ist.<\/p>\n<p>Technische Daten SJ Wasserz\u00e4hler: <a href=\"https:\/\/www.vewitechniek.nl\/oorduxug\/2021\/02\/schedatecnica-sjplus-en-v4.pdf\">schedatecnica-sjplus-de-v4<\/a><\/p>\n<p>Optional mit Impulsgeber erh\u00e4ltlich. Spezifikationen Reed-Regler: <a href=\"https:\/\/www.vewitechniek.nl\/oorduxug\/2024\/01\/schedatecnicareedswitch-en-v6.pdf\">schedatecnicareedswitch-de-v6<\/a><\/p>\n<\/div><\/div><\/div><\/div><\/div>\n","protected":false},"excerpt":{"rendered":"","protected":false},"featured_media":5027,"comment_status":"closed","ping_status":"closed","template":"","meta":[],"product_brand":[],"product_cat":[1548,362,370],"product_tag":[670,688,713,897,644,663],"class_list":{"0":"post-13877","1":"product","2":"type-product","3":"status-publish","4":"has-post-thumbnail","6":"product_cat-maddalena-wasserzahler","7":"product_cat-maddalena-de-2","8":"product_cat-wasserzaehler","9":"product_tag-maddalena-de","10":"product_tag-sensus-de","11":"product_tag-zenner-de","12":"product_tag-wasserzaehler","13":"product_tag-elster-de","14":"product_tag-itron-de","16":"first","17":"instock","18":"taxable","19":"shipping-taxable","20":"purchasable","21":"product-type-variable"},"_links":{"self":[{"href":"https:\/\/www.vewitechniek.nl\/de\/wp-json\/wp\/v2\/product\/13877","targetHints":{"allow":["GET"]}}],"collection":[{"href":"https:\/\/www.vewitechniek.nl\/de\/wp-json\/wp\/v2\/product"}],"about":[{"href":"https:\/\/www.vewitechniek.nl\/de\/wp-json\/wp\/v2\/types\/product"}],"replies":[{"embeddable":true,"href":"https:\/\/www.vewitechniek.nl\/de\/wp-json\/wp\/v2\/comments?post=13877"}],"wp:featuredmedia":[{"embeddable":true,"href":"https:\/\/www.vewitechniek.nl\/de\/wp-json\/wp\/v2\/media\/5027"}],"wp:attachment":[{"href":"https:\/\/www.vewitechniek.nl\/de\/wp-json\/wp\/v2\/media?parent=13877"}],"wp:term":[{"taxonomy":"product_brand","embeddable":true,"href":"https:\/\/www.vewitechniek.nl\/de\/wp-json\/wp\/v2\/product_brand?post=13877"},{"taxonomy":"product_cat","embeddable":true,"href":"https:\/\/www.vewitechniek.nl\/de\/wp-json\/wp\/v2\/product_cat?post=13877"},{"taxonomy":"product_tag","embeddable":true,"href":"https:\/\/www.vewitechniek.nl\/de\/wp-json\/wp\/v2\/product_tag?post=13877"}],"curies":[{"name":"wp","href":"https:\/\/api.w.org\/{rel}","templated":true}]}}