{"id":14049,"date":"2021-01-12T09:57:39","date_gmt":"2025-06-30T14:26:39","guid":{"rendered":"https:\/\/www.vewitechniek.nl\/product\/rittal-schraenke-neu\/"},"modified":"2025-06-30T15:26:39","modified_gmt":"2025-06-30T14:26:39","slug":"rittal-schraenke-neu","status":"publish","type":"product","link":"https:\/\/www.vewitechniek.nl\/de\/produkt\/rittal-schraenke-neu\/","title":{"rendered":"Rittal Schr\u00e4nke Neu"},"content":{"rendered":"<p>Rittal Schr\u00e4nke Neu Neu in Box Rittal Schr\u00e4nke: 1 St\u00fcck 30&#215;40 \u20ac 89.00 2 St\u00fcck 40&#215;40 \u20ac 105.00 2 St\u00fcck 60&#215;40 \u20ac 140.00 Jetzt Kostenloses Aufh\u00e4ngeset mit jedem Schrank<\/p>\n","protected":false},"excerpt":{"rendered":"<p>Rittal Installations-\/Elektroschr\u00e4nke<\/p>\n","protected":false},"featured_media":3731,"comment_status":"closed","ping_status":"closed","template":"","meta":[],"product_brand":[],"product_cat":[330],"product_tag":[832],"class_list":{"0":"post-14049","1":"product","2":"type-product","3":"status-publish","4":"has-post-thumbnail","6":"product_cat-lagerraumung","7":"product_tag-rittal-schrank","9":"first","10":"instock","11":"sale","12":"taxable","13":"shipping-taxable","14":"purchasable","15":"product-type-variable"},"_links":{"self":[{"href":"https:\/\/www.vewitechniek.nl\/de\/wp-json\/wp\/v2\/product\/14049","targetHints":{"allow":["GET"]}}],"collection":[{"href":"https:\/\/www.vewitechniek.nl\/de\/wp-json\/wp\/v2\/product"}],"about":[{"href":"https:\/\/www.vewitechniek.nl\/de\/wp-json\/wp\/v2\/types\/product"}],"replies":[{"embeddable":true,"href":"https:\/\/www.vewitechniek.nl\/de\/wp-json\/wp\/v2\/comments?post=14049"}],"wp:featuredmedia":[{"embeddable":true,"href":"https:\/\/www.vewitechniek.nl\/de\/wp-json\/wp\/v2\/media\/3731"}],"wp:attachment":[{"href":"https:\/\/www.vewitechniek.nl\/de\/wp-json\/wp\/v2\/media?parent=14049"}],"wp:term":[{"taxonomy":"product_brand","embeddable":true,"href":"https:\/\/www.vewitechniek.nl\/de\/wp-json\/wp\/v2\/product_brand?post=14049"},{"taxonomy":"product_cat","embeddable":true,"href":"https:\/\/www.vewitechniek.nl\/de\/wp-json\/wp\/v2\/product_cat?post=14049"},{"taxonomy":"product_tag","embeddable":true,"href":"https:\/\/www.vewitechniek.nl\/de\/wp-json\/wp\/v2\/product_tag?post=14049"}],"curies":[{"name":"wp","href":"https:\/\/api.w.org\/{rel}","templated":true}]}}