{"id":14971,"date":"2023-11-30T13:39:35","date_gmt":"2025-08-12T08:34:54","guid":{"rendered":"https:\/\/www.vewitechniek.nl\/product\/crodeon-4-kanal-reporter\/"},"modified":"2025-08-12T09:34:57","modified_gmt":"2025-08-12T08:34:57","slug":"crodeon-4-kanal-reporter","status":"publish","type":"product","link":"https:\/\/www.vewitechniek.nl\/de\/produkt\/crodeon-4-kanal-reporter\/","title":{"rendered":"Crodeon 4-Kanal-Reporter"},"content":{"rendered":"<div class=\"fusion-fullwidth fullwidth-box fusion-builder-row-1 fusion-flex-container nonhundred-percent-fullwidth non-hundred-percent-height-scrolling\" style=\"--awb-border-radius-top-left:0px;--awb-border-radius-top-right:0px;--awb-border-radius-bottom-right:0px;--awb-border-radius-bottom-left:0px;--awb-flex-wrap:wrap;\" ><div class=\"fusion-builder-row fusion-row fusion-flex-align-items-flex-start fusion-flex-content-wrap\" style=\"max-width:1331.2px;margin-left: calc(-4% \/ 2 );margin-right: calc(-4% \/ 2 );\"><div class=\"fusion-layout-column fusion_builder_column fusion-builder-column-0 fusion_builder_column_1_1 1_1 fusion-flex-column\" style=\"--awb-bg-size:cover;--awb-width-large:100%;--awb-margin-top-large:0px;--awb-spacing-right-large:1.92%;--awb-margin-bottom-large:0px;--awb-spacing-left-large:1.92%;--awb-width-medium:100%;--awb-spacing-right-medium:1.92%;--awb-spacing-left-medium:1.92%;--awb-width-small:100%;--awb-spacing-right-small:1.92%;--awb-spacing-left-small:1.92%;\"><div class=\"fusion-column-wrapper fusion-flex-justify-content-flex-start fusion-content-layout-column\"><div class=\"fusion-text fusion-text-1\"><p>Reporter der Marke Crodeon zur Datenerfassung, -protokollierung und -visualisierung<\/p>\n<p>Reporter\u00ae ist ein einzigartiges Plug &amp; Play Sensormodul mit drahtloser Internetverbindung. Das Ger\u00e4t bietet eine Echtzeit-Datenverbindung zur Cloud, wobei Sensordaten in einem Intervall von 30 Sekunden oder mehr gemessen und gesendet werden. Jeder Reporter kann 24\/7 mit Netz- oder Solarenergie arbeiten, dank der eingebauten Batterie.  <\/p>\n<h2>4+1 Sensoren<\/h2>\n<p>Schlie\u00dfen Sie <strong>maximal 4 verschiedene Sensoren<\/strong> an Ihren Reporter an. Jede Sensorkombination aus unserem Shop ist m\u00f6glich. An den 5. Anschluss schlie\u00dfen Sie die Stromversorgung an: Netzstrom oder Solarenergie. Die Stromversorgung wird automatisch \u00fcberwacht, sodass Sie eine Benachrichtigung erhalten k\u00f6nnen, wenn der Strom ausf\u00e4llt.   <\/p>\n<h2>Abonnement erforderlich<\/h2>\n<p>Um den Crodeon Reporter nutzen zu k\u00f6nnen, ist ein Jahresabonnement erforderlich. Weitere Informationen zum \u201eReporter Abonnement\u201c finden Sie unten. <\/p>\n<h2>Technische Daten<\/h2>\n<table width=\"100%\">\n<tbody>\n<tr>\n<td>Gewicht<\/td>\n<td>402 g<\/td>\n<\/tr>\n<tr>\n<td>H\u00f6he<\/td>\n<td>45 mm<\/td>\n<\/tr>\n<tr>\n<td>Breite<\/td>\n<td>187 mm<\/td>\n<\/tr>\n<tr>\n<td>Tiefe<\/td>\n<td>137 mm<\/td>\n<\/tr>\n<tr>\n<td>Konnektivit\u00e4t<\/td>\n<td>NB-IoT, Cat-M und 2G<\/td>\n<\/tr>\n<\/tbody>\n<\/table>\n<\/div><\/div><\/div><\/div><\/div>\n","protected":false},"excerpt":{"rendered":"","protected":false},"featured_media":6643,"comment_status":"closed","ping_status":"closed","template":"","meta":[],"product_brand":[],"product_cat":[352,1340,1343],"product_tag":[623,782,850,1561,1562,1565,1687],"class_list":{"0":"post-14971","1":"product","2":"type-product","3":"status-publish","4":"has-post-thumbnail","6":"product_cat-sensoren-de","7":"product_cat-kommunikation-portalanmeldung","8":"product_cat-gase","9":"product_tag-co2-de","10":"product_tag-klima","11":"product_tag-temperatur","12":"product_tag-sensor-de","13":"product_tag-temperatursensor","14":"product_tag-crodeon-de","15":"product_tag-reporter-de","17":"first","18":"instock","19":"taxable","20":"shipping-taxable","21":"purchasable","22":"product-type-simple"},"_links":{"self":[{"href":"https:\/\/www.vewitechniek.nl\/de\/wp-json\/wp\/v2\/product\/14971","targetHints":{"allow":["GET"]}}],"collection":[{"href":"https:\/\/www.vewitechniek.nl\/de\/wp-json\/wp\/v2\/product"}],"about":[{"href":"https:\/\/www.vewitechniek.nl\/de\/wp-json\/wp\/v2\/types\/product"}],"replies":[{"embeddable":true,"href":"https:\/\/www.vewitechniek.nl\/de\/wp-json\/wp\/v2\/comments?post=14971"}],"wp:featuredmedia":[{"embeddable":true,"href":"https:\/\/www.vewitechniek.nl\/de\/wp-json\/wp\/v2\/media\/6643"}],"wp:attachment":[{"href":"https:\/\/www.vewitechniek.nl\/de\/wp-json\/wp\/v2\/media?parent=14971"}],"wp:term":[{"taxonomy":"product_brand","embeddable":true,"href":"https:\/\/www.vewitechniek.nl\/de\/wp-json\/wp\/v2\/product_brand?post=14971"},{"taxonomy":"product_cat","embeddable":true,"href":"https:\/\/www.vewitechniek.nl\/de\/wp-json\/wp\/v2\/product_cat?post=14971"},{"taxonomy":"product_tag","embeddable":true,"href":"https:\/\/www.vewitechniek.nl\/de\/wp-json\/wp\/v2\/product_tag?post=14971"}],"curies":[{"name":"wp","href":"https:\/\/api.w.org\/{rel}","templated":true}]}}