{"id":14972,"date":"2023-11-30T16:47:39","date_gmt":"2025-08-12T08:34:55","guid":{"rendered":"https:\/\/www.vewitechniek.nl\/product\/crodeon-bodenfeuchtigkeitssensor\/"},"modified":"2025-08-12T09:34:59","modified_gmt":"2025-08-12T08:34:59","slug":"crodeon-bodenfeuchtigkeitssensor","status":"publish","type":"product","link":"https:\/\/www.vewitechniek.nl\/de\/produkt\/crodeon-bodenfeuchtigkeitssensor\/","title":{"rendered":"Crodeon Bodenfeuchtigkeitssensor"},"content":{"rendered":"<div class=\"fusion-fullwidth fullwidth-box fusion-builder-row-1 fusion-flex-container nonhundred-percent-fullwidth non-hundred-percent-height-scrolling\" style=\"--awb-border-radius-top-left:0px;--awb-border-radius-top-right:0px;--awb-border-radius-bottom-right:0px;--awb-border-radius-bottom-left:0px;--awb-flex-wrap:wrap;\" ><div class=\"fusion-builder-row fusion-row fusion-flex-align-items-flex-start fusion-flex-content-wrap\" style=\"max-width:1331.2px;margin-left: calc(-4% \/ 2 );margin-right: calc(-4% \/ 2 );\"><div class=\"fusion-layout-column fusion_builder_column fusion-builder-column-0 fusion_builder_column_1_1 1_1 fusion-flex-column\" style=\"--awb-bg-size:cover;--awb-width-large:100%;--awb-margin-top-large:0px;--awb-spacing-right-large:1.92%;--awb-margin-bottom-large:0px;--awb-spacing-left-large:1.92%;--awb-width-medium:100%;--awb-spacing-right-medium:1.92%;--awb-spacing-left-medium:1.92%;--awb-width-small:100%;--awb-spacing-right-small:1.92%;--awb-spacing-left-small:1.92%;\"><div class=\"fusion-column-wrapper fusion-flex-justify-content-flex-start fusion-content-layout-column\"><div class=\"fusion-text fusion-text-1\"><p>Sensor der Marke Crodeon zur Messung des Feuchtigkeitsgehalts im Boden. Ist mit dem \u201eReporter\u201c koppelbar, um die Messdaten online einzusehen. <\/p>\n<p>F\u00fcr Spezifikationen siehe: <a href=\"https:\/\/www.vewitechniek.nl\/oorduxug\/2023\/11\/6460_SM100__correct_Soilless-Web_1.pdf\">6460_SM100__correct_Soilless-Web_1<\/a><\/p>\n<h2>Produktinformationen<\/h2>\n<p>Der Waterscout SM100 Bodenfeuchtigkeitssensor von Spectrum Technologies Inc. misst den Bodenfeuchtigkeitsgehalt als Prozentsatz des Bodenvolumens. Aufgrund seiner Abmessungen und spitzen Spitze kann der Sensor einfach im Boden oder in einem anderen Medium eingesetzt werden.  <\/p>\n<p>Die Aufrechterhaltung eines gesunden Bodenfeuchtigkeits- und Wasserhaushalts ist entscheidend f\u00fcr die Produktion hochwertiger Pflanzen. Pflanzen, die zu wenig Wasser erhalten, leiden unter N\u00e4hrstoffmangel, Wachstumsverz\u00f6gerung und Welke. Umgekehrt sind Pflanzen, die zu viel Wasser erhalten, anf\u00e4lliger f\u00fcr Krankheitsdruck und weniger tolerant gegen\u00fcber trockenen Bedingungen sp\u00e4ter in ihrem Lebenszyklus.  <\/p>\n<h3>Vergleich des SM100 mit dem Watermark-Sensor<\/h3>\n<p>Sowohl der SM100 als auch der <a href=\"https:\/\/www.crodeon.com\/collections\/sensors-transducers\/products\/soil-moisture-sensor\" target=\"_blank\" rel=\"noopener\">Watermark-Sensor<\/a> messen die Bodenfeuchtigkeit. Es gibt jedoch einige Unterschiede, auf die wir hinweisen k\u00f6nnen. Der SM100 misst den Bodenfeuchtigkeitsgehalt als Prozentsatz des Bodenvolumens, w\u00e4hrend der Watermark-Sensor tats\u00e4chlich misst, wie viel Anstrengung eine Pflanze ben\u00f6tigt, um Wasser aus dem Boden zu entnehmen.  <\/p>\n<p>Der SM100 ist im Vergleich zum Watermark-Sensor einfacher zu installieren und zu versetzen. Der Watermark-Sensor wird h\u00e4ufig von Forschungsunternehmen verwendet, die sehr genaue Sensordaten ben\u00f6tigen. Schlie\u00dflich enth\u00e4lt der von Crodeon angebotene Watermark-Sensor drei Watermarks, w\u00e4hrend der SM100 nur an einer Stelle misst. Wenn Sie mehrere SM100-Sensoren hinzuf\u00fcgen, werden mehr Anschl\u00fcsse an Ihrem Reporter ben\u00f6tigt.   <\/p>\n<h2>Installation<\/h2>\n<p>Der Sensor sollte in der effektiven Wurzelzone und an Standorten platziert werden, die ein repr\u00e4sentatives Bild des Grundwasserzustands des Grundst\u00fccks liefern. Bereiche des Feldes, die mit verschiedenen Kulturen bepflanzt sind oder erhebliche Unterschiede in Faktoren wie Topografie oder Bodentyp aufweisen, sollten als einzigartige Bodenfeuchtigkeitsumgebungen betrachtet werden. <\/p>\n<p>Wenn Sie einen Standort w\u00e4hlen, der die geringste Wassermenge aus dem Bew\u00e4sserungssystem erh\u00e4lt, wissen Sie, wann dieser Bereich kritisch trocken wird und Aufmerksamkeit ben\u00f6tigt. Normalerweise sollten ein oder zwei Sensoren in der Wurzelzone installiert werden. Ein einzelner Sensor sollte in der Mitte der Wurzelzone platziert werden. Wenn zwei Sensoren an einem Standort installiert werden, wird empfohlen, einen Sensor oben in der Wurzelzone und einen zweiten unten zu platzieren.   <\/p>\n<p>Ein Vorteil der Installation mehrerer Sensoren ist, dass Sie sehen k\u00f6nnen, wie gut Bew\u00e4sserungs- und Regenwasser durch das Bodenprofil gelangen. Der SM100 ist am empfindlichsten f\u00fcr den Boden neben dem Sensor. Daher ist ein guter Kontakt zwischen Boden und Sensor wichtig. Steine und Luftblasen neben dem Sensor beeinflussen die Genauigkeit der Messungen. Wir empfehlen, den Sensor nicht in oder in der N\u00e4he von Metall zu installieren.    <\/p>\n<p>Die folgende Methode wird empfohlen, um den SM100 in mehreren verschiedenen H\u00f6hen zu installieren:<\/p>\n<ol>\n<li>Bohren Sie ein 10 bis 15 cm breites Loch bis zu der Tiefe, in der Sie messen m\u00f6chten.<\/li>\n<li>Platzieren Sie die Waterscout-Sensoren horizontal in der Seitenwand des Bohrlochs, auf der gew\u00fcnschten H\u00f6he. Stellen Sie sicher, dass das blaue Sensorelement gerade platziert wird, damit sich keine Wassertropfen darauf bilden k\u00f6nnen. <\/li>\n<li>F\u00fcllen Sie das Bohrloch wieder mit der entnommenen Erde auf. Stellen Sie sicher, dass Sie die richtige Erdschicht in der urspr\u00fcnglichen Reihenfolge zur\u00fcckf\u00fchren. <\/li>\n<\/ol>\n<p><img class=\"lazyload\" decoding=\"async\" src=\"data:image\/gif;base64,R0lGODlhAQABAAAAACH5BAEKAAEALAAAAAABAAEAAAICTAEAOw==\" data-orig-src=\"https:\/\/cdn.shopify.com\/s\/files\/1\/0515\/0765\/8911\/files\/SM100_placement_instructions_1.png?v=1613676401\" alt=\"Waterscout SM100 Installation\"><\/p>\n<h2>Technische Daten<\/h2>\n<table width=\"100%\">\n<tbody>\n<tr>\n<td>H\u00f6he<\/td>\n<td>3 mm<\/td>\n<\/tr>\n<tr>\n<td>Breite<\/td>\n<td>60 mm<\/td>\n<\/tr>\n<tr>\n<td>Tiefe<\/td>\n<td>20 mm<\/td>\n<\/tr>\n<tr>\n<td>Kabell\u00e4nge<\/td>\n<td>2 m<\/td>\n<\/tr>\n<tr>\n<td>Aufl\u00f6sung<\/td>\n<td>0,1 % VWC<\/td>\n<\/tr>\n<tr>\n<td>Genauigkeit<\/td>\n<td>3 % VWC<\/td>\n<\/tr>\n<\/tbody>\n<\/table>\n<\/div><\/div><\/div><\/div><\/div>\n","protected":false},"excerpt":{"rendered":"","protected":false},"featured_media":6658,"comment_status":"closed","ping_status":"closed","template":"","meta":[],"product_brand":[],"product_cat":[352,1339],"product_tag":[850,1561,1562,1565,1566,1567,1568,623,782],"class_list":{"0":"post-14972","1":"product","2":"type-product","3":"status-publish","4":"has-post-thumbnail","6":"product_cat-sensoren-de","7":"product_cat-boden-bewaesserung","8":"product_tag-temperatur","9":"product_tag-sensor-de","10":"product_tag-temperatursensor","11":"product_tag-crodeon-de","12":"product_tag-wasserstand","13":"product_tag-grundwasserspiegel","14":"product_tag-grundwasser","15":"product_tag-co2-de","16":"product_tag-klima","18":"first","19":"instock","20":"taxable","21":"shipping-taxable","22":"purchasable","23":"product-type-simple"},"_links":{"self":[{"href":"https:\/\/www.vewitechniek.nl\/de\/wp-json\/wp\/v2\/product\/14972","targetHints":{"allow":["GET"]}}],"collection":[{"href":"https:\/\/www.vewitechniek.nl\/de\/wp-json\/wp\/v2\/product"}],"about":[{"href":"https:\/\/www.vewitechniek.nl\/de\/wp-json\/wp\/v2\/types\/product"}],"replies":[{"embeddable":true,"href":"https:\/\/www.vewitechniek.nl\/de\/wp-json\/wp\/v2\/comments?post=14972"}],"wp:featuredmedia":[{"embeddable":true,"href":"https:\/\/www.vewitechniek.nl\/de\/wp-json\/wp\/v2\/media\/6658"}],"wp:attachment":[{"href":"https:\/\/www.vewitechniek.nl\/de\/wp-json\/wp\/v2\/media?parent=14972"}],"wp:term":[{"taxonomy":"product_brand","embeddable":true,"href":"https:\/\/www.vewitechniek.nl\/de\/wp-json\/wp\/v2\/product_brand?post=14972"},{"taxonomy":"product_cat","embeddable":true,"href":"https:\/\/www.vewitechniek.nl\/de\/wp-json\/wp\/v2\/product_cat?post=14972"},{"taxonomy":"product_tag","embeddable":true,"href":"https:\/\/www.vewitechniek.nl\/de\/wp-json\/wp\/v2\/product_tag?post=14972"}],"curies":[{"name":"wp","href":"https:\/\/api.w.org\/{rel}","templated":true}]}}