{"id":14990,"date":"2019-12-02T16:27:46","date_gmt":"2019-12-02T15:27:46","guid":{"rendered":"https:\/\/www.vewitechniek.nl\/product\/traenkenippel-edelstahl-venke-mit-stift-innengewinde-1-2\/"},"modified":"2025-08-12T09:36:14","modified_gmt":"2025-08-12T08:36:14","slug":"traenkenippel-edelstahl-venke-mit-stift-innengewinde-1-2","status":"publish","type":"product","link":"https:\/\/www.vewitechniek.nl\/de\/produkt\/traenkenippel-edelstahl-venke-mit-stift-innengewinde-1-2\/","title":{"rendered":"Tr\u00e4nkenippel Edelstahl Venke mit Stift Innengewinde 1\/2 \u201e\u201c"},"content":{"rendered":"","protected":false},"excerpt":{"rendered":"<p>Vollst\u00e4ndiger Edelstahl-Tr\u00e4nkenippel mit mittellangem Stift. Ausgestattet mit Innengewinde. Am Tr\u00e4nkenippel kann auch ein automatischer Mini-Durchflussregler montiert werden, wenn dieser mit einer 8 mm Aussparung versehen ist. Der automatische Durchflussregler (Mini) mit einer festen Wassermenge ist separat bestellbar.   <\/p>\n","protected":false},"featured_media":16303,"comment_status":"closed","ping_status":"closed","template":"","meta":[],"product_brand":[],"product_cat":[308,318],"product_tag":[615,730,732,748,869],"class_list":{"0":"post-14990","1":"product","2":"type-product","3":"status-publish","4":"has-post-thumbnail","6":"product_cat-nippeltrinker","7":"product_cat-nippeltrinker-de","8":"product_tag-aquaglobe-de","9":"product_tag-bit-ball-nippel","10":"product_tag-brustwarzen-beissen","11":"product_tag-trinknippel","12":"product_tag-auslaufen","14":"first","15":"instock","16":"taxable","17":"shipping-taxable","18":"purchasable","19":"product-type-simple"},"_links":{"self":[{"href":"https:\/\/www.vewitechniek.nl\/de\/wp-json\/wp\/v2\/product\/14990","targetHints":{"allow":["GET"]}}],"collection":[{"href":"https:\/\/www.vewitechniek.nl\/de\/wp-json\/wp\/v2\/product"}],"about":[{"href":"https:\/\/www.vewitechniek.nl\/de\/wp-json\/wp\/v2\/types\/product"}],"replies":[{"embeddable":true,"href":"https:\/\/www.vewitechniek.nl\/de\/wp-json\/wp\/v2\/comments?post=14990"}],"wp:featuredmedia":[{"embeddable":true,"href":"https:\/\/www.vewitechniek.nl\/de\/wp-json\/wp\/v2\/media\/16303"}],"wp:attachment":[{"href":"https:\/\/www.vewitechniek.nl\/de\/wp-json\/wp\/v2\/media?parent=14990"}],"wp:term":[{"taxonomy":"product_brand","embeddable":true,"href":"https:\/\/www.vewitechniek.nl\/de\/wp-json\/wp\/v2\/product_brand?post=14990"},{"taxonomy":"product_cat","embeddable":true,"href":"https:\/\/www.vewitechniek.nl\/de\/wp-json\/wp\/v2\/product_cat?post=14990"},{"taxonomy":"product_tag","embeddable":true,"href":"https:\/\/www.vewitechniek.nl\/de\/wp-json\/wp\/v2\/product_tag?post=14990"}],"curies":[{"name":"wp","href":"https:\/\/api.w.org\/{rel}","templated":true}]}}