{"id":15000,"date":"2021-01-19T10:02:49","date_gmt":"2025-08-12T08:36:37","guid":{"rendered":"https:\/\/www.vewitechniek.nl\/product\/honeywell-co2-handsensor-drahtlos\/"},"modified":"2025-08-12T09:36:41","modified_gmt":"2025-08-12T08:36:41","slug":"honeywell-co2-handsensor-drahtlos","status":"publish","type":"product","link":"https:\/\/www.vewitechniek.nl\/de\/produkt\/honeywell-co2-handsensor-drahtlos\/","title":{"rendered":"Honeywell Co2 Handsensor drahtlos"},"content":{"rendered":"<div class=\"fusion-fullwidth fullwidth-box fusion-builder-row-1 fusion-flex-container nonhundred-percent-fullwidth non-hundred-percent-height-scrolling\" style=\"--awb-border-radius-top-left:0px;--awb-border-radius-top-right:0px;--awb-border-radius-bottom-right:0px;--awb-border-radius-bottom-left:0px;--awb-flex-wrap:wrap;\" ><div class=\"fusion-builder-row fusion-row fusion-flex-align-items-flex-start fusion-flex-content-wrap\" style=\"max-width:1331.2px;margin-left: calc(-4% \/ 2 );margin-right: calc(-4% \/ 2 );\"><div class=\"fusion-layout-column fusion_builder_column fusion-builder-column-0 fusion_builder_column_1_1 1_1 fusion-flex-column\" style=\"--awb-bg-size:cover;--awb-width-large:100%;--awb-margin-top-large:0px;--awb-spacing-right-large:1.92%;--awb-margin-bottom-large:0px;--awb-spacing-left-large:1.92%;--awb-width-medium:100%;--awb-spacing-right-medium:1.92%;--awb-spacing-left-medium:1.92%;--awb-width-small:100%;--awb-spacing-right-small:1.92%;--awb-spacing-left-small:1.92%;\"><div class=\"fusion-column-wrapper fusion-flex-justify-content-flex-start fusion-content-layout-column\"><div class=\"fusion-text fusion-text-1\"><p>Honeywell Co2 Handsensor:<\/p>\n<p>Dieser praktische und zuverl\u00e4ssige Handsensor von Honeywell ist das ideale Ger\u00e4t, um Gase schnell und effektiv beispielsweise in Ihrem Stall messen zu k\u00f6nnen.<\/p>\n<p>Der BW Solo Wireless ist die teurere Ausf\u00fchrung in dieser Serie und nicht mit der LITE-Version zu verwechseln.<\/p>\n<p>Der Wireless kann Daten protokollieren und bietet die M\u00f6glichkeit, die Daten \u00fcber Ihr Telefon auszulesen und zu speichern.<\/p>\n<p>Auch f\u00fcr Kalibrierung und Beratung bez\u00fcglich der Ergebnisse k\u00f6nnen Sie sich an uns wenden.<\/p>\n<p>F\u00fcr weitere Informationen: Erwin van de Wielen.<\/p>\n<p><a href=\"http:\/\/vewitechniek.nl\/wp-content\/uploads\/2021\/01\/Datasheet_Honeywell-BW-Solo_DS_A4-NL-co2.pdf\" target=\"_blank\" rel=\"noopener\">Datasheet_Honeywell BW Solo_DS_A4-NL-co2<\/a><\/p>\n<\/div><\/div><\/div><\/div><\/div>\n","protected":false},"excerpt":{"rendered":"","protected":false},"featured_media":6050,"comment_status":"closed","ping_status":"closed","template":"","meta":[],"product_brand":[],"product_cat":[352,355],"product_tag":[631,660],"class_list":{"0":"post-15000","1":"product","2":"type-product","3":"status-publish","4":"has-post-thumbnail","6":"product_cat-sensoren-de","7":"product_cat-dol-co2-de","8":"product_tag-dol-sensoren-de","9":"product_tag-honeywell-sensor-co2-de","11":"first","12":"instock","13":"taxable","14":"shipping-taxable","15":"purchasable","16":"product-type-simple"},"_links":{"self":[{"href":"https:\/\/www.vewitechniek.nl\/de\/wp-json\/wp\/v2\/product\/15000","targetHints":{"allow":["GET"]}}],"collection":[{"href":"https:\/\/www.vewitechniek.nl\/de\/wp-json\/wp\/v2\/product"}],"about":[{"href":"https:\/\/www.vewitechniek.nl\/de\/wp-json\/wp\/v2\/types\/product"}],"replies":[{"embeddable":true,"href":"https:\/\/www.vewitechniek.nl\/de\/wp-json\/wp\/v2\/comments?post=15000"}],"wp:featuredmedia":[{"embeddable":true,"href":"https:\/\/www.vewitechniek.nl\/de\/wp-json\/wp\/v2\/media\/6050"}],"wp:attachment":[{"href":"https:\/\/www.vewitechniek.nl\/de\/wp-json\/wp\/v2\/media?parent=15000"}],"wp:term":[{"taxonomy":"product_brand","embeddable":true,"href":"https:\/\/www.vewitechniek.nl\/de\/wp-json\/wp\/v2\/product_brand?post=15000"},{"taxonomy":"product_cat","embeddable":true,"href":"https:\/\/www.vewitechniek.nl\/de\/wp-json\/wp\/v2\/product_cat?post=15000"},{"taxonomy":"product_tag","embeddable":true,"href":"https:\/\/www.vewitechniek.nl\/de\/wp-json\/wp\/v2\/product_tag?post=15000"}],"curies":[{"name":"wp","href":"https:\/\/api.w.org\/{rel}","templated":true}]}}