{"id":15001,"date":"2021-02-05T12:26:08","date_gmt":"2025-08-12T08:36:42","guid":{"rendered":"https:\/\/www.vewitechniek.nl\/product\/pvc-t-stueck-45-grad-16-20-25-32-40-50-60-mm\/"},"modified":"2025-08-12T09:36:43","modified_gmt":"2025-08-12T08:36:43","slug":"pvc-t-stueck-45-grad-16-20-25-32-40-50-60-mm","status":"publish","type":"product","link":"https:\/\/www.vewitechniek.nl\/de\/produkt\/pvc-t-stueck-45-grad-16-20-25-32-40-50-60-mm\/","title":{"rendered":"PVC T-St\u00fcck 45 Grad 16-20-25-32-40-50-60 mm"},"content":{"rendered":"<div class=\"fusion-fullwidth fullwidth-box fusion-builder-row-1 fusion-flex-container nonhundred-percent-fullwidth non-hundred-percent-height-scrolling\" style=\"--awb-border-radius-top-left:0px;--awb-border-radius-top-right:0px;--awb-border-radius-bottom-right:0px;--awb-border-radius-bottom-left:0px;--awb-flex-wrap:wrap;\" ><div class=\"fusion-builder-row fusion-row fusion-flex-align-items-flex-start fusion-flex-content-wrap\" style=\"max-width:1331.2px;margin-left: calc(-4% \/ 2 );margin-right: calc(-4% \/ 2 );\"><div class=\"fusion-layout-column fusion_builder_column fusion-builder-column-0 fusion_builder_column_1_1 1_1 fusion-flex-column\" style=\"--awb-bg-size:cover;--awb-width-large:100%;--awb-margin-top-large:0px;--awb-spacing-right-large:1.92%;--awb-margin-bottom-large:0px;--awb-spacing-left-large:1.92%;--awb-width-medium:100%;--awb-spacing-right-medium:1.92%;--awb-spacing-left-medium:1.92%;--awb-width-small:100%;--awb-spacing-right-small:1.92%;--awb-spacing-left-small:1.92%;\"><div class=\"fusion-column-wrapper fusion-flex-justify-content-flex-start fusion-content-layout-column\"><div class=\"fusion-text fusion-text-1\"><p>T-St\u00fcck 45 Grad PVC 32mm PN16<\/p>\n<p>Alle PVC-Zubeh\u00f6rteile f\u00fcr den Bau Ihrer Trinkwasserinstallation, Kanalisation oder Regenwasserableitung k\u00f6nnen wir liefern, unabh\u00e4ngig davon, welches G\u00fctesiegel Sie ben\u00f6tigen, um der niederl\u00e4ndischen Gesetzgebung zu entsprechen.<\/p>\n<\/div><\/div><\/div><\/div><\/div>\n","protected":false},"excerpt":{"rendered":"","protected":false},"featured_media":8618,"comment_status":"closed","ping_status":"closed","template":"","meta":[],"product_brand":[],"product_cat":[334,1324],"product_tag":[622,648,678,708,724,896,1702],"class_list":{"0":"post-15001","1":"product","2":"type-product","3":"status-publish","4":"has-post-thumbnail","6":"product_cat-pvc-und-armaturen","7":"product_cat-pvc-kupplungen-druck-de","8":"product_tag-cepex-de","9":"product_tag-fluidra-de","10":"product_tag-pvc-de","11":"product_tag-vdl-de","12":"product_tag-appendages-de","13":"product_tag-wasserleitung","14":"product_tag-y-stuck","16":"first","17":"instock","18":"taxable","19":"shipping-taxable","20":"purchasable","21":"product-type-variable"},"_links":{"self":[{"href":"https:\/\/www.vewitechniek.nl\/de\/wp-json\/wp\/v2\/product\/15001","targetHints":{"allow":["GET"]}}],"collection":[{"href":"https:\/\/www.vewitechniek.nl\/de\/wp-json\/wp\/v2\/product"}],"about":[{"href":"https:\/\/www.vewitechniek.nl\/de\/wp-json\/wp\/v2\/types\/product"}],"replies":[{"embeddable":true,"href":"https:\/\/www.vewitechniek.nl\/de\/wp-json\/wp\/v2\/comments?post=15001"}],"wp:featuredmedia":[{"embeddable":true,"href":"https:\/\/www.vewitechniek.nl\/de\/wp-json\/wp\/v2\/media\/8618"}],"wp:attachment":[{"href":"https:\/\/www.vewitechniek.nl\/de\/wp-json\/wp\/v2\/media?parent=15001"}],"wp:term":[{"taxonomy":"product_brand","embeddable":true,"href":"https:\/\/www.vewitechniek.nl\/de\/wp-json\/wp\/v2\/product_brand?post=15001"},{"taxonomy":"product_cat","embeddable":true,"href":"https:\/\/www.vewitechniek.nl\/de\/wp-json\/wp\/v2\/product_cat?post=15001"},{"taxonomy":"product_tag","embeddable":true,"href":"https:\/\/www.vewitechniek.nl\/de\/wp-json\/wp\/v2\/product_tag?post=15001"}],"curies":[{"name":"wp","href":"https:\/\/api.w.org\/{rel}","templated":true}]}}