{"id":15018,"date":"2018-08-24T09:34:44","date_gmt":"2018-08-24T08:34:44","guid":{"rendered":"https:\/\/www.vewitechniek.nl\/product\/qalcosonic-f1-ultraschall-wasserzaehler\/"},"modified":"2025-08-12T09:37:02","modified_gmt":"2025-08-12T08:37:02","slug":"qalcosonic-f1-ultraschall-wasserzaehler","status":"publish","type":"product","link":"https:\/\/www.vewitechniek.nl\/de\/produkt\/qalcosonic-f1-ultraschall-wasserzaehler\/","title":{"rendered":"Qalcosonic F1 Ultraschall-Wasserz\u00e4hler"},"content":{"rendered":"<div class=\"fusion-fullwidth fullwidth-box fusion-builder-row-1 fusion-flex-container nonhundred-percent-fullwidth non-hundred-percent-height-scrolling\" style=\"--awb-border-radius-top-left:0px;--awb-border-radius-top-right:0px;--awb-border-radius-bottom-right:0px;--awb-border-radius-bottom-left:0px;--awb-flex-wrap:wrap;\" ><div class=\"fusion-builder-row fusion-row fusion-flex-align-items-flex-start fusion-flex-content-wrap\" style=\"max-width:1331.2px;margin-left: calc(-4% \/ 2 );margin-right: calc(-4% \/ 2 );\"><div class=\"fusion-layout-column fusion_builder_column fusion-builder-column-0 fusion_builder_column_1_1 1_1 fusion-flex-column\" style=\"--awb-bg-size:cover;--awb-width-large:100%;--awb-margin-top-large:0px;--awb-spacing-right-large:1.92%;--awb-margin-bottom-large:0px;--awb-spacing-left-large:1.92%;--awb-width-medium:100%;--awb-spacing-right-medium:1.92%;--awb-spacing-left-medium:1.92%;--awb-width-small:100%;--awb-spacing-right-small:1.92%;--awb-spacing-left-small:1.92%;\"><div class=\"fusion-column-wrapper fusion-flex-justify-content-flex-start fusion-content-layout-column\"><div class=\"fusion-text fusion-text-1\"><p>Die Axioma Qalcosonic Wasserz\u00e4hler sind eine Revolution im Bereich der pr\u00e4zisen Wassermessung.<\/p>\n<p>Dank der neuesten Ultraschalltechnologie ist dieser Z\u00e4hler pr\u00e4zise und spricht bereits bei geringen Durchflussmengen an.<\/p>\n<p>Ab 6 l\/h sind diese Qalcosonic F1 Z\u00e4hler bereits betriebsbereit.<\/p>\n<p>Zudem gibt es eine Ausf\u00fchrung mit eingebautem Wassertemperaturf\u00fchler. Die Daten k\u00f6nnen auf dem Display abgelesen oder per Kommunikation an beispielsweise ein zentrales Computersystem gesendet werden. <\/p>\n<p>Es stehen verschiedene Kommunikationsm\u00f6glichkeiten zur Verf\u00fcgung. Fragen Sie nach den Optionen. <\/p>\n<p>Qalcosonic erf\u00fcllt die neuesten MID-Normen R250 und R400, die europaweit f\u00fcr Wasserz\u00e4hler g\u00fcltig sind.<\/p>\n<p>Die Kommunikation erfolgt \u00fcber M-Bus oder auf Anfrage \u00fcber Modbus<\/p>\n<p>Die Standardausf\u00fchrung liefert 1 Impuls pro Liter.<\/p>\n<p><a href=\"http:\/\/vewitechniek.nl\/wp-content\/uploads\/2018\/08\/Qalcosonic-Flow-4.pdf\" target=\"_blank\" rel=\"noopener\">Laden Sie hier die Anlage herunter: Qalcosonic Flow 4<\/a><\/p>\n<\/div><\/div><\/div><\/div><\/div>\n","protected":false},"excerpt":{"rendered":"<p>Axioma Qalcosonic Ultraschall-Wasserz\u00e4hler<\/p>\n","protected":false},"featured_media":5233,"comment_status":"closed","ping_status":"closed","template":"","meta":[],"product_brand":[],"product_cat":[370,371],"product_tag":[644,663,670,688,704,713,897],"class_list":{"0":"post-15018","1":"product","2":"type-product","3":"status-publish","4":"has-post-thumbnail","6":"product_cat-wasserzaehler","7":"product_cat-axoima-de","8":"product_tag-elster-de","9":"product_tag-itron-de","10":"product_tag-maddalena-de","11":"product_tag-sensus-de","12":"product_tag-wassermessung-mit-ultraschall-de","13":"product_tag-zenner-de","14":"product_tag-wasserzaehler","16":"first","17":"instock","18":"taxable","19":"shipping-taxable","20":"purchasable","21":"product-type-variable"},"_links":{"self":[{"href":"https:\/\/www.vewitechniek.nl\/de\/wp-json\/wp\/v2\/product\/15018","targetHints":{"allow":["GET"]}}],"collection":[{"href":"https:\/\/www.vewitechniek.nl\/de\/wp-json\/wp\/v2\/product"}],"about":[{"href":"https:\/\/www.vewitechniek.nl\/de\/wp-json\/wp\/v2\/types\/product"}],"replies":[{"embeddable":true,"href":"https:\/\/www.vewitechniek.nl\/de\/wp-json\/wp\/v2\/comments?post=15018"}],"wp:featuredmedia":[{"embeddable":true,"href":"https:\/\/www.vewitechniek.nl\/de\/wp-json\/wp\/v2\/media\/5233"}],"wp:attachment":[{"href":"https:\/\/www.vewitechniek.nl\/de\/wp-json\/wp\/v2\/media?parent=15018"}],"wp:term":[{"taxonomy":"product_brand","embeddable":true,"href":"https:\/\/www.vewitechniek.nl\/de\/wp-json\/wp\/v2\/product_brand?post=15018"},{"taxonomy":"product_cat","embeddable":true,"href":"https:\/\/www.vewitechniek.nl\/de\/wp-json\/wp\/v2\/product_cat?post=15018"},{"taxonomy":"product_tag","embeddable":true,"href":"https:\/\/www.vewitechniek.nl\/de\/wp-json\/wp\/v2\/product_tag?post=15018"}],"curies":[{"name":"wp","href":"https:\/\/api.w.org\/{rel}","templated":true}]}}