{"id":15033,"date":"2018-07-12T07:19:33","date_gmt":"2025-08-12T08:37:16","guid":{"rendered":"https:\/\/www.vewitechniek.nl\/product\/dab-e-sybox-mini\/"},"modified":"2025-08-12T09:37:19","modified_gmt":"2025-08-12T08:37:19","slug":"dab-e-sybox-mini","status":"publish","type":"product","link":"https:\/\/www.vewitechniek.nl\/de\/produkt\/dab-e-sybox-mini\/","title":{"rendered":"DAB E.sybox mini"},"content":{"rendered":"<div class=\"fusion-fullwidth fullwidth-box fusion-builder-row-1 fusion-flex-container nonhundred-percent-fullwidth non-hundred-percent-height-scrolling\" style=\"--awb-border-radius-top-left:0px;--awb-border-radius-top-right:0px;--awb-border-radius-bottom-right:0px;--awb-border-radius-bottom-left:0px;--awb-flex-wrap:wrap;\" ><div class=\"fusion-builder-row fusion-row fusion-flex-align-items-flex-start fusion-flex-content-wrap\" style=\"max-width:1331.2px;margin-left: calc(-4% \/ 2 );margin-right: calc(-4% \/ 2 );\"><div class=\"fusion-layout-column fusion_builder_column fusion-builder-column-0 fusion_builder_column_1_1 1_1 fusion-flex-column\" style=\"--awb-bg-size:cover;--awb-width-large:100%;--awb-margin-top-large:0px;--awb-spacing-right-large:1.92%;--awb-margin-bottom-large:0px;--awb-spacing-left-large:1.92%;--awb-width-medium:100%;--awb-spacing-right-medium:1.92%;--awb-spacing-left-medium:1.92%;--awb-width-small:100%;--awb-spacing-right-small:1.92%;--awb-spacing-left-small:1.92%;\"><div class=\"fusion-column-wrapper fusion-flex-justify-content-flex-start fusion-content-layout-column\"><div class=\"fusion-text fusion-text-1\"><p>Das e.sybox Druckerh\u00f6hungssystem ist die L\u00f6sung bei zu niedrigem oder stark schwankendem Druck in Ihrem Wasserleitungssystem in und um Ihren Stall. Es ist ein komplettes System, bestehend aus Pumpe, wassergek\u00fchltem Elektromotor mit Frequenzregelung, Vordrucksicherung und Druckbeh\u00e4lter in einem schallabsorbierenden Geh\u00e4use. Die Frequenzregelung bietet den gro\u00dfen Vorteil, dass der Druck \u00e4u\u00dferst stabil ist.<br \/>\n<strong>Energieeffizient &amp; extrem leise<\/strong><br \/>\nEin weiterer Vorteil ist der geringe Stromverbrauch und der leise Betrieb. Die Pumpe wird je nach Bedarf hoch- und heruntergefahren, so dass der eingestellte Druck jederzeit aufrechterhalten wird. Die Installation ist einfach, da der Druckerh\u00f6hungsautomat als steckerfertiges Komplettsystem geliefert wird. Aufgrund seiner Konstruktion kann das Hydrophorger\u00e4t sowohl im Hoch- als auch im Querformat installiert werden und nimmt dabei nur sehr wenig Platz ein.<br \/>\n<strong>Plug &amp; play<\/strong><br \/>\nDer wassergek\u00fchlte Motor sorgt in Verbindung mit dem schalld\u00e4mpfenden Geh\u00e4use f\u00fcr ein besonders ger\u00e4uscharmes System. Sie als Endverbraucher\/Installateur m\u00fcssen lediglich Ihre Zu- und Ablaufleitung anschlie\u00dfen. Nach dem Einstecken des Netzsteckers ist das System einsatzbereit. Der Betriebsdruck kann jederzeit einfach nach oben oder unten angepasst werden.<br \/>\n<strong>Kommunikation<\/strong><br \/>\nAls zus\u00e4tzliche Option zur e.sybox Version gibt es einen Bluetooth Kommunikationsanschluss. Dieser erm\u00f6glicht die Kommunikation mit mehreren E.sybox Druckverst\u00e4rkern und\/oder dem E.sylink. Der E.sylink ist ein Kommunikationsmodul mit einer Reihe von Ein- und Ausg\u00e4ngen, das es erm\u00f6glicht, die E.sybox durch Signale von z.B. Druckschaltern und\/oder Schwimmern zu steuern und jede Fehlfunktion an ein Management- oder Alarmsystem zu melden.<br \/>\n<strong>Zwei Versionen<\/strong><br \/>\nDie e.sybox ist in einer Version f\u00fcr die Installation zwischen den Wasserleitungen und f\u00fcr den Betrieb an einer nat\u00fcrlichen Quelle erh\u00e4ltlich. Beim Einsatz zwischen den Wasserleitungen muss die Pumpe mit einer Unterdrucksicherung ausgestattet sein. Dies ist auf die Sicherheitsanforderungen zur\u00fcckzuf\u00fchren, die der VEWIN zum Schutz der Qualit\u00e4t unseres Trinkwassers festgelegt hat.  <\/p>\n<p><a href=\"http:\/\/vewitechniek.nl\/wp-content\/uploads\/2018\/07\/e_sybox_mini_brochure_2.pdf\" target=\"_blank\" rel=\"noopener\">Laden Sie die Brosch\u00fcre hier herunter: E sybox Brosch\u00fcre<\/a><\/p>\n<hr>\n<p><strong>\u00c4hnliche Produkte:<\/strong><\/p>\n<p>[columns] [span3]<\/p>\n<p><strong><a href=\"http:\/\/vewitechniek.nl\/product\/verticale-rvs-304-tank-zonder-membraan-100-ltr\/\" target=\"_blank\" rel=\"noopener\"><img decoding=\"async\" class=\"lazyload alignnone size-medium wp-image-1277\" src=\"http:\/\/vewitechniek.nl\/wp-content\/uploads\/2018\/07\/verticalve-rvs-549-excl-gerelateerd-227x300.png\" data-orig-src=\"http:\/\/vewitechniek.nl\/wp-content\/uploads\/2018\/07\/verticalve-rvs-549-excl-gerelateerd-227x300.png\" alt=\"\" width=\"227\" height=\"300\" srcset=\"data:image\/svg+xml,%3Csvg%20xmlns%3D%27http%3A%2F%2Fwww.w3.org%2F2000%2Fsvg%27%20width%3D%27227%27%20height%3D%27300%27%20viewBox%3D%270%200%20227%20300%27%3E%3Crect%20width%3D%27227%27%20height%3D%27300%27%20fill-opacity%3D%220%22%2F%3E%3C%2Fsvg%3E\" data-srcset=\"https:\/\/www.vewitechniek.nl\/oorduxug\/2018\/07\/verticalve-rvs-549-excl-gerelateerd-227x300.png 227w, https:\/\/www.vewitechniek.nl\/oorduxug\/2018\/07\/verticalve-rvs-549-excl-gerelateerd.png 401w\" data-sizes=\"auto\" data-orig-sizes=\"(max-width: 227px) 100vw, 227px\" \/><\/a><\/strong><\/p>\n<p><strong>[\/span3][span3]<\/strong><\/p>\n<p><strong><a href=\"http:\/\/vewitechniek.nl\/product\/verticale-rvs-304-tank-zonder-membraan-150-ltr\/\" target=\"_blank\" rel=\"noopener\"><img decoding=\"async\" class=\"lazyload alignnone size-medium wp-image-1278\" src=\"http:\/\/vewitechniek.nl\/wp-content\/uploads\/2018\/07\/verticalve-rvs-673-excl-gerelateerd-226x300.png\" data-orig-src=\"http:\/\/vewitechniek.nl\/wp-content\/uploads\/2018\/07\/verticalve-rvs-673-excl-gerelateerd-226x300.png\" alt=\"\" width=\"226\" height=\"300\" srcset=\"data:image\/svg+xml,%3Csvg%20xmlns%3D%27http%3A%2F%2Fwww.w3.org%2F2000%2Fsvg%27%20width%3D%27226%27%20height%3D%27300%27%20viewBox%3D%270%200%20226%20300%27%3E%3Crect%20width%3D%27226%27%20height%3D%27300%27%20fill-opacity%3D%220%22%2F%3E%3C%2Fsvg%3E\" data-srcset=\"https:\/\/www.vewitechniek.nl\/oorduxug\/2018\/07\/verticalve-rvs-673-excl-gerelateerd-226x300.png 226w, https:\/\/www.vewitechniek.nl\/oorduxug\/2018\/07\/verticalve-rvs-673-excl-gerelateerd.png 399w\" data-sizes=\"auto\" data-orig-sizes=\"(max-width: 226px) 100vw, 226px\" \/><\/a><\/strong><\/p>\n<p><strong>[\/span3][span3]<\/strong><\/p>\n<p><strong><a href=\"http:\/\/vewitechniek.nl\/product\/verticale-rvs-304-tank-zonder-membraan-200-ltr\/\" target=\"_blank\" rel=\"noopener\"><img decoding=\"async\" class=\"lazyload alignnone size-medium wp-image-1275\" src=\"http:\/\/vewitechniek.nl\/wp-content\/uploads\/2018\/07\/rvs-breektank-816-excl-gerelateerd-227x300.png\" data-orig-src=\"http:\/\/vewitechniek.nl\/wp-content\/uploads\/2018\/07\/rvs-breektank-816-excl-gerelateerd-227x300.png\" alt=\"\" width=\"227\" height=\"300\" srcset=\"data:image\/svg+xml,%3Csvg%20xmlns%3D%27http%3A%2F%2Fwww.w3.org%2F2000%2Fsvg%27%20width%3D%27227%27%20height%3D%27300%27%20viewBox%3D%270%200%20227%20300%27%3E%3Crect%20width%3D%27227%27%20height%3D%27300%27%20fill-opacity%3D%220%22%2F%3E%3C%2Fsvg%3E\" data-srcset=\"https:\/\/www.vewitechniek.nl\/oorduxug\/2018\/07\/rvs-breektank-816-excl-gerelateerd-227x300.png 227w, https:\/\/www.vewitechniek.nl\/oorduxug\/2018\/07\/rvs-breektank-816-excl-gerelateerd.png 401w\" data-sizes=\"auto\" data-orig-sizes=\"(max-width: 227px) 100vw, 227px\" \/><\/a><\/strong><\/p>\n<p><strong>[\/span3][span3]<\/strong><\/p>\n<p><strong><a href=\"http:\/\/vewitechniek.nl\/product\/verticale-rvs-304-tank-zonder-membraan-300-ltr\/\" target=\"_blank\" rel=\"noopener\"><img decoding=\"async\" class=\"lazyload alignnone size-medium wp-image-1276\" src=\"http:\/\/vewitechniek.nl\/wp-content\/uploads\/2018\/07\/rvs-breektank-1056-excl-gerelateerd-227x300.png\" data-orig-src=\"http:\/\/vewitechniek.nl\/wp-content\/uploads\/2018\/07\/rvs-breektank-1056-excl-gerelateerd-227x300.png\" alt=\"\" width=\"227\" height=\"300\" srcset=\"data:image\/svg+xml,%3Csvg%20xmlns%3D%27http%3A%2F%2Fwww.w3.org%2F2000%2Fsvg%27%20width%3D%27227%27%20height%3D%27300%27%20viewBox%3D%270%200%20227%20300%27%3E%3Crect%20width%3D%27227%27%20height%3D%27300%27%20fill-opacity%3D%220%22%2F%3E%3C%2Fsvg%3E\" data-srcset=\"https:\/\/www.vewitechniek.nl\/oorduxug\/2018\/07\/rvs-breektank-1056-excl-gerelateerd-227x300.png 227w, https:\/\/www.vewitechniek.nl\/oorduxug\/2018\/07\/rvs-breektank-1056-excl-gerelateerd.png 400w\" data-sizes=\"auto\" data-orig-sizes=\"(max-width: 227px) 100vw, 227px\" \/><\/a><\/strong><\/p>\n<p><strong>[\/span3][\/columns]<\/strong><\/p>\n<\/div><\/div><\/div><\/div><\/div>\n","protected":false},"excerpt":{"rendered":"","protected":false},"featured_media":5368,"comment_status":"closed","ping_status":"closed","template":"","meta":[],"product_brand":[],"product_cat":[341],"product_tag":[626,638,682,733,735,887],"class_list":{"0":"post-15033","1":"product","2":"type-product","3":"status-publish","4":"has-post-thumbnail","6":"product_cat-dab-de","7":"product_tag-dab-de","8":"product_tag-easybox-de","9":"product_tag-edelstahltank-de","10":"product_tag-break-tank-de","11":"product_tag-puffertank","12":"product_tag-speicher","14":"first","15":"instock","16":"taxable","17":"shipping-taxable","18":"purchasable","19":"product-type-variable"},"_links":{"self":[{"href":"https:\/\/www.vewitechniek.nl\/de\/wp-json\/wp\/v2\/product\/15033","targetHints":{"allow":["GET"]}}],"collection":[{"href":"https:\/\/www.vewitechniek.nl\/de\/wp-json\/wp\/v2\/product"}],"about":[{"href":"https:\/\/www.vewitechniek.nl\/de\/wp-json\/wp\/v2\/types\/product"}],"replies":[{"embeddable":true,"href":"https:\/\/www.vewitechniek.nl\/de\/wp-json\/wp\/v2\/comments?post=15033"}],"wp:featuredmedia":[{"embeddable":true,"href":"https:\/\/www.vewitechniek.nl\/de\/wp-json\/wp\/v2\/media\/5368"}],"wp:attachment":[{"href":"https:\/\/www.vewitechniek.nl\/de\/wp-json\/wp\/v2\/media?parent=15033"}],"wp:term":[{"taxonomy":"product_brand","embeddable":true,"href":"https:\/\/www.vewitechniek.nl\/de\/wp-json\/wp\/v2\/product_brand?post=15033"},{"taxonomy":"product_cat","embeddable":true,"href":"https:\/\/www.vewitechniek.nl\/de\/wp-json\/wp\/v2\/product_cat?post=15033"},{"taxonomy":"product_tag","embeddable":true,"href":"https:\/\/www.vewitechniek.nl\/de\/wp-json\/wp\/v2\/product_tag?post=15033"}],"curies":[{"name":"wp","href":"https:\/\/api.w.org\/{rel}","templated":true}]}}