{"id":15038,"date":"2018-06-21T19:13:35","date_gmt":"2025-08-12T08:37:28","guid":{"rendered":"https:\/\/www.vewitechniek.nl\/product\/automatischer-durchflussregler-1000-ml-3-8-zoll-rosa\/"},"modified":"2025-08-12T09:37:36","modified_gmt":"2025-08-12T08:37:36","slug":"automatischer-durchflussregler-1000-ml-3-8-zoll-rosa","status":"publish","type":"product","link":"https:\/\/www.vewitechniek.nl\/de\/produkt\/automatischer-durchflussregler-1000-ml-3-8-zoll-rosa\/","title":{"rendered":"Automatischer Durchflussregler 1000 ml 3\/8 Zoll rosa"},"content":{"rendered":"<div class=\"fusion-fullwidth fullwidth-box fusion-builder-row-1 fusion-flex-container nonhundred-percent-fullwidth non-hundred-percent-height-scrolling\" style=\"--awb-border-radius-top-left:0px;--awb-border-radius-top-right:0px;--awb-border-radius-bottom-right:0px;--awb-border-radius-bottom-left:0px;--awb-flex-wrap:wrap;\" ><div class=\"fusion-builder-row fusion-row fusion-flex-align-items-flex-start fusion-flex-content-wrap\" style=\"max-width:1331.2px;margin-left: calc(-4% \/ 2 );margin-right: calc(-4% \/ 2 );\"><div class=\"fusion-layout-column fusion_builder_column fusion-builder-column-0 fusion_builder_column_1_1 1_1 fusion-flex-column\" style=\"--awb-bg-size:cover;--awb-width-large:100%;--awb-margin-top-large:0px;--awb-spacing-right-large:1.92%;--awb-margin-bottom-large:0px;--awb-spacing-left-large:1.92%;--awb-width-medium:100%;--awb-spacing-right-medium:1.92%;--awb-spacing-left-medium:1.92%;--awb-width-small:100%;--awb-spacing-right-small:1.92%;--awb-spacing-left-small:1.92%;\"><div class=\"fusion-column-wrapper fusion-flex-justify-content-flex-start fusion-content-layout-column\"><div class=\"fusion-text fusion-text-1\"><p>Beschreibung<br \/>\nDie automatischen Venke-Durchflussregler gew\u00e4hrleisten eine optimale und konstante Wasserabgabe vom ersten bis zum letzten Tr\u00e4nkenippel im gesamten Stall, unabh\u00e4ngig vom Wasserdruck.<br \/>\nSie w\u00e4hlen, welche Wassermenge aus dem Tr\u00e4nkenippel kommt, zum Beispiel bei Mastschweinen 1 Liter pro Minute, und unabh\u00e4ngig vom Vordruck (zwischen 1 und 6 bar) kommen 1 Liter pro Minute aus dem Tr\u00e4nkenippel. Ein Druckminderventil pro Abteil ist somit \u00fcberfl\u00fcssig.<br \/>\nSie k\u00f6nnen den Druck bedenkenlos auf ca. 2-3 bar erh\u00f6hen. (weniger hat wenig Wirkung und mehr ist \u00fcberfl\u00fcssig). Dadurch haben Sie \u00fcberall eine gute Trinkwasserversorgung. Die Qualit\u00e4t bleibt dadurch auch konstanter, da Bakterien durch das Hochdrucksystem weniger Chancen haben.<br \/>\nDas Wasser spritzt trotz des Drucks durch dieses System nicht mehr aus dem Tr\u00e4nkenippel, was die Wasseraufnahme vereinfacht. Die Schweine versch\u00fctten weniger und k\u00f6nnen das Wasser aufnehmen.<br \/>\nDie Durchflussregler sind f\u00fcr verschiedene Arten von Tr\u00e4nkenippeln in verschiedenen Modellen und f\u00fcr jede Tiergruppe ausgew\u00e4hlt.      Senden Sie uns ein Foto Ihres Tr\u00e4nkenippels (nicht montiert) per App oder E-Mail, und wir beraten Sie gerne.<\/p>\n<hr>\n<\/div><\/div><\/div><\/div><\/div>\n","protected":false},"excerpt":{"rendered":"<p>Ab 100 St\u00fcck 10 % Rabatt<br \/>\nAb 500 St\u00fcck 20 % Rabatt<\/p>\n","protected":false},"featured_media":5311,"comment_status":"closed","ping_status":"closed","template":"","meta":[],"product_brand":[],"product_cat":[308,310],"product_tag":[748,869,1596,1707,615,730,732],"class_list":{"0":"post-15038","1":"product","2":"type-product","3":"status-publish","4":"has-post-thumbnail","6":"product_cat-nippeltrinker","7":"product_cat-automatische-warmwasserbereiter","8":"product_tag-trinknippel","9":"product_tag-auslaufen","10":"product_tag-reduzieren","11":"product_tag-durchflussregler","12":"product_tag-aquaglobe-de","13":"product_tag-bit-ball-nippel","14":"product_tag-brustwarzen-beissen","16":"first","17":"instock","18":"taxable","19":"shipping-taxable","20":"purchasable","21":"product-type-simple"},"_links":{"self":[{"href":"https:\/\/www.vewitechniek.nl\/de\/wp-json\/wp\/v2\/product\/15038","targetHints":{"allow":["GET"]}}],"collection":[{"href":"https:\/\/www.vewitechniek.nl\/de\/wp-json\/wp\/v2\/product"}],"about":[{"href":"https:\/\/www.vewitechniek.nl\/de\/wp-json\/wp\/v2\/types\/product"}],"replies":[{"embeddable":true,"href":"https:\/\/www.vewitechniek.nl\/de\/wp-json\/wp\/v2\/comments?post=15038"}],"wp:featuredmedia":[{"embeddable":true,"href":"https:\/\/www.vewitechniek.nl\/de\/wp-json\/wp\/v2\/media\/5311"}],"wp:attachment":[{"href":"https:\/\/www.vewitechniek.nl\/de\/wp-json\/wp\/v2\/media?parent=15038"}],"wp:term":[{"taxonomy":"product_brand","embeddable":true,"href":"https:\/\/www.vewitechniek.nl\/de\/wp-json\/wp\/v2\/product_brand?post=15038"},{"taxonomy":"product_cat","embeddable":true,"href":"https:\/\/www.vewitechniek.nl\/de\/wp-json\/wp\/v2\/product_cat?post=15038"},{"taxonomy":"product_tag","embeddable":true,"href":"https:\/\/www.vewitechniek.nl\/de\/wp-json\/wp\/v2\/product_tag?post=15038"}],"curies":[{"name":"wp","href":"https:\/\/api.w.org\/{rel}","templated":true}]}}