{"id":15041,"date":"2018-06-21T19:09:50","date_gmt":"2018-06-21T18:09:50","guid":{"rendered":"https:\/\/www.vewitechniek.nl\/product\/dosatron-d25re5vf-mischungsverhaeltnis-1-5\/"},"modified":"2025-10-08T11:19:25","modified_gmt":"2025-10-08T10:19:25","slug":"dosatron-d25re5vf-mischungsverhaeltnis-1-5","status":"publish","type":"product","link":"https:\/\/www.vewitechniek.nl\/de\/produkt\/dosatron-d25re5vf-mischungsverhaeltnis-1-5\/","title":{"rendered":"Dosatron D25RE5VF &#8211; Mischungsverh\u00e4ltnis: 1 % &#8211; 5 %"},"content":{"rendered":"<div class=\"fusion-fullwidth fullwidth-box fusion-builder-row-1 fusion-flex-container nonhundred-percent-fullwidth non-hundred-percent-height-scrolling\" style=\"--awb-border-radius-top-left:0px;--awb-border-radius-top-right:0px;--awb-border-radius-bottom-right:0px;--awb-border-radius-bottom-left:0px;--awb-flex-wrap:wrap;\" ><div class=\"fusion-builder-row fusion-row fusion-flex-align-items-flex-start fusion-flex-content-wrap\" style=\"max-width:1331.2px;margin-left: calc(-4% \/ 2 );margin-right: calc(-4% \/ 2 );\"><div class=\"fusion-layout-column fusion_builder_column fusion-builder-column-0 fusion_builder_column_1_1 1_1 fusion-flex-column\" style=\"--awb-bg-size:cover;--awb-width-large:100%;--awb-margin-top-large:0px;--awb-spacing-right-large:1.92%;--awb-margin-bottom-large:0px;--awb-spacing-left-large:1.92%;--awb-width-medium:100%;--awb-spacing-right-medium:1.92%;--awb-spacing-left-medium:1.92%;--awb-width-small:100%;--awb-spacing-right-small:1.92%;--awb-spacing-left-small:1.92%;\"><div class=\"fusion-column-wrapper fusion-flex-justify-content-flex-start fusion-content-layout-column\"><div class=\"fusion-text fusion-text-1\"><p>Dosatron mit extern einstellbarem Mischungsverh\u00e4ltnis, mit s\u00e4ure-, \u00f6l- und pestizidbest\u00e4ndigen Dichtungen.<\/p>\n<p>F\u00fcr stark konzentrierte S\u00e4uren gibt es ein spezielles PVDF-Modell (wei\u00df). Auf Anfrage erh\u00e4ltlich. <\/p>\n<p>Selbstansaugend: maximale Saugh\u00f6he 4 mtr.<\/p>\n<p>Anschluss: 3\/4&#8243; Au\u00dfengewinde.<\/p>\n<p>Durchfluss: Min. 10 Liter &#8211; max. 2500 Liter pro Stunde<\/p>\n<p>Arbeitsdruck : Min. 0,3 bar &#8211; max. 6 bar<\/p>\n<p>D25RE5VF &#8211; Mischungsverh\u00e4ltnis: 1 % &#8211; 5 %<\/p>\n<p>Dokumentation: <a href=\"https:\/\/www.vewitechniek.nl\/oorduxug\/2024\/04\/Dosatron-folder-D25NL.pdf\">Dosatron Brosch\u00fcre D25NL<\/a><\/p>\n<p>Handbuch: <a href=\"https:\/\/www.vewitechniek.nl\/oorduxug\/2024\/04\/Handleiding-D25RE.pdf\">Handbuch D25RE<\/a><\/p>\n<p>Ersatzteile: <a href=\"https:\/\/www.vewitechniek.nl\/oorduxug\/2018\/06\/Onderdelen-D25RE5.pdf\">Ersatzteile D25RE5<\/a><\/p>\n<\/div><\/div><\/div><\/div><\/div>\n","protected":false},"excerpt":{"rendered":"","protected":false},"featured_media":5267,"comment_status":"closed","ping_status":"closed","template":"","meta":[],"product_brand":[],"product_cat":[298,300],"product_tag":[646,662,672,691,700,1710,1711,612,635,637,641,645],"class_list":{"0":"post-15041","1":"product","2":"type-product","3":"status-publish","4":"has-post-thumbnail","6":"product_cat-dosierpumpen","7":"product_cat-dosatron-de","8":"product_tag-etatron-de","9":"product_tag-hydro-de","10":"product_tag-mixtron-de","11":"product_tag-seko-de","12":"product_tag-tefen-de","13":"product_tag-d25re5-de","14":"product_tag-d25re5vf-de","15":"product_tag-aquados-de","16":"product_tag-dosatron-de","17":"product_tag-dosierpumpe","18":"product_tag-dostec-de","19":"product_tag-emec-de","21":"first","22":"instock","23":"taxable","24":"shipping-taxable","25":"purchasable","26":"product-type-simple"},"_links":{"self":[{"href":"https:\/\/www.vewitechniek.nl\/de\/wp-json\/wp\/v2\/product\/15041","targetHints":{"allow":["GET"]}}],"collection":[{"href":"https:\/\/www.vewitechniek.nl\/de\/wp-json\/wp\/v2\/product"}],"about":[{"href":"https:\/\/www.vewitechniek.nl\/de\/wp-json\/wp\/v2\/types\/product"}],"replies":[{"embeddable":true,"href":"https:\/\/www.vewitechniek.nl\/de\/wp-json\/wp\/v2\/comments?post=15041"}],"wp:featuredmedia":[{"embeddable":true,"href":"https:\/\/www.vewitechniek.nl\/de\/wp-json\/wp\/v2\/media\/5267"}],"wp:attachment":[{"href":"https:\/\/www.vewitechniek.nl\/de\/wp-json\/wp\/v2\/media?parent=15041"}],"wp:term":[{"taxonomy":"product_brand","embeddable":true,"href":"https:\/\/www.vewitechniek.nl\/de\/wp-json\/wp\/v2\/product_brand?post=15041"},{"taxonomy":"product_cat","embeddable":true,"href":"https:\/\/www.vewitechniek.nl\/de\/wp-json\/wp\/v2\/product_cat?post=15041"},{"taxonomy":"product_tag","embeddable":true,"href":"https:\/\/www.vewitechniek.nl\/de\/wp-json\/wp\/v2\/product_tag?post=15041"}],"curies":[{"name":"wp","href":"https:\/\/api.w.org\/{rel}","templated":true}]}}