{"id":15043,"date":"2018-06-21T19:14:54","date_gmt":"2025-08-12T08:37:34","guid":{"rendered":"https:\/\/www.vewitechniek.nl\/product\/automatischer-durchflussregler-2500-ml-3-8-gruen\/"},"modified":"2025-08-12T09:37:35","modified_gmt":"2025-08-12T08:37:35","slug":"automatischer-durchflussregler-2500-ml-3-8-gruen","status":"publish","type":"product","link":"https:\/\/www.vewitechniek.nl\/de\/produkt\/automatischer-durchflussregler-2500-ml-3-8-gruen\/","title":{"rendered":"Automatischer Durchflussregler 2500 ml 3\/8&#8243; gr\u00fcn"},"content":{"rendered":"<div class=\"fusion-fullwidth fullwidth-box fusion-builder-row-1 fusion-flex-container nonhundred-percent-fullwidth non-hundred-percent-height-scrolling\" style=\"--awb-border-radius-top-left:0px;--awb-border-radius-top-right:0px;--awb-border-radius-bottom-right:0px;--awb-border-radius-bottom-left:0px;--awb-flex-wrap:wrap;\" ><div class=\"fusion-builder-row fusion-row fusion-flex-align-items-flex-start fusion-flex-content-wrap\" style=\"max-width:1331.2px;margin-left: calc(-4% \/ 2 );margin-right: calc(-4% \/ 2 );\"><div class=\"fusion-layout-column fusion_builder_column fusion-builder-column-0 fusion_builder_column_1_1 1_1 fusion-flex-column\" style=\"--awb-bg-size:cover;--awb-width-large:100%;--awb-margin-top-large:0px;--awb-spacing-right-large:1.92%;--awb-margin-bottom-large:0px;--awb-spacing-left-large:1.92%;--awb-width-medium:100%;--awb-spacing-right-medium:1.92%;--awb-spacing-left-medium:1.92%;--awb-width-small:100%;--awb-spacing-right-small:1.92%;--awb-spacing-left-small:1.92%;\"><div class=\"fusion-column-wrapper fusion-flex-justify-content-flex-start fusion-content-layout-column\"><div class=\"fusion-text fusion-text-1\"><p>Beschreibung<br \/>\nDie automatischen Venke-Durchflussregler sorgen f\u00fcr eine optimale und konstante Wasserabgabe von der ersten bis zur letzten Tr\u00e4nkenippel im gesamten Stall, unabh\u00e4ngig vom Wasserdruck.<br \/>\nSie w\u00e4hlen, welche Wassermenge aus der Tr\u00e4nkenippel kommt, zum Beispiel bei Sauen 2,5 Liter pro Minute, und unabh\u00e4ngig vom Vordruck (zwischen 1 und 6 bar) kommen 2,5 Liter pro Minute aus der Tr\u00e4nkenippel. Ein Druckminderventil pro Abteil ist somit \u00fcberfl\u00fcssig.<br \/>\nSie k\u00f6nnen den Druck bedenkenlos auf ca. 2-3 bar erh\u00f6hen.  (weniger hat wenig Wirkung und mehr ist \u00fcberfl\u00fcssig). Dadurch haben Sie \u00fcberall eine gute Trinkwasserversorgung. Die Qualit\u00e4t bleibt dadurch auch konstanter, da Bakterien durch das Hochdrucksystem weniger Chancen haben.<br \/>\nDas Wasser spritzt trotz des Drucks durch dieses System nicht mehr aus dem Trinknippel, was die Wasseraufnahme vereinfacht. Die Schweine versch\u00fctten weniger und k\u00f6nnen das Wasser aufnehmen.<br \/>\nDie Durchflussregler sind f\u00fcr verschiedene Arten von Trinknippeln in allen m\u00f6glichen Modellen und f\u00fcr jede Tiergruppe ausgew\u00e4hlt.    Senden Sie uns ein Foto Ihres Tr\u00e4nkenippels (nicht montiert) per App oder E-Mail, und wir beraten Sie gerne.<\/p>\n<p><iframe src=\"https:\/\/www.youtube.com\/embed\/EVgoG58r4mA\" width=\"560\" height=\"315\" frameborder=\"0\" allowfullscreen=\"allowfullscreen\"><\/iframe><\/p>\n<hr>\n<p><strong>\u00c4hnliche Produkte:<\/strong><\/p>\n<p><strong>[columns] [span3]<\/strong><\/p>\n<p><a href=\"http:\/\/vewitechniek.nl\/product\/drinknipple-4\/\" target=\"_blank\" rel=\"noopener\"><img decoding=\"async\" class=\"lazyload alignnone size-medium wp-image-1340\" src=\"http:\/\/vewitechniek.nl\/wp-content\/uploads\/2018\/06\/brijbaknippel-234x300.png\" data-orig-src=\"http:\/\/vewitechniek.nl\/wp-content\/uploads\/2018\/06\/brijbaknippel-234x300.png\" alt=\"\" width=\"234\" height=\"300\" srcset=\"data:image\/svg+xml,%3Csvg%20xmlns%3D%27http%3A%2F%2Fwww.w3.org%2F2000%2Fsvg%27%20width%3D%27234%27%20height%3D%27300%27%20viewBox%3D%270%200%20234%20300%27%3E%3Crect%20width%3D%27234%27%20height%3D%27300%27%20fill-opacity%3D%220%22%2F%3E%3C%2Fsvg%3E\" data-srcset=\"https:\/\/www.vewitechniek.nl\/oorduxug\/2018\/06\/brijbaknippel-234x300.png 234w, https:\/\/www.vewitechniek.nl\/oorduxug\/2018\/06\/brijbaknippel.png 401w\" data-sizes=\"auto\" data-orig-sizes=\"(max-width: 234px) 100vw, 234px\" \/><\/a><\/p>\n<p><strong>[\/span3][span3]<\/strong><\/p>\n<p><a href=\"http:\/\/vewitechniek.nl\/product\/drinknippel-2\/\" target=\"_blank\" rel=\"noopener\"><img decoding=\"async\" class=\"lazyload alignnone size-medium wp-image-1339\" src=\"http:\/\/vewitechniek.nl\/wp-content\/uploads\/2018\/06\/3-gats-spoeinippel-235x300.png\" data-orig-src=\"http:\/\/vewitechniek.nl\/wp-content\/uploads\/2018\/06\/3-gats-spoeinippel-235x300.png\" alt=\"\" width=\"235\" height=\"300\" srcset=\"data:image\/svg+xml,%3Csvg%20xmlns%3D%27http%3A%2F%2Fwww.w3.org%2F2000%2Fsvg%27%20width%3D%27235%27%20height%3D%27300%27%20viewBox%3D%270%200%20235%20300%27%3E%3Crect%20width%3D%27235%27%20height%3D%27300%27%20fill-opacity%3D%220%22%2F%3E%3C%2Fsvg%3E\" data-srcset=\"https:\/\/www.vewitechniek.nl\/oorduxug\/2018\/06\/3-gats-spoeinippel-235x300.png 235w, https:\/\/www.vewitechniek.nl\/oorduxug\/2018\/06\/3-gats-spoeinippel.png 402w\" data-sizes=\"auto\" data-orig-sizes=\"(max-width: 235px) 100vw, 235px\" \/><\/a><\/p>\n<p><strong>[\/span3][span3]<\/strong><\/p>\n<p><strong>[\/span3][span3]<\/strong><\/p>\n<p><strong>[\/span3][\/columns]\n<\/strong><\/p>\n<\/div><\/div><\/div><\/div><\/div>\n","protected":false},"excerpt":{"rendered":"<p>Ab 100 St\u00fcck 10 % Rabatt<br \/>\nAb 500 St\u00fcck 20 % Rabatt<\/p>\n","protected":false},"featured_media":5311,"comment_status":"closed","ping_status":"closed","template":"","meta":[],"product_brand":[],"product_cat":[310,308],"product_tag":[730,732,748,869,615],"class_list":{"0":"post-15043","1":"product","2":"type-product","3":"status-publish","4":"has-post-thumbnail","6":"product_cat-automatische-warmwasserbereiter","7":"product_cat-nippeltrinker","8":"product_tag-bit-ball-nippel","9":"product_tag-brustwarzen-beissen","10":"product_tag-trinknippel","11":"product_tag-auslaufen","12":"product_tag-aquaglobe-de","14":"first","15":"instock","16":"taxable","17":"shipping-taxable","18":"purchasable","19":"product-type-simple"},"_links":{"self":[{"href":"https:\/\/www.vewitechniek.nl\/de\/wp-json\/wp\/v2\/product\/15043","targetHints":{"allow":["GET"]}}],"collection":[{"href":"https:\/\/www.vewitechniek.nl\/de\/wp-json\/wp\/v2\/product"}],"about":[{"href":"https:\/\/www.vewitechniek.nl\/de\/wp-json\/wp\/v2\/types\/product"}],"replies":[{"embeddable":true,"href":"https:\/\/www.vewitechniek.nl\/de\/wp-json\/wp\/v2\/comments?post=15043"}],"wp:featuredmedia":[{"embeddable":true,"href":"https:\/\/www.vewitechniek.nl\/de\/wp-json\/wp\/v2\/media\/5311"}],"wp:attachment":[{"href":"https:\/\/www.vewitechniek.nl\/de\/wp-json\/wp\/v2\/media?parent=15043"}],"wp:term":[{"taxonomy":"product_brand","embeddable":true,"href":"https:\/\/www.vewitechniek.nl\/de\/wp-json\/wp\/v2\/product_brand?post=15043"},{"taxonomy":"product_cat","embeddable":true,"href":"https:\/\/www.vewitechniek.nl\/de\/wp-json\/wp\/v2\/product_cat?post=15043"},{"taxonomy":"product_tag","embeddable":true,"href":"https:\/\/www.vewitechniek.nl\/de\/wp-json\/wp\/v2\/product_tag?post=15043"}],"curies":[{"name":"wp","href":"https:\/\/api.w.org\/{rel}","templated":true}]}}