{"id":15044,"date":"2018-06-21T19:02:05","date_gmt":"2025-08-12T08:37:35","guid":{"rendered":"https:\/\/www.vewitechniek.nl\/product\/traenkenippel-edelstahl-venke-beissnippel-fuer-ferkel-1-2-3-8\/"},"modified":"2025-08-12T09:37:37","modified_gmt":"2025-08-12T08:37:37","slug":"traenkenippel-edelstahl-venke-beissnippel-fuer-ferkel-1-2-3-8","status":"publish","type":"product","link":"https:\/\/www.vewitechniek.nl\/de\/produkt\/traenkenippel-edelstahl-venke-beissnippel-fuer-ferkel-1-2-3-8\/","title":{"rendered":"Tr\u00e4nkenippel Edelstahl Venke Bei\u00dfnippel f\u00fcr Ferkel 1\/2 \u201e\u201c-3\/8 \u201e\u201c"},"content":{"rendered":"<div class=\"fusion-fullwidth fullwidth-box fusion-builder-row-1 fusion-flex-container nonhundred-percent-fullwidth non-hundred-percent-height-scrolling\" style=\"--awb-border-radius-top-left:0px;--awb-border-radius-top-right:0px;--awb-border-radius-bottom-right:0px;--awb-border-radius-bottom-left:0px;--awb-flex-wrap:wrap;\" ><div class=\"fusion-builder-row fusion-row fusion-flex-align-items-flex-start fusion-flex-content-wrap\" style=\"max-width:1331.2px;margin-left: calc(-4% \/ 2 );margin-right: calc(-4% \/ 2 );\"><div class=\"fusion-layout-column fusion_builder_column fusion-builder-column-0 fusion_builder_column_1_1 1_1 fusion-flex-column\" style=\"--awb-bg-size:cover;--awb-width-large:100%;--awb-margin-top-large:0px;--awb-spacing-right-large:1.92%;--awb-margin-bottom-large:0px;--awb-spacing-left-large:1.92%;--awb-width-medium:100%;--awb-spacing-right-medium:1.92%;--awb-spacing-left-medium:1.92%;--awb-width-small:100%;--awb-spacing-right-small:1.92%;--awb-spacing-left-small:1.92%;\"><div class=\"fusion-column-wrapper fusion-flex-justify-content-flex-start fusion-content-layout-column\"><div class=\"fusion-text fusion-text-1\"><p>Vollst\u00e4ndiger Edelstahl-Tr\u00e4nkenippel, geeignet u.a. f\u00fcr s\u00e4ugende und abgesetzte Ferkel. 1\/2&#8243; Anschluss. Geeignet f\u00fcr den Einbau eines automatischen Durchflussreglers, der eine feste Wassermenge pro Minute abgibt.<br \/>\nBeschreibung  <\/p>\n<hr>\n<p><strong>\u00c4hnliche Produkte:[columns] [span3]<\/strong><\/p>\n<p><a href=\"http:\/\/vewitechniek.nl\/product\/automatische-doorstromer-250-ml-3-8-wit\/\" target=\"_blank\" rel=\"noopener\"><img decoding=\"async\" class=\"lazyload alignnone size-medium wp-image-1332\" src=\"http:\/\/vewitechniek.nl\/wp-content\/uploads\/2018\/06\/auto-doorstromer-wit-250ml-3-8-227x300.png\" data-orig-src=\"http:\/\/vewitechniek.nl\/wp-content\/uploads\/2018\/06\/auto-doorstromer-wit-250ml-3-8-227x300.png\" alt=\"\" width=\"227\" height=\"300\" srcset=\"data:image\/svg+xml,%3Csvg%20xmlns%3D%27http%3A%2F%2Fwww.w3.org%2F2000%2Fsvg%27%20width%3D%27227%27%20height%3D%27300%27%20viewBox%3D%270%200%20227%20300%27%3E%3Crect%20width%3D%27227%27%20height%3D%27300%27%20fill-opacity%3D%220%22%2F%3E%3C%2Fsvg%3E\" data-srcset=\"https:\/\/www.vewitechniek.nl\/oorduxug\/2018\/06\/auto-doorstromer-wit-250ml-3-8-227x300.png 227w, https:\/\/www.vewitechniek.nl\/oorduxug\/2018\/06\/auto-doorstromer-wit-250ml-3-8.png 401w\" data-sizes=\"auto\" data-orig-sizes=\"(max-width: 227px) 100vw, 227px\" \/><\/a><\/p>\n<p><strong>[\/span3][span3]<\/strong><\/p>\n<p><a href=\"http:\/\/vewitechniek.nl\/product\/automatische-doorstromer-500-ml-3-8-geel\/\" target=\"_blank\" rel=\"noopener\"><img decoding=\"async\" class=\"lazyload alignnone size-medium wp-image-1331\" src=\"http:\/\/vewitechniek.nl\/wp-content\/uploads\/2018\/06\/auto-doorstomer-geel-500ml-3-8-227x300.png\" data-orig-src=\"http:\/\/vewitechniek.nl\/wp-content\/uploads\/2018\/06\/auto-doorstomer-geel-500ml-3-8-227x300.png\" alt=\"\" width=\"227\" height=\"300\" srcset=\"data:image\/svg+xml,%3Csvg%20xmlns%3D%27http%3A%2F%2Fwww.w3.org%2F2000%2Fsvg%27%20width%3D%27227%27%20height%3D%27300%27%20viewBox%3D%270%200%20227%20300%27%3E%3Crect%20width%3D%27227%27%20height%3D%27300%27%20fill-opacity%3D%220%22%2F%3E%3C%2Fsvg%3E\" data-srcset=\"https:\/\/www.vewitechniek.nl\/oorduxug\/2018\/06\/auto-doorstomer-geel-500ml-3-8-227x300.png 227w, https:\/\/www.vewitechniek.nl\/oorduxug\/2018\/06\/auto-doorstomer-geel-500ml-3-8.png 402w\" data-sizes=\"auto\" data-orig-sizes=\"(max-width: 227px) 100vw, 227px\" \/><\/a><\/p>\n<p><strong>[\/span3][span3]<\/strong><\/p>\n<p><a href=\"http:\/\/vewitechniek.nl\/product\/nippelbeschermbeugel\/\" target=\"_blank\" rel=\"noopener\"><img decoding=\"async\" class=\"lazyload alignnone size-medium wp-image-1333\" src=\"http:\/\/vewitechniek.nl\/wp-content\/uploads\/2018\/06\/nippel-beschermbeugel-biggen-234x300.png\" data-orig-src=\"http:\/\/vewitechniek.nl\/wp-content\/uploads\/2018\/06\/nippel-beschermbeugel-biggen-234x300.png\" alt=\"\" width=\"234\" height=\"300\" srcset=\"data:image\/svg+xml,%3Csvg%20xmlns%3D%27http%3A%2F%2Fwww.w3.org%2F2000%2Fsvg%27%20width%3D%27234%27%20height%3D%27300%27%20viewBox%3D%270%200%20234%20300%27%3E%3Crect%20width%3D%27234%27%20height%3D%27300%27%20fill-opacity%3D%220%22%2F%3E%3C%2Fsvg%3E\" data-srcset=\"https:\/\/www.vewitechniek.nl\/oorduxug\/2018\/06\/nippel-beschermbeugel-biggen-234x300.png 234w, https:\/\/www.vewitechniek.nl\/oorduxug\/2018\/06\/nippel-beschermbeugel-biggen.png 402w\" data-sizes=\"auto\" data-orig-sizes=\"(max-width: 234px) 100vw, 234px\" \/><\/a><\/p>\n<p><strong>[\/span3][span3]<\/strong><\/p>\n<p><strong>[\/span3][\/columns]<\/strong><\/p>\n<\/div><\/div><\/div><\/div><\/div>\n","protected":false},"excerpt":{"rendered":"","protected":false},"featured_media":5314,"comment_status":"closed","ping_status":"closed","template":"","meta":[],"product_brand":[],"product_cat":[308,318],"product_tag":[615,730,732,748,869],"class_list":{"0":"post-15044","1":"product","2":"type-product","3":"status-publish","4":"has-post-thumbnail","6":"product_cat-nippeltrinker","7":"product_cat-nippeltrinker-de","8":"product_tag-aquaglobe-de","9":"product_tag-bit-ball-nippel","10":"product_tag-brustwarzen-beissen","11":"product_tag-trinknippel","12":"product_tag-auslaufen","14":"first","15":"instock","16":"taxable","17":"shipping-taxable","18":"purchasable","19":"product-type-simple"},"_links":{"self":[{"href":"https:\/\/www.vewitechniek.nl\/de\/wp-json\/wp\/v2\/product\/15044","targetHints":{"allow":["GET"]}}],"collection":[{"href":"https:\/\/www.vewitechniek.nl\/de\/wp-json\/wp\/v2\/product"}],"about":[{"href":"https:\/\/www.vewitechniek.nl\/de\/wp-json\/wp\/v2\/types\/product"}],"replies":[{"embeddable":true,"href":"https:\/\/www.vewitechniek.nl\/de\/wp-json\/wp\/v2\/comments?post=15044"}],"wp:featuredmedia":[{"embeddable":true,"href":"https:\/\/www.vewitechniek.nl\/de\/wp-json\/wp\/v2\/media\/5314"}],"wp:attachment":[{"href":"https:\/\/www.vewitechniek.nl\/de\/wp-json\/wp\/v2\/media?parent=15044"}],"wp:term":[{"taxonomy":"product_brand","embeddable":true,"href":"https:\/\/www.vewitechniek.nl\/de\/wp-json\/wp\/v2\/product_brand?post=15044"},{"taxonomy":"product_cat","embeddable":true,"href":"https:\/\/www.vewitechniek.nl\/de\/wp-json\/wp\/v2\/product_cat?post=15044"},{"taxonomy":"product_tag","embeddable":true,"href":"https:\/\/www.vewitechniek.nl\/de\/wp-json\/wp\/v2\/product_tag?post=15044"}],"curies":[{"name":"wp","href":"https:\/\/api.w.org\/{rel}","templated":true}]}}