{"id":15045,"date":"2018-06-21T18:59:03","date_gmt":"2025-08-12T08:37:47","guid":{"rendered":"https:\/\/www.vewitechniek.nl\/product\/traenkenippel-edelstahl-venke-1-2-aussengewinde-3-loch-spruehnippel-einstellbarer-durchlass\/"},"modified":"2025-08-12T09:37:54","modified_gmt":"2025-08-12T08:37:54","slug":"traenkenippel-edelstahl-venke-1-2-aussengewinde-3-loch-spruehnippel-einstellbarer-durchlass","status":"publish","type":"product","link":"https:\/\/www.vewitechniek.nl\/de\/produkt\/traenkenippel-edelstahl-venke-1-2-aussengewinde-3-loch-spruehnippel-einstellbarer-durchlass\/","title":{"rendered":"Tr\u00e4nkenippel Edelstahl Venke 1\/2&#8243; Au\u00dfengewinde 3-Loch-Spr\u00fchnippel (einstellbarer Durchlass)"},"content":{"rendered":"<div class=\"fusion-fullwidth fullwidth-box fusion-builder-row-1 fusion-flex-container nonhundred-percent-fullwidth non-hundred-percent-height-scrolling\" style=\"--awb-border-radius-top-left:0px;--awb-border-radius-top-right:0px;--awb-border-radius-bottom-right:0px;--awb-border-radius-bottom-left:0px;--awb-flex-wrap:wrap;\" ><div class=\"fusion-builder-row fusion-row fusion-flex-align-items-flex-start fusion-flex-content-wrap\" style=\"max-width:1331.2px;margin-left: calc(-4% \/ 2 );margin-right: calc(-4% \/ 2 );\"><div class=\"fusion-layout-column fusion_builder_column fusion-builder-column-0 fusion_builder_column_1_1 1_1 fusion-flex-column\" style=\"--awb-bg-size:cover;--awb-width-large:100%;--awb-margin-top-large:0px;--awb-spacing-right-large:1.92%;--awb-margin-bottom-large:0px;--awb-spacing-left-large:1.92%;--awb-width-medium:100%;--awb-spacing-right-medium:1.92%;--awb-spacing-left-medium:1.92%;--awb-width-small:100%;--awb-spacing-right-small:1.92%;--awb-spacing-left-small:1.92%;\"><div class=\"fusion-column-wrapper fusion-flex-justify-content-flex-start fusion-content-layout-column\"><div class=\"fusion-text fusion-text-1\"><hr>\n<p><strong> <\/strong><\/p>\n<hr>\n<\/div><\/div><\/div><\/div><\/div>\n","protected":false},"excerpt":{"rendered":"<p>Der Tr\u00e4nkenippel ist mit einem einstellbaren Durchlass ausgestattet.<br \/>\nWir k\u00f6nnen diesen Tr\u00e4nkenippel mit einem automatischen Durchflussregler ausstatten.<br \/>\nAlle unsere Tr\u00e4nkenippel sind mit s\u00e4urebest\u00e4ndigen Dichtungen und einer Edelstahlfeder ausgestattet.<\/p>\n","protected":false},"featured_media":5302,"comment_status":"closed","ping_status":"closed","template":"","meta":[],"product_brand":[],"product_cat":[308,318],"product_tag":[615,676,730,732,748,841,869,904],"class_list":{"0":"post-15045","1":"product","2":"type-product","3":"status-publish","4":"has-post-thumbnail","6":"product_cat-nippeltrinker","7":"product_cat-nippeltrinker-de","8":"product_tag-aquaglobe-de","9":"product_tag-3-loch-de","10":"product_tag-bit-ball-nippel","11":"product_tag-brustwarzen-beissen","12":"product_tag-trinknippel","13":"product_tag-spruehnippel","14":"product_tag-auslaufen","15":"product_tag-sauen-nippel","17":"first","18":"instock","19":"taxable","20":"shipping-taxable","21":"purchasable","22":"product-type-simple"},"_links":{"self":[{"href":"https:\/\/www.vewitechniek.nl\/de\/wp-json\/wp\/v2\/product\/15045","targetHints":{"allow":["GET"]}}],"collection":[{"href":"https:\/\/www.vewitechniek.nl\/de\/wp-json\/wp\/v2\/product"}],"about":[{"href":"https:\/\/www.vewitechniek.nl\/de\/wp-json\/wp\/v2\/types\/product"}],"replies":[{"embeddable":true,"href":"https:\/\/www.vewitechniek.nl\/de\/wp-json\/wp\/v2\/comments?post=15045"}],"wp:featuredmedia":[{"embeddable":true,"href":"https:\/\/www.vewitechniek.nl\/de\/wp-json\/wp\/v2\/media\/5302"}],"wp:attachment":[{"href":"https:\/\/www.vewitechniek.nl\/de\/wp-json\/wp\/v2\/media?parent=15045"}],"wp:term":[{"taxonomy":"product_brand","embeddable":true,"href":"https:\/\/www.vewitechniek.nl\/de\/wp-json\/wp\/v2\/product_brand?post=15045"},{"taxonomy":"product_cat","embeddable":true,"href":"https:\/\/www.vewitechniek.nl\/de\/wp-json\/wp\/v2\/product_cat?post=15045"},{"taxonomy":"product_tag","embeddable":true,"href":"https:\/\/www.vewitechniek.nl\/de\/wp-json\/wp\/v2\/product_tag?post=15045"}],"curies":[{"name":"wp","href":"https:\/\/api.w.org\/{rel}","templated":true}]}}